{"id":19496,"date":"2025-12-16T13:31:35","date_gmt":"2025-12-16T11:31:35","guid":{"rendered":"https:\/\/store.astieks.com\/product\/danhera-kera-gift-box-gold-trio\/"},"modified":"2025-12-16T13:31:35","modified_gmt":"2025-12-16T11:31:35","slug":"danhera-kera-gift-box-gold-trio","status":"publish","type":"product","link":"https:\/\/store.astieks.com\/et\/product\/danhera-kera-gift-box-gold-trio\/","title":{"rendered":"Danhera KERA Kingituskarp Gold Trio"},"content":{"rendered":"<p>Impero s\u00e4rab kullas. Sellest hinnalisest laekast t\u00f5usevad legendaarsete l\u00f5hnade maailmad, mis t\u00e4idavad ruumi, s\u00fc\u00fctavad esemete kuma ja muudavad aja puhtaks tundeks. Legendaarne l\u00f5hn ja kuldne aare \u2013 kingitus, mis puudutab s\u00fcdant ja j\u00e4\u00e4b m\u00e4lestuseks.  <\/p>\n<p>Rafineeritud musta ja kuldse tooniga kingituskarp, eriv\u00e4ljaanne Danhera legendaarsete l\u00f5hnadega \u2013 see k\u00e4tkeb endas parf\u00fc\u00fcmikunsti ja kinkimise maagia. Iga l\u00f5hn on jutustus, mida kinkida, jagada ja taaselada: hingus, mis kaunistab atmosf\u00e4\u00e4ri, puudutus, mis j\u00e4\u00e4b m\u00e4lestuse pinnale. Gold Treasure austab l\u00f5hnadekoori armastajaid \u017eestiga, mis on loodud \u00fcllatama, liigutama ja kestma \u2013 ilu, mis s\u00e4rab, kuld, mis kaitseb, olemus, mis muutub stiiliks.  <\/p>\n<p><strong>Trio kingituskarp sisaldab:<\/strong><\/p>\n<ul>\n<li>Impero Gold mini dekanter 125 ml<\/li>\n<li>T\u00e4itepudel 250 ml<\/li>\n<li>Looduslik sprai 50 ml<\/li>\n<\/ul>\n<p>Danhera. Kui parf\u00fc\u00fcmist saab stiil ja kingitusest legend. <\/p>\n<p>Tipunoodid: t\u00fcberoos, kirss \u2013 must kirss, jasmiin sambac, must pipar<\/p>\n<p>S\u00fcdamenoodid: ambroksaan, oudipuu, must tee<\/p>\n<p>P\u00f5hjanoodid: sandlipuu, muskus, merevaik, pat\u0161uli<\/p>\n","protected":false},"excerpt":{"rendered":"<p>Impero s\u00e4rab kullas. Sellest hinnalisest laekast t\u00f5usevad legendaarsete l\u00f5hnade maailmad, mis t\u00e4idavad ruumi, s\u00fc\u00fctavad esemete kuma ja muudavad aja puhtaks tundeks. Legendaarne l\u00f5hn ja kuldne aare \u2013 kingitus, mis puudutab s\u00fcdant ja j\u00e4\u00e4b m\u00e4lestuseks. Rafineeritud musta ja kuldse tooniga kingituskarp, eriv\u00e4ljaanne Danhera legendaarsete l\u00f5hnadega \u2013 see k\u00e4tkeb endas parf\u00fc\u00fcmikunsti ja kinkimise maagia. Iga l\u00f5hn on&#8230;<\/p>\n","protected":false},"featured_media":19473,"template":"","meta":{"_acf_changed":false},"product_brand":[483],"product_cat":[457,253,639,243,245],"product_tag":[],"class_list":{"0":"post-19496","1":"product","2":"type-product","3":"status-publish","4":"has-post-thumbnail","6":"product_brand-danhera-et","7":"product_cat-christmass-time-et","8":"product_cat-difuuserid","9":"product_cat-karp","10":"product_cat-kingitused","11":"product_cat-kodulohnad","12":"nt-post-class","13":"","16":"excerpt-none","19":"first","20":"instock","21":"taxable","22":"shipping-taxable","23":"purchasable","24":"product-type-simple"},"acf":[],"_links":{"self":[{"href":"https:\/\/store.astieks.com\/et\/wp-json\/wp\/v2\/product\/19496","targetHints":{"allow":["GET"]}}],"collection":[{"href":"https:\/\/store.astieks.com\/et\/wp-json\/wp\/v2\/product"}],"about":[{"href":"https:\/\/store.astieks.com\/et\/wp-json\/wp\/v2\/types\/product"}],"version-history":[{"count":0,"href":"https:\/\/store.astieks.com\/et\/wp-json\/wp\/v2\/product\/19496\/revisions"}],"wp:featuredmedia":[{"embeddable":true,"href":"https:\/\/store.astieks.com\/et\/wp-json\/wp\/v2\/media\/19473"}],"wp:attachment":[{"href":"https:\/\/store.astieks.com\/et\/wp-json\/wp\/v2\/media?parent=19496"}],"wp:term":[{"taxonomy":"product_brand","embeddable":true,"href":"https:\/\/store.astieks.com\/et\/wp-json\/wp\/v2\/product_brand?post=19496"},{"taxonomy":"product_cat","embeddable":true,"href":"https:\/\/store.astieks.com\/et\/wp-json\/wp\/v2\/product_cat?post=19496"},{"taxonomy":"product_tag","embeddable":true,"href":"https:\/\/store.astieks.com\/et\/wp-json\/wp\/v2\/product_tag?post=19496"}],"curies":[{"name":"wp","href":"https:\/\/api.w.org\/{rel}","templated":true}]}}