{"id":19494,"date":"2025-12-16T14:03:13","date_gmt":"2025-12-16T12:03:13","guid":{"rendered":"https:\/\/store.astieks.com\/product\/danhera-aenigma-gift-box-luxury-gold-medium\/"},"modified":"2025-12-16T14:03:13","modified_gmt":"2025-12-16T12:03:13","slug":"danhera-aenigma-gift-box-luxury-gold-medium","status":"publish","type":"product","link":"https:\/\/store.astieks.com\/et\/product\/danhera-aenigma-gift-box-luxury-gold-medium\/","title":{"rendered":"Danhera AENIGMA Kingituskarp Luxury Gold Medium"},"content":{"rendered":"<p>Tempel-laegas, kus luksus muutub olemuseks. Must ja kuldne, skulptuurne, loodud kaitsma meie legendaarsete l\u00f5hnade m\u00fc\u00fcti. Selle avamine on rituaal: kuldne valgus s\u00fcttib, parf\u00fc\u00fcm astub lavale ja emotsioon j\u00e4\u00e4b m\u00e4llu.  <\/p>\n<p>Gift Box Luxury Medium on kui v\u00e4ike l\u00f5hnakunsti tempel. Puhtad jooned, arhitektuurne tasakaal, kesk\u00f6\u00f6must raamistamas sulakuld \u2014 skulptuur, mida imetleda juba enne avamist. Kaas t\u00f5useb nagu baldahhiin, paljastades hinnalise aluse: Impero Gold dekanter kerkib kui helendav obelisk, selle k\u00f5rval looduslik pihusti \u2013 kaks veetlevat elementi, mis jutustavad \u017eesti ilust ja parf\u00fc\u00fcmi v\u00e4est.  <\/p>\n<p>Danhera legendaarsete l\u00f5hnadega t\u00e4idetud eriv\u00e4ljaanne muudab karbi kollektsioneeritavaks kunstiteoseks.<br \/>Puudutusel: sametiselt matt pealispind, mida kaunistavad kuldsed aktsendid.<br \/>Silmale: peegeldused, mis \u00e4ratavad k\u00f5ik enda \u00fcmber.<br \/>Saaja kogeb esmalt imetlust, siis aukartust, l\u00f5puks t\u00e4nutunnet \u2013 kingitus, mis on loodud imetlemiseks, nautimiseks ja meenutamiseks.<br \/>P\u00e4rast avamisrituaali j\u00e4\u00e4b karp alles kui sisustuselement \u2013 diskreetne altar, kus parf\u00fc\u00fcm j\u00e4tkab meelte v\u00f5lumist.    <\/p>\n<p>Gift Box Luxury Medium sisaldab:<\/p>\n<ul>\n<li>Impero Gold keskmine dekanter 250 ml<\/li>\n<li>Professionaalne pihusti 250 ml<\/li>\n<\/ul>\n<p>Danhera. Kui parf\u00fc\u00fcmist saab stiil ja kingitusest legend. <\/p>\n<p>Tipunoodid: Bulgaaria roos, gardenia, tiigiliiliad, koirohi<\/p>\n<p>S\u00fcdamenoodid: tubakas, nahk, must merevaik, oud, ilang-ilang, intensiivsed v\u00fcrtsid, tonka uba<\/p>\n<p>P\u00f5hjanoodid: pat\u0161uli, must merevaik, muskus, vaniljeoad, ka\u0161miiripuu<\/p>\n","protected":false},"excerpt":{"rendered":"<p>Tempel-laegas, kus luksus muutub olemuseks. Must ja kuldne, skulptuurne, loodud kaitsma meie legendaarsete l\u00f5hnade m\u00fc\u00fcti. Selle avamine on rituaal: kuldne valgus s\u00fcttib, parf\u00fc\u00fcm astub lavale ja emotsioon j\u00e4\u00e4b m\u00e4llu. Gift Box Luxury Medium on kui v\u00e4ike l\u00f5hnakunsti tempel. Puhtad jooned, arhitektuurne tasakaal, kesk\u00f6\u00f6must raamistamas sulakuld \u2014 skulptuur, mida imetleda juba enne avamist. Kaas t\u00f5useb nagu&#8230;<\/p>\n","protected":false},"featured_media":19482,"template":"","meta":{"_acf_changed":false},"product_brand":[483],"product_cat":[457,243,245],"product_tag":[],"class_list":{"0":"post-19494","1":"product","2":"type-product","3":"status-publish","4":"has-post-thumbnail","6":"product_brand-danhera-et","7":"product_cat-christmass-time-et","8":"product_cat-kingitused","9":"product_cat-kodulohnad","10":"nt-post-class","11":"","14":"excerpt-none","17":"first","18":"instock","19":"taxable","20":"shipping-taxable","21":"purchasable","22":"product-type-simple"},"acf":[],"_links":{"self":[{"href":"https:\/\/store.astieks.com\/et\/wp-json\/wp\/v2\/product\/19494","targetHints":{"allow":["GET"]}}],"collection":[{"href":"https:\/\/store.astieks.com\/et\/wp-json\/wp\/v2\/product"}],"about":[{"href":"https:\/\/store.astieks.com\/et\/wp-json\/wp\/v2\/types\/product"}],"version-history":[{"count":0,"href":"https:\/\/store.astieks.com\/et\/wp-json\/wp\/v2\/product\/19494\/revisions"}],"wp:featuredmedia":[{"embeddable":true,"href":"https:\/\/store.astieks.com\/et\/wp-json\/wp\/v2\/media\/19482"}],"wp:attachment":[{"href":"https:\/\/store.astieks.com\/et\/wp-json\/wp\/v2\/media?parent=19494"}],"wp:term":[{"taxonomy":"product_brand","embeddable":true,"href":"https:\/\/store.astieks.com\/et\/wp-json\/wp\/v2\/product_brand?post=19494"},{"taxonomy":"product_cat","embeddable":true,"href":"https:\/\/store.astieks.com\/et\/wp-json\/wp\/v2\/product_cat?post=19494"},{"taxonomy":"product_tag","embeddable":true,"href":"https:\/\/store.astieks.com\/et\/wp-json\/wp\/v2\/product_tag?post=19494"}],"curies":[{"name":"wp","href":"https:\/\/api.w.org\/{rel}","templated":true}]}}