{"id":19446,"date":"2025-09-27T12:52:14","date_gmt":"2025-09-27T10:52:14","guid":{"rendered":"https:\/\/store.astieks.com\/product\/toms-drag-bull-el-toro-s\/"},"modified":"2026-03-24T17:25:12","modified_gmt":"2026-03-24T15:25:12","slug":"toms-drag-bull-el-toro-s","status":"publish","type":"product","link":"https:\/\/store.astieks.com\/et\/product\/toms-drag-bull-el-toro-s\/","title":{"rendered":"TOM&#8217;S DRAG Bull &#8220;El Toro&#8221; S"},"content":{"rendered":"<p>V\u00f5luv ja ekstsentriline pull \u201cEl Toro\u201d on t\u00f5eline Tom\u2019s Drag.<br data-start=\"112\" data-end=\"115\">Tema fantastilise kost\u00fc\u00fcmi eksootiliselt m\u00e4ngulised ornamentid teevad temast nagu karnevaliparaadiks riietatud ja ta s\u00e4rab vikerkaarev\u00e4rvides.<\/p>\n<p>&nbsp;<\/p>\n","protected":false},"excerpt":{"rendered":"<p>Ohutusteade: Ainult siseruumides dekoratiivseks kasutamiseks.<\/p>\n","protected":false},"featured_media":17991,"template":"","meta":{"_acf_changed":false},"product_brand":[649],"product_cat":[243,238],"product_tag":[],"class_list":{"0":"post-19446","1":"product","2":"type-product","3":"status-publish","4":"has-post-thumbnail","6":"product_brand-toms-drag","7":"product_cat-kingitused","8":"product_cat-kodu-kaunistused","9":"nt-post-class","10":"","16":"first","17":"instock","18":"taxable","19":"shipping-taxable","20":"purchasable","21":"product-type-simple"},"acf":[],"_links":{"self":[{"href":"https:\/\/store.astieks.com\/et\/wp-json\/wp\/v2\/product\/19446","targetHints":{"allow":["GET"]}}],"collection":[{"href":"https:\/\/store.astieks.com\/et\/wp-json\/wp\/v2\/product"}],"about":[{"href":"https:\/\/store.astieks.com\/et\/wp-json\/wp\/v2\/types\/product"}],"version-history":[{"count":1,"href":"https:\/\/store.astieks.com\/et\/wp-json\/wp\/v2\/product\/19446\/revisions"}],"predecessor-version":[{"id":20290,"href":"https:\/\/store.astieks.com\/et\/wp-json\/wp\/v2\/product\/19446\/revisions\/20290"}],"wp:featuredmedia":[{"embeddable":true,"href":"https:\/\/store.astieks.com\/et\/wp-json\/wp\/v2\/media\/17991"}],"wp:attachment":[{"href":"https:\/\/store.astieks.com\/et\/wp-json\/wp\/v2\/media?parent=19446"}],"wp:term":[{"taxonomy":"product_brand","embeddable":true,"href":"https:\/\/store.astieks.com\/et\/wp-json\/wp\/v2\/product_brand?post=19446"},{"taxonomy":"product_cat","embeddable":true,"href":"https:\/\/store.astieks.com\/et\/wp-json\/wp\/v2\/product_cat?post=19446"},{"taxonomy":"product_tag","embeddable":true,"href":"https:\/\/store.astieks.com\/et\/wp-json\/wp\/v2\/product_tag?post=19446"}],"curies":[{"name":"wp","href":"https:\/\/api.w.org\/{rel}","templated":true}]}}