{"id":19420,"date":"2025-09-27T13:21:06","date_gmt":"2025-09-27T11:21:06","guid":{"rendered":"https:\/\/store.astieks.com\/product\/toms-drag-doormat-andrew\/"},"modified":"2026-03-24T17:23:36","modified_gmt":"2026-03-24T15:23:36","slug":"toms-drag-doormat-andrew","status":"publish","type":"product","link":"https:\/\/store.astieks.com\/et\/product\/toms-drag-doormat-andrew\/","title":{"rendered":"TOM&#8217;S DRAG Uksematt &#8220;Andrew&#8221;"},"content":{"rendered":"<p data-start=\"122\" data-end=\"279\">Uksematid Tom\u2019s Dragi disainis. Need k\u00f5rgekvaliteedilised tr\u00fckitud matid \u00fchendavad suurep\u00e4rase t\u00f6\u00f6tluse ja pika vastupidavuse. Need lisavad igale ruumile ainulaadset v\u00f5lu.  <\/p>\n<p data-start=\"281\" data-end=\"420\">Matte v\u00f5ib pesta kuni 60 \u00b0C juures ning kuivatada kuni 90 \u00b0C, mist\u00f5ttu sobivad need h\u00e4sti allergikutele ja lemmikloomaomanikele.<\/p>\n<p data-start=\"422\" data-end=\"629\">Kleen-Texi wash+dry mudelitel on pol\u00fcamiidist pealispind ja 100% nitriilkummist tagus. Need on lihtsasti hooldatavad, eriti \u00f5hukesed ja tiheda struktuuriga, heli neelavad ja libisemiskindlad. <\/p>\n","protected":false},"excerpt":{"rendered":"<p>Uksematid Tom\u2019s Dragi disainis. Need k\u00f5rgekvaliteedilised tr\u00fckitud matid \u00fchendavad suurep\u00e4rase t\u00f6\u00f6tluse ja pika vastupidavuse. Need lisavad igale ruumile ainulaadset v\u00f5lu. Matte v\u00f5ib pesta kuni 60 \u00b0C juures ning kuivatada kuni 90 \u00b0C, mist\u00f5ttu sobivad need h\u00e4sti allergikutele ja lemmikloomaomanikele. Kleen-Texi wash+dry mudelitel on pol\u00fcamiidist pealispind ja 100% nitriilkummist tagus. Need on lihtsasti hooldatavad, eriti \u00f5hukesed&#8230;<\/p>\n","protected":false},"featured_media":18000,"template":"","meta":{"_acf_changed":false},"product_brand":[649],"product_cat":[243,238,259],"product_tag":[],"class_list":{"0":"post-19420","1":"product","2":"type-product","3":"status-publish","4":"has-post-thumbnail","6":"product_brand-toms-drag","7":"product_cat-kingitused","8":"product_cat-kodu-kaunistused","9":"product_cat-kodutekstiil","10":"nt-post-class","11":"","14":"excerpt-none","17":"first","18":"instock","19":"taxable","20":"shipping-taxable","21":"purchasable","22":"product-type-simple"},"acf":[],"_links":{"self":[{"href":"https:\/\/store.astieks.com\/et\/wp-json\/wp\/v2\/product\/19420","targetHints":{"allow":["GET"]}}],"collection":[{"href":"https:\/\/store.astieks.com\/et\/wp-json\/wp\/v2\/product"}],"about":[{"href":"https:\/\/store.astieks.com\/et\/wp-json\/wp\/v2\/types\/product"}],"version-history":[{"count":2,"href":"https:\/\/store.astieks.com\/et\/wp-json\/wp\/v2\/product\/19420\/revisions"}],"predecessor-version":[{"id":20288,"href":"https:\/\/store.astieks.com\/et\/wp-json\/wp\/v2\/product\/19420\/revisions\/20288"}],"wp:featuredmedia":[{"embeddable":true,"href":"https:\/\/store.astieks.com\/et\/wp-json\/wp\/v2\/media\/18000"}],"wp:attachment":[{"href":"https:\/\/store.astieks.com\/et\/wp-json\/wp\/v2\/media?parent=19420"}],"wp:term":[{"taxonomy":"product_brand","embeddable":true,"href":"https:\/\/store.astieks.com\/et\/wp-json\/wp\/v2\/product_brand?post=19420"},{"taxonomy":"product_cat","embeddable":true,"href":"https:\/\/store.astieks.com\/et\/wp-json\/wp\/v2\/product_cat?post=19420"},{"taxonomy":"product_tag","embeddable":true,"href":"https:\/\/store.astieks.com\/et\/wp-json\/wp\/v2\/product_tag?post=19420"}],"curies":[{"name":"wp","href":"https:\/\/api.w.org\/{rel}","templated":true}]}}