{"id":19399,"date":"2025-08-22T12:49:11","date_gmt":"2025-08-22T10:49:11","guid":{"rendered":"https:\/\/store.astieks.com\/product\/100-points-wine-decanter\/"},"modified":"2025-08-22T12:49:11","modified_gmt":"2025-08-22T10:49:11","slug":"100-points-wine-decanter","status":"publish","type":"product","link":"https:\/\/store.astieks.com\/et\/product\/100-points-wine-decanter\/","title":{"rendered":"LALIQUE 100 POINTS dekanter"},"content":{"rendered":"<ul>\n<li>L\u00e4bipaistev kristall<\/li>\n<li>M\u00f5\u00f5tmed: K 22,2 \u00d7 D 14,5 cm Mahutavus: 100 cl <\/li>\n<li>Kaal: 1,408 kg<\/li>\n<li>Koost\u00f6\u00f6: James Suckling &amp; Lalique<\/li>\n<li>K\u00e4sitsi valmistatud Prantsusmaal<\/li>\n<\/ul>\n","protected":false},"excerpt":{"rendered":"<p>100 POINTS kollektsioon on rahvusvaheliselt tuntud veinikriitiku James Sucklingu ja Lalique\u2019i \u00fchine loom\u00ading.<br \/>T\u00e4nu oma ainulaadsele kujule ja universaalsele l\u00e4henemisele veini nautimisele on 100 POINTS kollektsiooni klaasid loodud esile tooma ja nautima k\u00f5iki veinisorte, \u0161ampanjat ja kangemaid alkohoolseid jooke.<\/p>\n","protected":false},"featured_media":15095,"template":"","meta":{"_acf_changed":false},"product_brand":[647],"product_cat":[268,278],"product_tag":[],"class_list":{"0":"post-19399","1":"product","2":"type-product","3":"status-publish","4":"has-post-thumbnail","6":"product_brand-lalique","7":"product_cat-lauanoud","8":"product_cat-vein","9":"nt-post-class","10":"","16":"first","17":"instock","18":"taxable","19":"shipping-taxable","20":"purchasable","21":"product-type-simple"},"acf":[],"_links":{"self":[{"href":"https:\/\/store.astieks.com\/et\/wp-json\/wp\/v2\/product\/19399","targetHints":{"allow":["GET"]}}],"collection":[{"href":"https:\/\/store.astieks.com\/et\/wp-json\/wp\/v2\/product"}],"about":[{"href":"https:\/\/store.astieks.com\/et\/wp-json\/wp\/v2\/types\/product"}],"version-history":[{"count":0,"href":"https:\/\/store.astieks.com\/et\/wp-json\/wp\/v2\/product\/19399\/revisions"}],"wp:featuredmedia":[{"embeddable":true,"href":"https:\/\/store.astieks.com\/et\/wp-json\/wp\/v2\/media\/15095"}],"wp:attachment":[{"href":"https:\/\/store.astieks.com\/et\/wp-json\/wp\/v2\/media?parent=19399"}],"wp:term":[{"taxonomy":"product_brand","embeddable":true,"href":"https:\/\/store.astieks.com\/et\/wp-json\/wp\/v2\/product_brand?post=19399"},{"taxonomy":"product_cat","embeddable":true,"href":"https:\/\/store.astieks.com\/et\/wp-json\/wp\/v2\/product_cat?post=19399"},{"taxonomy":"product_tag","embeddable":true,"href":"https:\/\/store.astieks.com\/et\/wp-json\/wp\/v2\/product_tag?post=19399"}],"curies":[{"name":"wp","href":"https:\/\/api.w.org\/{rel}","templated":true}]}}