{"id":19398,"date":"2025-08-22T13:34:06","date_gmt":"2025-08-22T11:34:06","guid":{"rendered":"https:\/\/store.astieks.com\/product\/100-points-decanter\/"},"modified":"2026-04-17T17:29:40","modified_gmt":"2026-04-17T15:29:40","slug":"100-points-decanter","status":"publish","type":"product","link":"https:\/\/store.astieks.com\/et\/product\/100-points-decanter\/","title":{"rendered":"LALIQUE 100 POINTS decanter"},"content":{"rendered":"<ul>\n<li>L\u00e4bipaistev kristall<\/li>\n<li>M\u00f5\u00f5tmed: K 22,2 \u00d7 D 11,5 cm Mahutavus: 72 cl <\/li>\n<li>Koost\u00f6\u00f6: James Suckling &amp; Lalique<\/li>\n<li>K\u00e4sitsi valmistatud Prantsusmaal<\/li>\n<\/ul>\n","protected":false},"excerpt":{"rendered":"<p><em><strong>100 POINTS by James Suckling, l\u00e4bipaistev kristall<\/strong><\/em><\/p>\n<p>100 POINTS kollektsioon on rahvusvaheliselt tuntud veinikriitiku James Sucklingu ja Lalique\u2019i \u00fchine loom\u00ading.<\/p>\n<p>T\u00e4nu oma ainulaadsele kujule ja universaalsele l\u00e4henemisele on 100 POINTS kollektsiooni klaasid loodud esile tooma ja nautima k\u00f5iki veinisorte, \u0161ampanjat ja kangemaid alkohoolseid jooke.<\/p>\n<p class=\" \"><em><strong>Inspiratsioon<\/strong><\/em><\/p>\n<div class=\"rte left\">\n<p>Viide 100-punktilisele veinihindamise skaalale \u2014 kollektsioon \u00fchendab meelte naudingu ja kaasaegse disaini: kristall, mille on puhunud meistriklaasipuhujad, k\u00f5rge satiinse viimistlusega jalg ja uuesti poleeritud kristall. Need klaasid peegeldavad Lalique\u2019i erakordset stiili. <\/p>\n<\/div>\n","protected":false},"featured_media":15111,"template":"","meta":{"_acf_changed":false},"product_brand":[647],"product_cat":[273,268,278,703],"product_tag":[],"class_list":{"0":"post-19398","1":"product","2":"type-product","3":"status-publish","4":"has-post-thumbnail","6":"product_brand-lalique","7":"product_cat-klaasnoud","8":"product_cat-lauanoud","9":"product_cat-vein","10":"product_cat-vesi","11":"nt-post-class","12":"","18":"first","19":"instock","20":"taxable","21":"shipping-taxable","22":"purchasable","23":"product-type-simple"},"acf":[],"_links":{"self":[{"href":"https:\/\/store.astieks.com\/et\/wp-json\/wp\/v2\/product\/19398","targetHints":{"allow":["GET"]}}],"collection":[{"href":"https:\/\/store.astieks.com\/et\/wp-json\/wp\/v2\/product"}],"about":[{"href":"https:\/\/store.astieks.com\/et\/wp-json\/wp\/v2\/types\/product"}],"version-history":[{"count":1,"href":"https:\/\/store.astieks.com\/et\/wp-json\/wp\/v2\/product\/19398\/revisions"}],"predecessor-version":[{"id":21125,"href":"https:\/\/store.astieks.com\/et\/wp-json\/wp\/v2\/product\/19398\/revisions\/21125"}],"wp:featuredmedia":[{"embeddable":true,"href":"https:\/\/store.astieks.com\/et\/wp-json\/wp\/v2\/media\/15111"}],"wp:attachment":[{"href":"https:\/\/store.astieks.com\/et\/wp-json\/wp\/v2\/media?parent=19398"}],"wp:term":[{"taxonomy":"product_brand","embeddable":true,"href":"https:\/\/store.astieks.com\/et\/wp-json\/wp\/v2\/product_brand?post=19398"},{"taxonomy":"product_cat","embeddable":true,"href":"https:\/\/store.astieks.com\/et\/wp-json\/wp\/v2\/product_cat?post=19398"},{"taxonomy":"product_tag","embeddable":true,"href":"https:\/\/store.astieks.com\/et\/wp-json\/wp\/v2\/product_tag?post=19398"}],"curies":[{"name":"wp","href":"https:\/\/api.w.org\/{rel}","templated":true}]}}