{"id":19397,"date":"2025-08-22T14:36:44","date_gmt":"2025-08-22T12:36:44","guid":{"rendered":"https:\/\/store.astieks.com\/product\/cactus-perfume-bottle\/"},"modified":"2025-12-03T14:11:00","modified_gmt":"2025-12-03T12:11:00","slug":"cactus-perfume-bottle","status":"publish","type":"product","link":"https:\/\/store.astieks.com\/et\/product\/cactus-perfume-bottle\/","title":{"rendered":"LALIQUE Cactus l\u00f5hnapudel"},"content":{"rendered":"<ul>\n<li>L\u00e4bipaistev kristall<\/li>\n<li>M\u00f5\u00f5tmed: K 9,7 cm Mahutavus: 16 cl <\/li>\n<li>Kaal: 0,25 kg<\/li>\n<li>K\u00e4sitsi valmistatud Prantsusmaal<\/li>\n<li>Originaalne disain: Ren\u00e9 Lalique, 1928<\/li>\n<\/ul>\n","protected":false},"excerpt":{"rendered":"<p>Lalique\u2019i l\u00f5hnapudelid on ajatuse elegantsi ja peene k\u00e4sit\u00f6\u00f6 s\u00fcmbol. Peaaegu sajandi jooksul on Lalique loonud erakordseid l\u00f5hnapudeleid, mis muudavad parf\u00fc\u00fcmi kasutamise unustamatuks kogemuseks. <\/p>\n","protected":false},"featured_media":15155,"template":"","meta":{"_acf_changed":false},"product_brand":[647],"product_cat":[243,238],"product_tag":[],"class_list":{"0":"post-19397","1":"product","2":"type-product","3":"status-publish","4":"has-post-thumbnail","6":"product_brand-lalique","7":"product_cat-kingitused","8":"product_cat-kodu-kaunistused","9":"nt-post-class","10":"","16":"first","17":"instock","18":"taxable","19":"shipping-taxable","20":"purchasable","21":"product-type-simple"},"acf":[],"_links":{"self":[{"href":"https:\/\/store.astieks.com\/et\/wp-json\/wp\/v2\/product\/19397","targetHints":{"allow":["GET"]}}],"collection":[{"href":"https:\/\/store.astieks.com\/et\/wp-json\/wp\/v2\/product"}],"about":[{"href":"https:\/\/store.astieks.com\/et\/wp-json\/wp\/v2\/types\/product"}],"version-history":[{"count":1,"href":"https:\/\/store.astieks.com\/et\/wp-json\/wp\/v2\/product\/19397\/revisions"}],"predecessor-version":[{"id":19400,"href":"https:\/\/store.astieks.com\/et\/wp-json\/wp\/v2\/product\/19397\/revisions\/19400"}],"wp:featuredmedia":[{"embeddable":true,"href":"https:\/\/store.astieks.com\/et\/wp-json\/wp\/v2\/media\/15155"}],"wp:attachment":[{"href":"https:\/\/store.astieks.com\/et\/wp-json\/wp\/v2\/media?parent=19397"}],"wp:term":[{"taxonomy":"product_brand","embeddable":true,"href":"https:\/\/store.astieks.com\/et\/wp-json\/wp\/v2\/product_brand?post=19397"},{"taxonomy":"product_cat","embeddable":true,"href":"https:\/\/store.astieks.com\/et\/wp-json\/wp\/v2\/product_cat?post=19397"},{"taxonomy":"product_tag","embeddable":true,"href":"https:\/\/store.astieks.com\/et\/wp-json\/wp\/v2\/product_tag?post=19397"}],"curies":[{"name":"wp","href":"https:\/\/api.w.org\/{rel}","templated":true}]}}