{"id":19396,"date":"2025-08-22T14:05:48","date_gmt":"2025-08-22T12:05:48","guid":{"rendered":"https:\/\/store.astieks.com\/product\/zeila-panther-large-sculpture\/"},"modified":"2025-08-22T14:05:48","modified_gmt":"2025-08-22T12:05:48","slug":"zeila-panther-large-sculpture","status":"publish","type":"product","link":"https:\/\/store.astieks.com\/et\/product\/zeila-panther-large-sculpture\/","title":{"rendered":"LALIQUE Zeila Pantheri suur skulptuur"},"content":{"rendered":"<ul>\n<li>Must kristall<\/li>\n<li>M\u00f5\u00f5tmed: K 11 \u00d7 P 36,5 \u00d7 L 7,5 cm<\/li>\n<li>Kaal: 2,6 kg<\/li>\n<li>K\u00e4sitsi valmistatud Prantsusmaal<\/li>\n<li>Originaalne disain: Marie-Claude Lalique, 1990<\/li>\n<\/ul>\n","protected":false},"excerpt":{"rendered":"<p><em><strong>Must kristall<\/strong><\/em><\/p>\n<p>Kerge ja sensuaalne, ta l\u00e4heneb hiilides, valmistudes r\u00fcnnakuks. Tema sale siluett on r\u00f5hutatud v\u00f5imsate lihastega, mida katab kristallist \u201ekarvkate\u201d, mis on vormitud tuhandetest helendavatest t\u00e4ppidest. Marie-Claude Lalique\u2019i loodud Zeila Paanter kehastab kassi j\u00f5udu ja graatsiat.  <\/p>\n","protected":false},"featured_media":15130,"template":"","meta":{"_acf_changed":false},"product_brand":[647],"product_cat":[238],"product_tag":[],"class_list":{"0":"post-19396","1":"product","2":"type-product","3":"status-publish","4":"has-post-thumbnail","6":"product_brand-lalique","7":"product_cat-kodu-kaunistused","8":"nt-post-class","9":"","15":"first","16":"instock","17":"taxable","18":"shipping-taxable","19":"purchasable","20":"product-type-simple"},"acf":[],"_links":{"self":[{"href":"https:\/\/store.astieks.com\/et\/wp-json\/wp\/v2\/product\/19396","targetHints":{"allow":["GET"]}}],"collection":[{"href":"https:\/\/store.astieks.com\/et\/wp-json\/wp\/v2\/product"}],"about":[{"href":"https:\/\/store.astieks.com\/et\/wp-json\/wp\/v2\/types\/product"}],"version-history":[{"count":0,"href":"https:\/\/store.astieks.com\/et\/wp-json\/wp\/v2\/product\/19396\/revisions"}],"wp:featuredmedia":[{"embeddable":true,"href":"https:\/\/store.astieks.com\/et\/wp-json\/wp\/v2\/media\/15130"}],"wp:attachment":[{"href":"https:\/\/store.astieks.com\/et\/wp-json\/wp\/v2\/media?parent=19396"}],"wp:term":[{"taxonomy":"product_brand","embeddable":true,"href":"https:\/\/store.astieks.com\/et\/wp-json\/wp\/v2\/product_brand?post=19396"},{"taxonomy":"product_cat","embeddable":true,"href":"https:\/\/store.astieks.com\/et\/wp-json\/wp\/v2\/product_cat?post=19396"},{"taxonomy":"product_tag","embeddable":true,"href":"https:\/\/store.astieks.com\/et\/wp-json\/wp\/v2\/product_tag?post=19396"}],"curies":[{"name":"wp","href":"https:\/\/api.w.org\/{rel}","templated":true}]}}