{"id":19368,"date":"2025-09-29T16:09:32","date_gmt":"2025-09-29T14:09:32","guid":{"rendered":"https:\/\/store.astieks.com\/product\/lalique-silex-bowl-small-size\/"},"modified":"2026-03-23T17:56:29","modified_gmt":"2026-03-23T15:56:29","slug":"lalique-silex-bowl-small-size","status":"publish","type":"product","link":"https:\/\/store.astieks.com\/et\/product\/lalique-silex-bowl-small-size\/","title":{"rendered":"LALIQUE Silex kauss, v\u00e4ike suurus"},"content":{"rendered":"<h3 class=\" \">Inspiration<\/h3>\n<div class=\"rte left\">\n<p id=\"isPasted\">Austusavaldus Maa olemusele, kus kaljude karm \u00f5rnus sosistab iidseid saladusi. Sel aastal kutsub Lalique teid avastama maastikke, mida on kujundanud sajandid. <\/p>\n<p>N\u00e4ilise vaikuse all avaneb Maa habras ilu, mida on vorminud vesi ja elementide hingus \u2013 koht, kus tugevus ja \u00f5rnus p\u00f5imuvad.<\/p>\n<p>Lalique toob selle elava m\u00e4lestuse esile uue kollektsiooniga: Terramineral Chapter 2.<\/p>\n<\/div>\n","protected":false},"excerpt":{"rendered":"<h3>Hall kristall<\/h3>\n<p>Silex \u2013 \u201eaja tahud\u201c<\/p>\n<p>Tuhandete aastate jooksul kujunenud r\u00e4nikivi kannab endas Maa iidset ajalugu. Nagu peidetud kalliskivi paljastab see ilu, mis on \u00fchtaegu tugev ja habras.<br \/>Iga tahk avab looduse pidevas liikumises \u2013 aeglaselt vormitud unikaalseteks ja ettearvamatuteks kujunditeks. Kareda ja sileda piiril peituv rikkalik tekstuur inspireeris Lalique\u2019i seda olemust kristalli j\u00e4\u00e4dvustama.<\/p>\n<p>Vaaside ja kausside kaudu kannab Lalique r\u00e4nikivi toore elegantsi \u00fcle rafineeritud loomingusse. Siidiselt matt viimistlus, kombineerituna mitmete t\u00f6\u00f6tlustega, m\u00e4ngib valguse, kontrastide ja peegeldustega.<br \/>\nIga ese on austusavaldus Maa elavale m\u00e4lule, kandes endas j\u00f5u ja poeetilise pehmuse tasakaalu. <\/p>\n","protected":false},"featured_media":18239,"template":"","meta":{"_acf_changed":false},"product_brand":[647],"product_cat":[479,243,238],"product_tag":[],"class_list":{"0":"post-19368","1":"product","2":"type-product","3":"status-publish","4":"has-post-thumbnail","6":"product_brand-lalique","7":"product_cat-kauss","8":"product_cat-kingitused","9":"product_cat-kodu-kaunistused","10":"nt-post-class","11":"","17":"first","18":"instock","19":"taxable","20":"shipping-taxable","21":"purchasable","22":"product-type-simple"},"acf":[],"_links":{"self":[{"href":"https:\/\/store.astieks.com\/et\/wp-json\/wp\/v2\/product\/19368","targetHints":{"allow":["GET"]}}],"collection":[{"href":"https:\/\/store.astieks.com\/et\/wp-json\/wp\/v2\/product"}],"about":[{"href":"https:\/\/store.astieks.com\/et\/wp-json\/wp\/v2\/types\/product"}],"version-history":[{"count":1,"href":"https:\/\/store.astieks.com\/et\/wp-json\/wp\/v2\/product\/19368\/revisions"}],"predecessor-version":[{"id":20211,"href":"https:\/\/store.astieks.com\/et\/wp-json\/wp\/v2\/product\/19368\/revisions\/20211"}],"wp:featuredmedia":[{"embeddable":true,"href":"https:\/\/store.astieks.com\/et\/wp-json\/wp\/v2\/media\/18239"}],"wp:attachment":[{"href":"https:\/\/store.astieks.com\/et\/wp-json\/wp\/v2\/media?parent=19368"}],"wp:term":[{"taxonomy":"product_brand","embeddable":true,"href":"https:\/\/store.astieks.com\/et\/wp-json\/wp\/v2\/product_brand?post=19368"},{"taxonomy":"product_cat","embeddable":true,"href":"https:\/\/store.astieks.com\/et\/wp-json\/wp\/v2\/product_cat?post=19368"},{"taxonomy":"product_tag","embeddable":true,"href":"https:\/\/store.astieks.com\/et\/wp-json\/wp\/v2\/product_tag?post=19368"}],"curies":[{"name":"wp","href":"https:\/\/api.w.org\/{rel}","templated":true}]}}