{"id":19365,"date":"2025-09-29T16:18:55","date_gmt":"2025-09-29T14:18:55","guid":{"rendered":"https:\/\/store.astieks.com\/product\/lalique-silex-small-vase\/"},"modified":"2025-11-28T16:18:26","modified_gmt":"2025-11-28T14:18:26","slug":"lalique-silex-small-vase","status":"publish","type":"product","link":"https:\/\/store.astieks.com\/et\/product\/lalique-silex-small-vase\/","title":{"rendered":"LALIQUE Silex V\u00e4ike Vaas Hall Kristall"},"content":{"rendered":"<p>K\u00e4sitsi valmistatud Prantsusmaal<\/p>\n","protected":false},"excerpt":{"rendered":"<h3>Hall Kristall<\/h3>\n<p>Silex \u2013 \u201eaja tahud\u201c<br \/>Tuhandete aastate jooksul kujunenud r\u00e4nikivi kannab endas Maa iidset ajalugu. Nagu peidetud kalliskivi paljastab see ilu, mis on \u00fchtaegu tugev ja habras.<br \/>\nIga tahk avab looduse pidevas liikumises \u2013 aeglaselt vormitud unikaalseteks ja ettearvamatuteks kujunditeks. Kareda ja sileda piiril peituv rikkalik tekstuur inspireeris Lalique\u2019i seda olemust kristalli j\u00e4\u00e4dvustama.  <\/p>\n<p>Vaaside ja kausside kaudu kannab Lalique r\u00e4nikivi toore elegantsi \u00fcle rafineeritud loomingusse. Siidiselt matt viimistlus, kombineerituna mitmete t\u00f6\u00f6tlustega, m\u00e4ngib valguse, kontrastide ja peegeldustega.<br \/>\nIga ese on austusavaldus Maa elavale m\u00e4lule, kandes endas j\u00f5u ja poeetilise pehmuse tasakaalu. <\/p>\n<p>&nbsp;<\/p>\n","protected":false},"featured_media":18255,"template":"","meta":{"_acf_changed":false},"product_brand":[647],"product_cat":[243,238,285,283],"product_tag":[],"class_list":{"0":"post-19365","1":"product","2":"type-product","3":"status-publish","4":"has-post-thumbnail","6":"product_brand-lalique","7":"product_cat-kingitused","8":"product_cat-kodu-kaunistused","9":"product_cat-kristall","10":"product_cat-vaasid","11":"nt-post-class","12":"","18":"first","19":"instock","20":"taxable","21":"shipping-taxable","22":"purchasable","23":"product-type-simple"},"acf":[],"_links":{"self":[{"href":"https:\/\/store.astieks.com\/et\/wp-json\/wp\/v2\/product\/19365","targetHints":{"allow":["GET"]}}],"collection":[{"href":"https:\/\/store.astieks.com\/et\/wp-json\/wp\/v2\/product"}],"about":[{"href":"https:\/\/store.astieks.com\/et\/wp-json\/wp\/v2\/types\/product"}],"version-history":[{"count":1,"href":"https:\/\/store.astieks.com\/et\/wp-json\/wp\/v2\/product\/19365\/revisions"}],"predecessor-version":[{"id":19367,"href":"https:\/\/store.astieks.com\/et\/wp-json\/wp\/v2\/product\/19365\/revisions\/19367"}],"wp:featuredmedia":[{"embeddable":true,"href":"https:\/\/store.astieks.com\/et\/wp-json\/wp\/v2\/media\/18255"}],"wp:attachment":[{"href":"https:\/\/store.astieks.com\/et\/wp-json\/wp\/v2\/media?parent=19365"}],"wp:term":[{"taxonomy":"product_brand","embeddable":true,"href":"https:\/\/store.astieks.com\/et\/wp-json\/wp\/v2\/product_brand?post=19365"},{"taxonomy":"product_cat","embeddable":true,"href":"https:\/\/store.astieks.com\/et\/wp-json\/wp\/v2\/product_cat?post=19365"},{"taxonomy":"product_tag","embeddable":true,"href":"https:\/\/store.astieks.com\/et\/wp-json\/wp\/v2\/product_tag?post=19365"}],"curies":[{"name":"wp","href":"https:\/\/api.w.org\/{rel}","templated":true}]}}