{"id":19362,"date":"2025-09-29T16:23:16","date_gmt":"2025-09-29T14:23:16","guid":{"rendered":"https:\/\/store.astieks.com\/product\/lalique-silex-small-vase-clear-crystal\/"},"modified":"2025-11-28T16:45:48","modified_gmt":"2025-11-28T14:45:48","slug":"lalique-silex-small-vase-clear-crystal","status":"publish","type":"product","link":"https:\/\/store.astieks.com\/et\/product\/lalique-silex-small-vase-clear-crystal\/","title":{"rendered":"LALIQUE Silex V\u00e4ike Vaas L\u00e4bipaistev Kristall"},"content":{"rendered":"<p class=\" \"><strong>Inspiration<\/strong><\/p>\n<p class=\" \"><span style=\"font-size: 16px;\">Austusavaldus Maa olemusele, kus kaljude karm \u00f5rnus sosistab iidseid saladusi. Sel aastal kutsub Lalique teid avastama maastikke, mida on kujundanud sajandid. <\/span><\/p>\n<div class=\"rte left\">\n<p>N\u00e4ilise vaikuse all avaneb Maa habras ilu, mida on vorminud vesi ja looduse hingus \u2013 koht, kus tugevus ja \u00f5rnus p\u00f5imuvad.<br \/>\nLalique toob selle elava m\u00e4lestuse esile uue kollektsiooniga: Terramineral Chapter 2.<\/p>\n<\/div>\n<p>K\u00e4sitsi valmistatud Prantsusmaal<\/p>\n","protected":false},"excerpt":{"rendered":"<h3>L\u00e4bipaistev Kristall<\/h3>\n<p>Silex \u2013 \u201eaja tahud\u201c<\/p>\n<p>Tuhandete aastate jooksul kujunenud r\u00e4nikivi kannab endas Maa iidset ajalugu. Nagu peidetud kalliskivi paljastab see ilu, mis on \u00fchtaegu tugev ja habras.<br \/>Iga tahk avab looduse pidevas liikumises \u2013 aeglaselt vormitud unikaalseteks ja ettearvamatuteks kujunditeks. Kareda ja sileda piiril peituv rikkalik tekstuur inspireeris Lalique\u2019i seda olemust kristalli j\u00e4\u00e4dvustama.<\/p>\n<p>Vaaside ja kausside kaudu kannab Lalique r\u00e4nikivi toore elegantsi \u00fcle rafineeritud loomingusse. Siidiselt matt viimistlus, kombineerituna mitmete t\u00f6\u00f6tlustega, m\u00e4ngib valguse, kontrastide ja peegeldustega.<br \/>\nIga ese on austusavaldus Maa elavale m\u00e4lule, kandes endas j\u00f5u ja poeetilise pehmuse tasakaalu. <\/p>\n<p>&nbsp;<\/p>\n","protected":false},"featured_media":18267,"template":"","meta":{"_acf_changed":false},"product_brand":[647],"product_cat":[243,238,285,283],"product_tag":[],"class_list":{"0":"post-19362","1":"product","2":"type-product","3":"status-publish","4":"has-post-thumbnail","6":"product_brand-lalique","7":"product_cat-kingitused","8":"product_cat-kodu-kaunistused","9":"product_cat-kristall","10":"product_cat-vaasid","11":"nt-post-class","12":"","18":"first","19":"instock","20":"taxable","21":"shipping-taxable","22":"purchasable","23":"product-type-simple"},"acf":[],"_links":{"self":[{"href":"https:\/\/store.astieks.com\/et\/wp-json\/wp\/v2\/product\/19362","targetHints":{"allow":["GET"]}}],"collection":[{"href":"https:\/\/store.astieks.com\/et\/wp-json\/wp\/v2\/product"}],"about":[{"href":"https:\/\/store.astieks.com\/et\/wp-json\/wp\/v2\/types\/product"}],"version-history":[{"count":3,"href":"https:\/\/store.astieks.com\/et\/wp-json\/wp\/v2\/product\/19362\/revisions"}],"predecessor-version":[{"id":19366,"href":"https:\/\/store.astieks.com\/et\/wp-json\/wp\/v2\/product\/19362\/revisions\/19366"}],"wp:featuredmedia":[{"embeddable":true,"href":"https:\/\/store.astieks.com\/et\/wp-json\/wp\/v2\/media\/18267"}],"wp:attachment":[{"href":"https:\/\/store.astieks.com\/et\/wp-json\/wp\/v2\/media?parent=19362"}],"wp:term":[{"taxonomy":"product_brand","embeddable":true,"href":"https:\/\/store.astieks.com\/et\/wp-json\/wp\/v2\/product_brand?post=19362"},{"taxonomy":"product_cat","embeddable":true,"href":"https:\/\/store.astieks.com\/et\/wp-json\/wp\/v2\/product_cat?post=19362"},{"taxonomy":"product_tag","embeddable":true,"href":"https:\/\/store.astieks.com\/et\/wp-json\/wp\/v2\/product_tag?post=19362"}],"curies":[{"name":"wp","href":"https:\/\/api.w.org\/{rel}","templated":true}]}}