{"id":19353,"date":"2025-11-21T17:27:13","date_gmt":"2025-11-21T15:27:13","guid":{"rendered":"https:\/\/store.astieks.com\/product\/herdmar-vogue-mate-cutlery-set-24-pcs\/"},"modified":"2026-04-29T15:26:36","modified_gmt":"2026-04-29T13:26:36","slug":"herdmar-vogue-mate-cutlery-set-24-pcs","status":"publish","type":"product","link":"https:\/\/store.astieks.com\/et\/product\/herdmar-vogue-mate-cutlery-set-24-pcs\/","title":{"rendered":"L\u00d5PUM\u00dc\u00dcK! Herdmar Vogue Mate S\u00f6\u00f6giriistade komplekt, 24 osa"},"content":{"rendered":"<h5 class=\"text-color-black font-medium m-t-0 m-b-5\">AVASTA KONTSEPTSIOON<\/h5>\n<p>Lihtsa ja pragmaatilise disainiga sarja tugevaimaks tunnuseks on erinevate materjalide kontrast, mis t\u00f5stab Vogue-kollektsiooni esile.<\/p>\n<p>Valmistatud \u00fcheosalistest 8 mm silindrilistest roostevabast terasest detailidest, mille k\u00e4epidemed on POM-i (pol\u00fcoks\u00fcmet\u00fcleeni) s\u00fcstimisega, avaldub selle mudeli peamine v\u00f5lu ootamatult kerge ja tasakaalustatud tunnetuses.<\/p>\n<p>Unikaalse loomingulise protsessi, p\u00f5hjaliku arendust\u00f6\u00f6 ja meisterlikkust r\u00f5hutava tootmise tulemusena n\u00e4itab see projekt selgelt, et peensust ja traditsiooni saab \u00fchendada sama laua \u00e4\u00e4res.<\/p>\n","protected":false},"excerpt":{"rendered":"<p>AVASTA KONTSEPTSIOON Lihtsa ja pragmaatilise disainiga sarja tugevaimaks tunnuseks on erinevate materjalide kontrast, mis t\u00f5stab Vogue-kollektsiooni esile. Valmistatud \u00fcheosalistest 8 mm silindrilistest roostevabast terasest detailidest, mille k\u00e4epidemed on POM-i (pol\u00fcoks\u00fcmet\u00fcleeni) s\u00fcstimisega, avaldub selle mudeli peamine v\u00f5lu ootamatult kerge ja tasakaalustatud tunnetuses. Unikaalse loomingulise protsessi, p\u00f5hjaliku arendust\u00f6\u00f6 ja meisterlikkust r\u00f5hutava tootmise tulemusena n\u00e4itab see projekt selgelt,&#8230;<\/p>\n","protected":false},"featured_media":19333,"template":"","meta":{"_acf_changed":false},"product_brand":[645],"product_cat":[268,269],"product_tag":[],"class_list":{"0":"post-19353","1":"product","2":"type-product","3":"status-publish","4":"has-post-thumbnail","6":"product_brand-herdmar","7":"product_cat-lauanoud","8":"product_cat-soogiriistad","9":"nt-post-class","10":"","13":"excerpt-none","16":"first","17":"instock","18":"sale","19":"taxable","20":"shipping-taxable","21":"purchasable","22":"product-type-simple"},"acf":[],"_links":{"self":[{"href":"https:\/\/store.astieks.com\/et\/wp-json\/wp\/v2\/product\/19353","targetHints":{"allow":["GET"]}}],"collection":[{"href":"https:\/\/store.astieks.com\/et\/wp-json\/wp\/v2\/product"}],"about":[{"href":"https:\/\/store.astieks.com\/et\/wp-json\/wp\/v2\/types\/product"}],"version-history":[{"count":1,"href":"https:\/\/store.astieks.com\/et\/wp-json\/wp\/v2\/product\/19353\/revisions"}],"predecessor-version":[{"id":21387,"href":"https:\/\/store.astieks.com\/et\/wp-json\/wp\/v2\/product\/19353\/revisions\/21387"}],"wp:featuredmedia":[{"embeddable":true,"href":"https:\/\/store.astieks.com\/et\/wp-json\/wp\/v2\/media\/19333"}],"wp:attachment":[{"href":"https:\/\/store.astieks.com\/et\/wp-json\/wp\/v2\/media?parent=19353"}],"wp:term":[{"taxonomy":"product_brand","embeddable":true,"href":"https:\/\/store.astieks.com\/et\/wp-json\/wp\/v2\/product_brand?post=19353"},{"taxonomy":"product_cat","embeddable":true,"href":"https:\/\/store.astieks.com\/et\/wp-json\/wp\/v2\/product_cat?post=19353"},{"taxonomy":"product_tag","embeddable":true,"href":"https:\/\/store.astieks.com\/et\/wp-json\/wp\/v2\/product_tag?post=19353"}],"curies":[{"name":"wp","href":"https:\/\/api.w.org\/{rel}","templated":true}]}}