{"id":19352,"date":"2025-11-21T16:55:16","date_gmt":"2025-11-21T14:55:16","guid":{"rendered":"https:\/\/store.astieks.com\/product\/herdmar-vinci-cutlery-set-24-pcs\/"},"modified":"2025-11-21T16:55:16","modified_gmt":"2025-11-21T14:55:16","slug":"herdmar-vinci-cutlery-set-24-pcs","status":"publish","type":"product","link":"https:\/\/store.astieks.com\/et\/product\/herdmar-vinci-cutlery-set-24-pcs\/","title":{"rendered":"Herdmar Vinci Black s\u00f6\u00f6giriistade komplekt, 24 tk"},"content":{"rendered":"<h5 class=\"text-color-black font-medium m-t-0 m-b-5\">AVASTA KONTSEPTSIOON<\/h5>\n<p>\u201eLoodus on kogu t\u00f5elise teadmise allikas. Tal on oma loogika, oma seadused \u2014 tal pole m\u00f5ju ilma p\u00f5hjuseta ega leiutist ilma vajaduseta.\u201c<\/p>\n<p>Uus Vinci s\u00f6\u00f6giriistade sari s\u00fcndis hetkelisest inspiratsioonist ning eesm\u00e4rgiga esindada t\u00e4iuslikku s\u00fcmbioosi looduse ja inimese vahel.<\/p>\n<p>Selle elegantne siluett ja tasakaalustatud vorm loovad kasutamisel erakordse mugavuse, mis on saavutatud p\u00f5hjaliku ergonoomilise uurimist\u00f6\u00f6 tulemusel. Sari, mis j\u00e4rgib kaasaegselt moodsat stiili, tugineb Austraalia p\u00f5hjapoolse piirkonna traditsioonilise puu Cupaniopsis Anacardioides lehekujulisele disainile, kus selle orgaaniline vorm sulandub veatult rahvusvaheliste lauatrendide modernsusega. <\/p>\n<p>See projekt valmis Herdmari ja Minho \u00dclikooli Disainikooli koost\u00f6\u00f6s, mille eesm\u00e4rk on edendada pragmaatilisemat ja vastastikku arenevat koost\u00f6\u00f6d, tuues akadeemilise kogukonna l\u00e4hemale kodumaistele t\u00f6\u00f6stustele.<\/p>\n","protected":false},"excerpt":{"rendered":"<p>AVASTA KONTSEPTSIOON \u201eLoodus on kogu t\u00f5elise teadmise allikas. Tal on oma loogika, oma seadused \u2014 tal pole m\u00f5ju ilma p\u00f5hjuseta ega leiutist ilma vajaduseta.\u201c Uus Vinci s\u00f6\u00f6giriistade sari s\u00fcndis hetkelisest inspiratsioonist ning eesm\u00e4rgiga esindada t\u00e4iuslikku s\u00fcmbioosi looduse ja inimese vahel. Selle elegantne siluett ja tasakaalustatud vorm loovad kasutamisel erakordse mugavuse, mis on saavutatud p\u00f5hjaliku ergonoomilise&#8230;<\/p>\n","protected":false},"featured_media":19325,"template":"","meta":{"_acf_changed":false},"product_brand":[645],"product_cat":[268,269],"product_tag":[],"class_list":{"0":"post-19352","1":"product","2":"type-product","3":"status-publish","4":"has-post-thumbnail","6":"product_brand-herdmar","7":"product_cat-lauanoud","8":"product_cat-soogiriistad","9":"nt-post-class","10":"","13":"excerpt-none","16":"first","17":"instock","18":"taxable","19":"shipping-taxable","20":"purchasable","21":"product-type-simple"},"acf":[],"_links":{"self":[{"href":"https:\/\/store.astieks.com\/et\/wp-json\/wp\/v2\/product\/19352","targetHints":{"allow":["GET"]}}],"collection":[{"href":"https:\/\/store.astieks.com\/et\/wp-json\/wp\/v2\/product"}],"about":[{"href":"https:\/\/store.astieks.com\/et\/wp-json\/wp\/v2\/types\/product"}],"version-history":[{"count":0,"href":"https:\/\/store.astieks.com\/et\/wp-json\/wp\/v2\/product\/19352\/revisions"}],"wp:featuredmedia":[{"embeddable":true,"href":"https:\/\/store.astieks.com\/et\/wp-json\/wp\/v2\/media\/19325"}],"wp:attachment":[{"href":"https:\/\/store.astieks.com\/et\/wp-json\/wp\/v2\/media?parent=19352"}],"wp:term":[{"taxonomy":"product_brand","embeddable":true,"href":"https:\/\/store.astieks.com\/et\/wp-json\/wp\/v2\/product_brand?post=19352"},{"taxonomy":"product_cat","embeddable":true,"href":"https:\/\/store.astieks.com\/et\/wp-json\/wp\/v2\/product_cat?post=19352"},{"taxonomy":"product_tag","embeddable":true,"href":"https:\/\/store.astieks.com\/et\/wp-json\/wp\/v2\/product_tag?post=19352"}],"curies":[{"name":"wp","href":"https:\/\/api.w.org\/{rel}","templated":true}]}}