{"id":19350,"date":"2025-11-21T16:37:41","date_gmt":"2025-11-21T14:37:41","guid":{"rendered":"https:\/\/store.astieks.com\/product\/herdmar-luxor-cutlery-set-24-pcs-copper\/"},"modified":"2026-04-29T15:55:17","modified_gmt":"2026-04-29T13:55:17","slug":"herdmar-luxor-cutlery-set-24-pcs-copper","status":"publish","type":"product","link":"https:\/\/store.astieks.com\/et\/product\/herdmar-luxor-cutlery-set-24-pcs-copper\/","title":{"rendered":"L\u00d5PUM\u00dc\u00dcK!Herdmar Luxor s\u00f6\u00f6giriistade komplekt, 24 tk vask"},"content":{"rendered":"<p>AVASTA KONTSEPTSIOON<br \/>Selle puudutuse pehmus, iga eseme tasakaal ning Luxor komplekti kuuluvate detailide meeldiv raskustunne annavad igal kasutuskorral edasi rafineerituse ja tipptasemel disainikvaliteedi tunde.<br \/>Selle nelja millimeetri paksune alus lisab igale lauale selge elegantsi ja lihtsuse joone, muutes iga s\u00f6\u00f6gikorra eriliseks hetkeks.<\/p>\n","protected":false},"excerpt":{"rendered":"<p>AVASTA KONTSEPTSIOONSelle puudutuse pehmus, iga eseme tasakaal ning Luxor komplekti kuuluvate detailide meeldiv raskustunne annavad igal kasutuskorral edasi rafineerituse ja tipptasemel disainikvaliteedi tunde.Selle nelja millimeetri paksune alus lisab igale lauale selge elegantsi ja lihtsuse joone, muutes iga s\u00f6\u00f6gikorra eriliseks hetkeks.<\/p>\n","protected":false},"featured_media":19302,"template":"","meta":{"_acf_changed":false},"product_brand":[645],"product_cat":[268,269],"product_tag":[],"class_list":{"0":"post-19350","1":"product","2":"type-product","3":"status-publish","4":"has-post-thumbnail","6":"product_brand-herdmar","7":"product_cat-lauanoud","8":"product_cat-soogiriistad","9":"nt-post-class","10":"","13":"excerpt-none","16":"first","17":"instock","18":"sale","19":"taxable","20":"shipping-taxable","21":"purchasable","22":"product-type-simple"},"acf":[],"_links":{"self":[{"href":"https:\/\/store.astieks.com\/et\/wp-json\/wp\/v2\/product\/19350","targetHints":{"allow":["GET"]}}],"collection":[{"href":"https:\/\/store.astieks.com\/et\/wp-json\/wp\/v2\/product"}],"about":[{"href":"https:\/\/store.astieks.com\/et\/wp-json\/wp\/v2\/types\/product"}],"version-history":[{"count":1,"href":"https:\/\/store.astieks.com\/et\/wp-json\/wp\/v2\/product\/19350\/revisions"}],"predecessor-version":[{"id":21401,"href":"https:\/\/store.astieks.com\/et\/wp-json\/wp\/v2\/product\/19350\/revisions\/21401"}],"wp:featuredmedia":[{"embeddable":true,"href":"https:\/\/store.astieks.com\/et\/wp-json\/wp\/v2\/media\/19302"}],"wp:attachment":[{"href":"https:\/\/store.astieks.com\/et\/wp-json\/wp\/v2\/media?parent=19350"}],"wp:term":[{"taxonomy":"product_brand","embeddable":true,"href":"https:\/\/store.astieks.com\/et\/wp-json\/wp\/v2\/product_brand?post=19350"},{"taxonomy":"product_cat","embeddable":true,"href":"https:\/\/store.astieks.com\/et\/wp-json\/wp\/v2\/product_cat?post=19350"},{"taxonomy":"product_tag","embeddable":true,"href":"https:\/\/store.astieks.com\/et\/wp-json\/wp\/v2\/product_tag?post=19350"}],"curies":[{"name":"wp","href":"https:\/\/api.w.org\/{rel}","templated":true}]}}