{"id":19349,"date":"2025-11-21T15:42:54","date_gmt":"2025-11-21T13:42:54","guid":{"rendered":"https:\/\/store.astieks.com\/product\/herdmar-luxor-cutlery-set-24-pcs-mat-gold\/"},"modified":"2025-11-21T15:42:54","modified_gmt":"2025-11-21T13:42:54","slug":"herdmar-luxor-cutlery-set-24-pcs-mat-gold","status":"publish","type":"product","link":"https:\/\/store.astieks.com\/et\/product\/herdmar-luxor-cutlery-set-24-pcs-mat-gold\/","title":{"rendered":"Herdmar Luxor s\u00f6\u00f6giriistade komplekt, 24 tk matt kuld"},"content":{"rendered":"<h5 class=\"text-color-black font-medium m-t-0 m-b-5\">AVASTA KONTSEPTSIOON<\/h5>\n<p>The softness of its touch, the balance of each item and the inevitable sensation of weight of the pieces that make up the Luxor set, transmit in each handling the feeling of refinement and design quality of a product of excellence.<\/p>\n<p>Selle komplekti esemete pehme puudutus, t\u00e4iuslik tasakaal ja k\u00e4es tuntav kaal annavad igal kasutuskorral edasi Luxori komplekti rafineeritust ning k\u00f5rget disainikvaliteeti.<\/p>\n","protected":false},"excerpt":{"rendered":"<p>AVASTA KONTSEPTSIOON The softness of its touch, the balance of each item and the inevitable sensation of weight of the pieces that make up the Luxor set, transmit in each handling the feeling of refinement and design quality of a product of excellence. Selle komplekti esemete pehme puudutus, t\u00e4iuslik tasakaal ja k\u00e4es tuntav kaal annavad&#8230;<\/p>\n","protected":false},"featured_media":19287,"template":"","meta":{"_acf_changed":false},"product_brand":[645],"product_cat":[268,269],"product_tag":[],"class_list":{"0":"post-19349","1":"product","2":"type-product","3":"status-publish","4":"has-post-thumbnail","6":"product_brand-herdmar","7":"product_cat-lauanoud","8":"product_cat-soogiriistad","9":"nt-post-class","10":"","13":"excerpt-none","16":"first","17":"instock","18":"taxable","19":"shipping-taxable","20":"purchasable","21":"product-type-simple"},"acf":[],"_links":{"self":[{"href":"https:\/\/store.astieks.com\/et\/wp-json\/wp\/v2\/product\/19349","targetHints":{"allow":["GET"]}}],"collection":[{"href":"https:\/\/store.astieks.com\/et\/wp-json\/wp\/v2\/product"}],"about":[{"href":"https:\/\/store.astieks.com\/et\/wp-json\/wp\/v2\/types\/product"}],"version-history":[{"count":0,"href":"https:\/\/store.astieks.com\/et\/wp-json\/wp\/v2\/product\/19349\/revisions"}],"wp:featuredmedia":[{"embeddable":true,"href":"https:\/\/store.astieks.com\/et\/wp-json\/wp\/v2\/media\/19287"}],"wp:attachment":[{"href":"https:\/\/store.astieks.com\/et\/wp-json\/wp\/v2\/media?parent=19349"}],"wp:term":[{"taxonomy":"product_brand","embeddable":true,"href":"https:\/\/store.astieks.com\/et\/wp-json\/wp\/v2\/product_brand?post=19349"},{"taxonomy":"product_cat","embeddable":true,"href":"https:\/\/store.astieks.com\/et\/wp-json\/wp\/v2\/product_cat?post=19349"},{"taxonomy":"product_tag","embeddable":true,"href":"https:\/\/store.astieks.com\/et\/wp-json\/wp\/v2\/product_tag?post=19349"}],"curies":[{"name":"wp","href":"https:\/\/api.w.org\/{rel}","templated":true}]}}