{"id":19347,"date":"2025-11-21T14:38:20","date_gmt":"2025-11-21T12:38:20","guid":{"rendered":"https:\/\/store.astieks.com\/product\/herdmar-stick-cutlery-set-24-pcs\/"},"modified":"2025-11-27T14:16:19","modified_gmt":"2025-11-27T12:16:19","slug":"herdmar-stick-cutlery-set-24-pcs","status":"publish","type":"product","link":"https:\/\/store.astieks.com\/et\/product\/herdmar-stick-cutlery-set-24-pcs\/","title":{"rendered":"Herdmar Stick cutlery set 24 pcs"},"content":{"rendered":"<p>\u201eSlim fit\u201c on j\u00f5udnud ka lauan\u00f5udeni.<\/p>\n<p>\u00d5hukese ja delikaatse kujuga Stick-mudel murrab lahti s\u00f6\u00f6giriistade tavap\u00e4rasest vormist.<\/p>\n<p>Kolme millimeetri paksusele alusele disainitud selle sarja esemed paistavad silma elegantse l\u00f5ikega, mida r\u00f5hutab nende peen ja pikk profiil.<\/p>\n<p>Selle kollektsiooni \u00e4ratuntavalt modernne stiil loob tasakaalu dekoratiivse k\u00fclje, funktsionaalsuse ja ergonoomika vahel, t\u00f5estades, et elegants ei pea t\u00e4hendama loobumist mugavusest.<\/p>\n","protected":false},"excerpt":{"rendered":"<p>\u201eSlim fit\u201c on j\u00f5udnud ka lauan\u00f5udeni. \u00d5hukese ja delikaatse kujuga Stick-mudel murrab lahti s\u00f6\u00f6giriistade tavap\u00e4rasest vormist. Kolme millimeetri paksusele alusele disainitud selle sarja esemed paistavad silma elegantse l\u00f5ikega, mida r\u00f5hutab nende peen ja pikk profiil. Selle kollektsiooni \u00e4ratuntavalt modernne stiil loob tasakaalu dekoratiivse k\u00fclje, funktsionaalsuse ja ergonoomika vahel, t\u00f5estades, et elegants ei pea t\u00e4hendama loobumist&#8230;<\/p>\n","protected":false},"featured_media":19267,"template":"","meta":{"_acf_changed":false},"product_brand":[645],"product_cat":[268,269],"product_tag":[],"class_list":{"0":"post-19347","1":"product","2":"type-product","3":"status-publish","4":"has-post-thumbnail","6":"product_brand-herdmar","7":"product_cat-lauanoud","8":"product_cat-soogiriistad","9":"nt-post-class","10":"","13":"excerpt-none","16":"first","17":"instock","18":"taxable","19":"shipping-taxable","20":"purchasable","21":"product-type-simple"},"acf":[],"_links":{"self":[{"href":"https:\/\/store.astieks.com\/et\/wp-json\/wp\/v2\/product\/19347","targetHints":{"allow":["GET"]}}],"collection":[{"href":"https:\/\/store.astieks.com\/et\/wp-json\/wp\/v2\/product"}],"about":[{"href":"https:\/\/store.astieks.com\/et\/wp-json\/wp\/v2\/types\/product"}],"version-history":[{"count":1,"href":"https:\/\/store.astieks.com\/et\/wp-json\/wp\/v2\/product\/19347\/revisions"}],"predecessor-version":[{"id":19348,"href":"https:\/\/store.astieks.com\/et\/wp-json\/wp\/v2\/product\/19347\/revisions\/19348"}],"wp:featuredmedia":[{"embeddable":true,"href":"https:\/\/store.astieks.com\/et\/wp-json\/wp\/v2\/media\/19267"}],"wp:attachment":[{"href":"https:\/\/store.astieks.com\/et\/wp-json\/wp\/v2\/media?parent=19347"}],"wp:term":[{"taxonomy":"product_brand","embeddable":true,"href":"https:\/\/store.astieks.com\/et\/wp-json\/wp\/v2\/product_brand?post=19347"},{"taxonomy":"product_cat","embeddable":true,"href":"https:\/\/store.astieks.com\/et\/wp-json\/wp\/v2\/product_cat?post=19347"},{"taxonomy":"product_tag","embeddable":true,"href":"https:\/\/store.astieks.com\/et\/wp-json\/wp\/v2\/product_tag?post=19347"}],"curies":[{"name":"wp","href":"https:\/\/api.w.org\/{rel}","templated":true}]}}