{"id":19346,"date":"2025-11-21T15:29:00","date_gmt":"2025-11-21T13:29:00","guid":{"rendered":"https:\/\/store.astieks.com\/product\/herdmar-allegro-cutlery-set-24-pcs\/"},"modified":"2026-04-29T17:48:05","modified_gmt":"2026-04-29T15:48:05","slug":"herdmar-allegro-cutlery-set-24-pcs","status":"publish","type":"product","link":"https:\/\/store.astieks.com\/et\/product\/herdmar-allegro-cutlery-set-24-pcs\/","title":{"rendered":"L\u00d5PUM\u00dc\u00dcK! Herdmar Allegro S\u00f6\u00f6giriistade komplekt 24 pcs, cooper"},"content":{"rendered":"<h5 class=\"text-color-black font-medium m-t-0 m-b-5\">AVASTA KONTSEPTSIOON<\/h5>\n<p>Valmistatud 18\/10 roostevabast terasest ja inspireeritud idamaade kultuurist, eristub Allegro elegantsuse poolest, mida loob kontrast selle silindrilise kuju ja kuubikukujuliste otste vahel.<\/p>\n<p>Tasakaalustatud struktuur ja ergonoomiline vorm tagavad mugava kasutuse, ning mitmesugustes v\u00e4rvitoonides viimistlus v\u00f5imaldab v\u00e4rskendada sinu igap\u00e4evast laualahendust.<\/p>\n<p>Lase end kanda r\u00f5\u00f5msatest toonidest!<\/p>\n","protected":false},"excerpt":{"rendered":"<p>AVASTA KONTSEPTSIOON Valmistatud 18\/10 roostevabast terasest ja inspireeritud idamaade kultuurist, eristub Allegro elegantsuse poolest, mida loob kontrast selle silindrilise kuju ja kuubikukujuliste otste vahel. Tasakaalustatud struktuur ja ergonoomiline vorm tagavad mugava kasutuse, ning mitmesugustes v\u00e4rvitoonides viimistlus v\u00f5imaldab v\u00e4rskendada sinu igap\u00e4evast laualahendust. Lase end kanda r\u00f5\u00f5msatest toonidest!<\/p>\n","protected":false},"featured_media":19278,"template":"","meta":{"_acf_changed":false},"product_brand":[645],"product_cat":[268,269],"product_tag":[],"class_list":{"0":"post-19346","1":"product","2":"type-product","3":"status-publish","4":"has-post-thumbnail","6":"product_brand-herdmar","7":"product_cat-lauanoud","8":"product_cat-soogiriistad","9":"nt-post-class","10":"","13":"excerpt-none","16":"first","17":"instock","18":"sale","19":"taxable","20":"shipping-taxable","21":"purchasable","22":"product-type-simple"},"acf":[],"_links":{"self":[{"href":"https:\/\/store.astieks.com\/et\/wp-json\/wp\/v2\/product\/19346","targetHints":{"allow":["GET"]}}],"collection":[{"href":"https:\/\/store.astieks.com\/et\/wp-json\/wp\/v2\/product"}],"about":[{"href":"https:\/\/store.astieks.com\/et\/wp-json\/wp\/v2\/types\/product"}],"version-history":[{"count":1,"href":"https:\/\/store.astieks.com\/et\/wp-json\/wp\/v2\/product\/19346\/revisions"}],"predecessor-version":[{"id":21416,"href":"https:\/\/store.astieks.com\/et\/wp-json\/wp\/v2\/product\/19346\/revisions\/21416"}],"wp:featuredmedia":[{"embeddable":true,"href":"https:\/\/store.astieks.com\/et\/wp-json\/wp\/v2\/media\/19278"}],"wp:attachment":[{"href":"https:\/\/store.astieks.com\/et\/wp-json\/wp\/v2\/media?parent=19346"}],"wp:term":[{"taxonomy":"product_brand","embeddable":true,"href":"https:\/\/store.astieks.com\/et\/wp-json\/wp\/v2\/product_brand?post=19346"},{"taxonomy":"product_cat","embeddable":true,"href":"https:\/\/store.astieks.com\/et\/wp-json\/wp\/v2\/product_cat?post=19346"},{"taxonomy":"product_tag","embeddable":true,"href":"https:\/\/store.astieks.com\/et\/wp-json\/wp\/v2\/product_tag?post=19346"}],"curies":[{"name":"wp","href":"https:\/\/api.w.org\/{rel}","templated":true}]}}