{"id":19162,"date":"2025-10-03T14:45:41","date_gmt":"2025-10-03T12:45:41","guid":{"rendered":"https:\/\/store.astieks.com\/product\/edzard-bottle-stopper-cow\/"},"modified":"2025-10-03T14:45:41","modified_gmt":"2025-10-03T12:45:41","slug":"edzard-bottle-stopper-cow","status":"publish","type":"product","link":"https:\/\/store.astieks.com\/et\/product\/edzard-bottle-stopper-cow\/","title":{"rendered":"EDZARD pudelikorgiga lehm"},"content":{"rendered":"<p data-start=\"182\" data-end=\"510\"><strong data-start=\"182\" data-end=\"269\">Need erakordsed pudelikorgid on valmistatud Murano klaasipuhumiskunsti stiilis.<\/strong><br data-start=\"269\" data-end=\"272\">Eraldi v\u00e4rvilised klaasit\u00fckid on sulatatud l\u00e4bipaistva klaasiga, luues erksaid kujundeid ja pilkup\u00fc\u00fcdvaid figuure. Iga pudelikork on ainulaadne meistriteos. Korgid sobivad k\u00f5ikidele standardsetele veini- ja vahuveinipudelitele ning neid tuleks pesta k\u00e4sitsi.  <\/p>\n<p data-start=\"512\" data-end=\"800\"><strong data-start=\"514\" data-end=\"551\">\u2714 NAUDI VEINI MITMEL P\u00c4EVAL<\/strong><br data-start=\"551\" data-end=\"554\">Tahad l\u00f5\u00f5gastuda klaasikese lemmikveiniga, kuid ei soovi kogu pudelit korraga \u00e4ra juua? Siis on EDZARDi pudelikorgid just sulle. Meie spetsiaalsed klaaskorgid sobivad standardsetele veini- ja \u0161ampanjapudelitele ning takistavad joogi oks\u00fcdeerumist.  <\/p>\n<p data-start=\"802\" data-end=\"1194\"><strong data-start=\"804\" data-end=\"829\">\u2714 KVALITEETNE MATERJAL<\/strong><br data-start=\"829\" data-end=\"832\">Meie korgid on valmistatud Murano klaasitehnika j\u00e4rgi \u2013 see on esmaklassiline klaasikunst, mis sai alguse 13. sajandil Veneetsia l\u00e4hedal. Selle meetodi erip\u00e4ra seisneb selles, et mitmed v\u00e4rvilised klaasit\u00fckid sulatatakse kokku l\u00e4bipaistva klaasiga, luues silmapaistvaid v\u00e4rve ja kujundeid. Murano klaasile on iseloomulikud erksad, v\u00e4rvilised t\u00e4pid igal eseme pinnal.  <\/p>\n<p data-start=\"1196\" data-end=\"1522\"><br data-start=\"1222\" data-end=\"1225\"><strong data-start=\"1198\" data-end=\"1222\">\u2714 KINGI R\u00d5\u00d5MU<\/strong><br \/>Hellita end, oma perekonda v\u00f5i s\u00f5pru. Selle klaaskorgiga ei saa sa m\u00f6\u00f6da panna. Pudeliskorgid on suurep\u00e4rane kingitus peaaegu igaks puhuks \u2013 olgu see v\u00e4ike t\u00e4nu\u00f5htus\u00f6\u00f6gi peremehele v\u00f5i s\u00fcnnip\u00e4evakingitus heale s\u00f5brale. Saaja hindab kindlasti seda elegantset baaritarvikut.   <\/p>\n<p data-start=\"1524\" data-end=\"1798\"><strong data-start=\"1526\" data-end=\"1550\">\u2714 J\u00d5ULUARMASTAJALE<\/strong><br data-start=\"1550\" data-end=\"1553\">See erakordne disain sobib eriti h\u00e4sti j\u00f5uluhooajaks. Vaata kindlasti ka teisi EDZARDi mudeleid \u2013 leiad kindlasti midagi just oma s\u00fcndmuse jaoks. Meie valikus on korgid golfipallide, lehmade, naerun\u00e4gude ja palju muu p\u00f5nevaga&#8230;   <\/p>\n<p data-start=\"1800\" data-end=\"1921\"><strong data-start=\"1802\" data-end=\"1819\">\u2714 SINU EELISED<\/strong><br data-start=\"1819\" data-end=\"1822\">Kvaliteetne materjal | K\u00f5rgus: 11 cm | Lihtne puhastada | Pilkup\u00fc\u00fcdev disain | K\u00e4sit\u00f6\u00f6 | Murano klaas<\/p>\n<p>(K\u00f5rgus: 12 cm), lehmafiguuriga, Murano klaasist stiilis, k\u00e4sit\u00f6\u00f6<\/p>\n<p>Siin on ingliskeelne t\u00f5lge:<\/p>\n<p><strong>Special feature:<\/strong> Handmade<br \/>\nK\u00f5rgus: 12 cm<br \/>\nMaterial: Glass<br \/>\n<strong>Design\/Motif:<\/strong> Cow<\/p>\n<p>Siin on ingliskeelne t\u00f5lge:<\/p>\n<p>Et teie klaas p\u00fcsiks kaua ilus ja l\u00e4ikiv, soovitame seda k\u00e4sitsi pesta sooja vee ja \u00f5rna pesuvahendiga. See kaitseb pinda ja aitab v\u00e4ltida kriimustusi v\u00f5i kulumist. <\/p>\n<p>Please do not use harsh cleaning agents or abrasive sponges, as these may damage the glass. For a streak-free finish, it\u2019s best to dry the glass immediately with a soft cloth. <\/p>\n<p>&nbsp;<\/p>\n","protected":false},"excerpt":{"rendered":"<p><strong data-start=\"39\" data-end=\"88\">Practical bottle stopper with a unique design<\/strong><br data-start=\"88\" data-end=\"91\">Cork allows prolonged enjoyment without loss of aroma<br data-start=\"144\" data-end=\"147\">Great gift idea for wine and sparkling wine lovers<br data-start=\"197\" data-end=\"200\">Bottle stopper made of high-quality Murano-style glass<\/p>\n","protected":false},"featured_media":18429,"template":"","meta":{"_acf_changed":false},"product_brand":[488],"product_cat":[457,243,238],"product_tag":[],"class_list":{"0":"post-19162","1":"product","2":"type-product","3":"status-publish","4":"has-post-thumbnail","6":"product_brand-edzard-et","7":"product_cat-christmass-time-et","8":"product_cat-kingitused","9":"product_cat-kodu-kaunistused","10":"nt-post-class","11":"","17":"first","18":"instock","19":"taxable","20":"shipping-taxable","21":"purchasable","22":"product-type-simple"},"acf":[],"_links":{"self":[{"href":"https:\/\/store.astieks.com\/et\/wp-json\/wp\/v2\/product\/19162","targetHints":{"allow":["GET"]}}],"collection":[{"href":"https:\/\/store.astieks.com\/et\/wp-json\/wp\/v2\/product"}],"about":[{"href":"https:\/\/store.astieks.com\/et\/wp-json\/wp\/v2\/types\/product"}],"version-history":[{"count":0,"href":"https:\/\/store.astieks.com\/et\/wp-json\/wp\/v2\/product\/19162\/revisions"}],"wp:featuredmedia":[{"embeddable":true,"href":"https:\/\/store.astieks.com\/et\/wp-json\/wp\/v2\/media\/18429"}],"wp:attachment":[{"href":"https:\/\/store.astieks.com\/et\/wp-json\/wp\/v2\/media?parent=19162"}],"wp:term":[{"taxonomy":"product_brand","embeddable":true,"href":"https:\/\/store.astieks.com\/et\/wp-json\/wp\/v2\/product_brand?post=19162"},{"taxonomy":"product_cat","embeddable":true,"href":"https:\/\/store.astieks.com\/et\/wp-json\/wp\/v2\/product_cat?post=19162"},{"taxonomy":"product_tag","embeddable":true,"href":"https:\/\/store.astieks.com\/et\/wp-json\/wp\/v2\/product_tag?post=19162"}],"curies":[{"name":"wp","href":"https:\/\/api.w.org\/{rel}","templated":true}]}}