{"id":19016,"date":"2025-08-04T13:39:57","date_gmt":"2025-08-04T11:39:57","guid":{"rendered":"https:\/\/store.astieks.com\/product\/danhera-spolvero-carezze-nr-104\/"},"modified":"2026-04-16T17:02:22","modified_gmt":"2026-04-16T15:02:22","slug":"danhera-spolvero-carezze-nr-104","status":"publish","type":"product","link":"https:\/\/store.astieks.com\/et\/product\/danhera-spolvero-carezze-nr-104\/","title":{"rendered":"DANHERA Universaalne aromaterapeutiline puhastusvahend nr 104"},"content":{"rendered":"<p>Loodud, et esile tuua m\u00f6\u00f6bli ja k\u00f5ige armastatumate esemete vaikne ilu<\/p>\n<p>SPOLVERO and CAREZZE Nr. 104 is much more than a simple anti-dust spray: it is an aromatic ritual, a subtle caress that awakens the senses and regenerates the home with a touch of pure elegance.<\/p>\n<p>It is a true cosmetic lotion for the home, formulated to cleanse deeply yet ultra-delicately.<\/p>\n<p>Eemaldab tolmu, s\u00f5rmej\u00e4ljed ja j\u00e4\u00e4gid, j\u00e4ttes pinnad koheselt s\u00e4ravaks, niisutatuks ja kaitstuks.<\/p>\n<p>T\u00e4nu aromaterapeutilisele sandalpuu\u00f5li koostisele eemaldab see tolmu ja aitab kaasa emotsionaalsele heaolule, tekitades rahu, tasakaalu ja vaikuse tunde.<\/p>\n<p>Sobib ideaalselt igap\u00e4evaseks m\u00f6\u00f6bli, laudade, dekoratiivsete esemete, raamide, riiulite ja disainielementide puhastamiseks.<\/p>\n<p>Selle \u201epehme\u201c koostis austab ka k\u00f5ige delikaatsemaid pindu, sealhulgas vahatatud, naturaalse \u00f5liga t\u00f6\u00f6deldud v\u00f5i keskkonnas\u00f5bralike lakkidega pindu. Antistaatilised omadused aeglustavad tolmu uuesti tekkimist, j\u00e4ttes pinnad niisutatuks, s\u00e4ravaks ja hoolitsetuks. <\/p>\n<p>DANHERA Italy soovitus: Pihusta otse pinnale ja p\u00fchi pehme mikrokiudlapiga. Loputamist pole vaja. Sobib igap\u00e4evaseks kasutamiseks, et hoida kodu elavana, puhtana ja harmoonilisena.  <\/p>\n<p>Sensoorne kogemus: Aromaterapeutiline sandalpuu. Soe, meditatiivne ja sensuaalne l\u00f5hn, mis tasakaalustab meeli ja \u00fcmbritseb ruume rahu dimensiooniga. Iga pihustus on nagu p\u00fcha metsa hinget\u00f5mme, hetk sisemisest vaikusest, kutse kohalolekule. <\/p>\n<p>Sensoorne kogemus: Aromaterapeutiline sandalpuu. Soe, meditatiivne ja sensuaalne l\u00f5hn, mis tasakaalustab meeli ja \u00fcmbritseb ruume rahu dimensiooniga. Iga pihustus on nagu p\u00fcha metsa hinget\u00f5mme, hetk sisemisest vaikusest, kutse kohalolekule.  <\/p>\n<p>Mitmeotstarbeline aromaterapeutiline puhastusvahend. Kerge pilv, mis \u00f5rnalt paitab k\u00f5ige delikaatsemaid pindu. SPOLVERO &amp; CAREZZE Nr. 104 on igap\u00e4evane \u017eest, mis hellitab kodu, eemaldab tolmu, taastab materjale ja t\u00e4idab ruumid rahustava sandalpuul\u00f5hnaga. T\u00f5eline iluhooldus esemetele, peenetele m\u00f6\u00f6bliesemetele ja elupindadele.   <\/p>\n<p><em><strong>Elustab meeli ja kodu pindu.<\/strong><\/em><\/p>\n","protected":false},"excerpt":{"rendered":"<p>&nbsp;<\/p>\n<p>&nbsp;<\/p>\n","protected":false},"featured_media":12752,"template":"","meta":{"_acf_changed":false},"product_brand":[483],"product_cat":[261],"product_tag":[],"class_list":{"0":"post-19016","1":"product","2":"type-product","3":"status-publish","4":"has-post-thumbnail","6":"product_brand-danhera-et","7":"product_cat-koduhooldus","8":"nt-post-class","9":"","15":"first","16":"instock","17":"taxable","18":"shipping-taxable","19":"purchasable","20":"product-type-simple"},"acf":[],"_links":{"self":[{"href":"https:\/\/store.astieks.com\/et\/wp-json\/wp\/v2\/product\/19016","targetHints":{"allow":["GET"]}}],"collection":[{"href":"https:\/\/store.astieks.com\/et\/wp-json\/wp\/v2\/product"}],"about":[{"href":"https:\/\/store.astieks.com\/et\/wp-json\/wp\/v2\/types\/product"}],"version-history":[{"count":3,"href":"https:\/\/store.astieks.com\/et\/wp-json\/wp\/v2\/product\/19016\/revisions"}],"predecessor-version":[{"id":21104,"href":"https:\/\/store.astieks.com\/et\/wp-json\/wp\/v2\/product\/19016\/revisions\/21104"}],"wp:featuredmedia":[{"embeddable":true,"href":"https:\/\/store.astieks.com\/et\/wp-json\/wp\/v2\/media\/12752"}],"wp:attachment":[{"href":"https:\/\/store.astieks.com\/et\/wp-json\/wp\/v2\/media?parent=19016"}],"wp:term":[{"taxonomy":"product_brand","embeddable":true,"href":"https:\/\/store.astieks.com\/et\/wp-json\/wp\/v2\/product_brand?post=19016"},{"taxonomy":"product_cat","embeddable":true,"href":"https:\/\/store.astieks.com\/et\/wp-json\/wp\/v2\/product_cat?post=19016"},{"taxonomy":"product_tag","embeddable":true,"href":"https:\/\/store.astieks.com\/et\/wp-json\/wp\/v2\/product_tag?post=19016"}],"curies":[{"name":"wp","href":"https:\/\/api.w.org\/{rel}","templated":true}]}}