{"id":19013,"date":"2025-08-04T13:24:00","date_gmt":"2025-08-04T11:24:00","guid":{"rendered":"https:\/\/store.astieks.com\/product\/danhera-cachemire-precious-wool-nr-102\/"},"modified":"2025-11-23T11:42:11","modified_gmt":"2025-11-23T09:42:11","slug":"danhera-cachemire-precious-wool-nr-102","status":"publish","type":"product","link":"https:\/\/store.astieks.com\/et\/product\/danhera-cachemire-precious-wool-nr-102\/","title":{"rendered":"Danhera Ka\u0161miiri ja V\u00e4\u00e4risvilla pesuvahend Nr. 102"},"content":{"rendered":"<p><strong>CASHMERE and PRECIOUS WOOL Nr. 102<\/strong> is much more than a detergent: it is a high-end textile cosmetic treatment, masterfully created to care for the most delicate and rare yarns as if they were skin.<\/p>\n<p>DANHERA has developed a fluid, velvety formula enriched with dermo-compatible botanical actives that deeply regenerate fibers damaged by time or frequent washing.<\/p>\n<p>&nbsp;<\/p>\n<p>Kerge tekstuur tungib kangakiududesse ja l\u00f5dvestab neid \u00f5rnalt, taastades mahulisuse, elastsuse ja eluj\u00f5u \u2013 olgu tegu kampsunite, sallide, pleedide, r\u00e4tsepat\u00f6\u00f6na valminud r\u00f5ivaste v\u00f5i aksessuaaridega.<\/p>\n<p>Iga kiud saab toidetud, taastatud ja kaitstud \u2013 naastes oma algse pehmuse juurde. Tulemuseks on selgelt tajutav muutus: r\u00f5ivas tundub t\u00e4idlasem, pehmem ja nooruslikum. <\/p>\n<p>Toode Nr. 102 \u00fchendab t\u00e4iuslikus tasakaalus tehnilise t\u00f5hususe ja sensoorse peenuse.<\/p>\n<p>&nbsp;<\/p>\n<p>Vaba k\u00f5igist karmidest koostisosadest (sulfaatidest, ens\u00fc\u00fcmidest, s\u00fcnteetilistest l\u00f5hnaainetest, valgendist, EDTA-st), on see t\u00e4ielikult biolagunev ja mittetoksiline \u2013 sobib ka lasteriietele, tundlikule nahale ja puhastele keskkondadele.<\/p>\n<p>100% taaskasutatud ja taaskasutatavast PET-pudelist on saanud s\u00e4\u00e4stliku elegantsi s\u00fcmbol, mis iseloomustab iga DANHERA loomingut.<\/p>\n<p>L\u00f5hnaelamus: \u00fcllane sandlipuu aroom \u2013 soe, rafineeritud ja s\u00fcgavalt \u00fcmbritsev essents. Eksklusiivne DANHERA Noble Sandalwood l\u00f5hn paitab kangaid kui \u00f5rn kallistus. Elegantne, kreemine ja meditatiivne \u2013 see tekitab rahu ja teadlikkuse tunde, muutes pesu t\u00f5eliseks rituaaliks nii tekstiilide kui ka hinge heaolu nimel.   <\/p>\n<p>Peen ja vastupandamatu l\u00f5hnasignatuur, mis j\u00e4tab igale kiule t\u00f5elise elegantsi \u00e4ratuntava puudutuse.<\/p>\n<p>DANHERA Italy soovitab: Peen vill tuletab meelde, et ta ei armasta kuuma vett, tugevat h\u00f5\u00f5rumist ega tsentrifuugi. Valmista vann, lahustades 2 korgit\u00e4it Cashmere &amp; Fine Wool Nr. 102 k\u00fclmas v\u00f5i leiges vees (u 5 liitrit). Aseta sinna oma \u00f5rnad esemed ja lase neil leotuda. Masseeri neid \u00f5rnalt ja loputa. Eemalda liigne vesi ilma r\u00f5ivaid v\u00e4\u00e4namata. Masinpesul kasuta ainult k\u00fclma vett ja spetsiaalset villa v\u00f5i \u00f5rna pesu programmi. Kuivata tasapinnal, eemal otsesest kuumusest.      <\/p>\n","protected":false},"excerpt":{"rendered":"<p>Uus kosmeetiline hooldus peenvillale.<\/p>\n<p>Cashmere &amp; Fine Wool Detergent Nr. 102 on Home Purity sarja k\u00f5ige \u00fcllasem ja elegantsem s\u00fcda \u2013 luksuslik vedelik, mis taastab ka\u0161miiri ja v\u00e4\u00e4risvillaste kangaste ilu, pehmuse ja harmoonia.<\/p>\n<p>See on rafineeritud hooldusvahend ka\u0161miiri, alpaka, vikunja, eriti peene meriinovilla ja siidisegude puhastamiseks ja hooldamiseks.<\/p>\n<p>See toidab, taastab ja elustab kiude, andes neile kohevuse ja siidise sileduse \u2013 t\u00f5eline anti-age hooldus luksuslikele kangastele. <\/p>\n","protected":false},"featured_media":12740,"template":"","meta":{"_acf_changed":false},"product_brand":[483],"product_cat":[261,263],"product_tag":[],"class_list":{"0":"post-19013","1":"product","2":"type-product","3":"status-publish","4":"has-post-thumbnail","6":"product_brand-danhera-et","7":"product_cat-koduhooldus","8":"product_cat-pesuhooldus","9":"nt-post-class","10":"","16":"first","17":"instock","18":"taxable","19":"shipping-taxable","20":"purchasable","21":"product-type-simple"},"acf":[],"_links":{"self":[{"href":"https:\/\/store.astieks.com\/et\/wp-json\/wp\/v2\/product\/19013","targetHints":{"allow":["GET"]}}],"collection":[{"href":"https:\/\/store.astieks.com\/et\/wp-json\/wp\/v2\/product"}],"about":[{"href":"https:\/\/store.astieks.com\/et\/wp-json\/wp\/v2\/types\/product"}],"version-history":[{"count":1,"href":"https:\/\/store.astieks.com\/et\/wp-json\/wp\/v2\/product\/19013\/revisions"}],"predecessor-version":[{"id":19014,"href":"https:\/\/store.astieks.com\/et\/wp-json\/wp\/v2\/product\/19013\/revisions\/19014"}],"wp:featuredmedia":[{"embeddable":true,"href":"https:\/\/store.astieks.com\/et\/wp-json\/wp\/v2\/media\/12740"}],"wp:attachment":[{"href":"https:\/\/store.astieks.com\/et\/wp-json\/wp\/v2\/media?parent=19013"}],"wp:term":[{"taxonomy":"product_brand","embeddable":true,"href":"https:\/\/store.astieks.com\/et\/wp-json\/wp\/v2\/product_brand?post=19013"},{"taxonomy":"product_cat","embeddable":true,"href":"https:\/\/store.astieks.com\/et\/wp-json\/wp\/v2\/product_cat?post=19013"},{"taxonomy":"product_tag","embeddable":true,"href":"https:\/\/store.astieks.com\/et\/wp-json\/wp\/v2\/product_tag?post=19013"}],"curies":[{"name":"wp","href":"https:\/\/api.w.org\/{rel}","templated":true}]}}