{"id":19009,"date":"2025-07-31T15:59:46","date_gmt":"2025-07-31T13:59:46","guid":{"rendered":"https:\/\/store.astieks.com\/product\/danhera-il-giardino-incantato-laundry-fragrance\/"},"modified":"2026-04-16T11:12:05","modified_gmt":"2026-04-16T09:12:05","slug":"danhera-il-giardino-incantato-laundry-fragrance","status":"publish","type":"product","link":"https:\/\/store.astieks.com\/et\/product\/danhera-il-giardino-incantato-laundry-fragrance\/","title":{"rendered":"DANHERA Il Giardino Incantato pesul\u00f5hn"},"content":{"rendered":"<p>V\u00f5lupuu Aed \u2013 Pesul\u00f5hn \u00e4ratab meeled vastpuhkenud lillede ja pehmete puuviljade aroomiga, jutustades lugu lummatud loodusest. See on puhaste maastike harmoonia, mis kingib kangastele \u00f5rna ilu ja v\u00e4rskuse. <\/p>\n<p>Vali DANHERA Home Purity pesuvahend ja \u00fchenda see Conditioner Nr. 66\u2019ga, et suurendada r\u00f5ivaste pehmust.<\/p>\n<p>Lisa pesul\u00f5hn spetsiaalsesse pesumasina sahtlisse<\/p>\n<p>T\u00e4ieliku l\u00f5hnaelamuse saavutamiseks pihusta DANHERA linade ja kangaste l\u00f5hna kappidesse ja sahtlisse<\/p>\n<p>L\u00f5hnap\u00fcramiid:<\/p>\n<p>Tipunoodid: musts\u00f5star, p\u00f5ldmurakas, mooruspuu<br \/>\nS\u00fcdamenoodid: meresool, vesine jasmiin<br \/>\nP\u00f5hjanoodid: ambra, seedripuu<\/p>\n<p>DANHERA Italy soovitab.<\/p>\n<p>Unistuste pesukogemuse loomiseks kasuta DANHERA pesuvahendeid ja kombineeri neid DANHERA Conditioner Nr. 66-ga, et toita kangaid ja muuta need eriti pehmeks.<\/p>\n<p>T\u00e4ieliku l\u00f5hnakogemuse saavutamiseks pihusta DANHERA Linen Fragrance riidekappidesse ja sahtlitesse v\u00f5i otse kangastele.<\/p>\n<p>Kasutusjuhend<\/p>\n<p>Pesumasin<\/p>\n<p>Lisa 2 korgit\u00e4it DANHERA pesul\u00f5hna pesumasina sahtlisse.<\/p>\n<p>K\u00e4sipesu<\/p>\n<p>Lisa 2 korgit\u00e4it 5 liitrile veele.<br \/>\nTriikimisel, lahjenda 1\u20132 korgit\u00e4it DANHERA pesul\u00f5hna destilleeritud vees ja kasuta seda triikrauaga.  <\/p>\n","protected":false},"excerpt":{"rendered":"<p>Hinnalised vees lahustuvad koostised l\u00f5hnastavad sinu pesu intensiivselt nii pesumasinas, k\u00e4sitsi pesemisel kui ka triikimisel. Ainulaadsed l\u00f5hnanoodid \u00fcmbritsevad kangad lummava peenusega. <\/p>\n","protected":false},"featured_media":12692,"template":"","meta":{"_acf_changed":false},"product_brand":[483],"product_cat":[261,263],"product_tag":[],"class_list":{"0":"post-19009","1":"product","2":"type-product","3":"status-publish","4":"has-post-thumbnail","6":"product_brand-danhera-et","7":"product_cat-koduhooldus","8":"product_cat-pesuhooldus","9":"nt-post-class","10":"","16":"first","17":"instock","18":"taxable","19":"shipping-taxable","20":"purchasable","21":"product-type-simple"},"acf":[],"_links":{"self":[{"href":"https:\/\/store.astieks.com\/et\/wp-json\/wp\/v2\/product\/19009","targetHints":{"allow":["GET"]}}],"collection":[{"href":"https:\/\/store.astieks.com\/et\/wp-json\/wp\/v2\/product"}],"about":[{"href":"https:\/\/store.astieks.com\/et\/wp-json\/wp\/v2\/types\/product"}],"version-history":[{"count":1,"href":"https:\/\/store.astieks.com\/et\/wp-json\/wp\/v2\/product\/19009\/revisions"}],"predecessor-version":[{"id":21045,"href":"https:\/\/store.astieks.com\/et\/wp-json\/wp\/v2\/product\/19009\/revisions\/21045"}],"wp:featuredmedia":[{"embeddable":true,"href":"https:\/\/store.astieks.com\/et\/wp-json\/wp\/v2\/media\/12692"}],"wp:attachment":[{"href":"https:\/\/store.astieks.com\/et\/wp-json\/wp\/v2\/media?parent=19009"}],"wp:term":[{"taxonomy":"product_brand","embeddable":true,"href":"https:\/\/store.astieks.com\/et\/wp-json\/wp\/v2\/product_brand?post=19009"},{"taxonomy":"product_cat","embeddable":true,"href":"https:\/\/store.astieks.com\/et\/wp-json\/wp\/v2\/product_cat?post=19009"},{"taxonomy":"product_tag","embeddable":true,"href":"https:\/\/store.astieks.com\/et\/wp-json\/wp\/v2\/product_tag?post=19009"}],"curies":[{"name":"wp","href":"https:\/\/api.w.org\/{rel}","templated":true}]}}