{"id":18990,"date":"2025-08-04T14:00:42","date_gmt":"2025-08-04T12:00:42","guid":{"rendered":"https:\/\/store.astieks.com\/product\/danhera-precious-wood-cleaner-nr-101\/"},"modified":"2025-10-21T16:54:04","modified_gmt":"2025-10-21T14:54:04","slug":"danhera-precious-wood-cleaner-nr-101","status":"publish","type":"product","link":"https:\/\/store.astieks.com\/et\/product\/danhera-precious-wood-cleaner-nr-101\/","title":{"rendered":"DANHERA Puiduhooldusvahend Nr. 101"},"content":{"rendered":"<p>Precious Wood Cleaner Nr. 101 on t\u00f5eline kosmeetiline hooldusvahend, mis on p\u00fchendatud puidu elavale olemusele. See on loodud t\u00e4pselt ja \u00f5rnalt vastama naturaalse parketi, antiikpuidu, v\u00e4\u00e4rispuidu ning vaha- v\u00f5i \u00f5lit\u00f6\u00f6tlusega pindade vajadustele, s\u00e4ilitades nende olemuse ja tuues esile puidu algse ilu. <\/p>\n<p>Uue p\u00f5lvkonna valemist s\u00fcndinud Blonde Gel \u00fchendab suspendeeritud ripsmolekulid haruldaste taimsete toimeainetega, pakkudes s\u00fcgavat, ent \u00fclimalt \u00f5rna puhastust. See eemaldab t\u00f5husalt tolmu ja mustuse, kahjustamata puidu struktuuri \u2013 ilma h\u00f5\u00f5rdumiseta ja ilma loputamiseta. <\/p>\n<p>Its regenerating action manifests through active defense against daily wear: it prevents wood from drying out, revives original tones, and with regular use, delivers long-lasting effects and exceptional results.<\/p>\n<p>Puit muutub taas tugevaks, elastselt toonituks, s\u00e4ravaks ja ehtsaks oma loomulikus ilusa olemuses \u2013 justkui oleks see t\u00e4idetud uue eluj\u00f5uga.<\/p>\n<p>Meeleline kogemus: Royal Sandalwood \u2013 kuninglik sandlipuu aroom<br \/>Soe, sametine ja peen l\u00f5hn, mis meenutab idamaade p\u00fchasid templeid ja haruldaste essentside puhtust. L\u00f5hnaharmoonia, mis \u00fcmbritseb kodu sensuaalse pehme puidu, tasakaalu ja intiimsuse embusega.  <\/p>\n<p>DANHERA Italy Tips<\/p>\n<p>Lahjenda etiketil n\u00e4idatud kogus leiges vees.<\/p>\n<p>P\u00fchi pinda pehme, h\u00e4sti v\u00e4ljav\u00e4\u00e4natud mopiga puidus\u00fc\u00fc suunas. Lase loomulikult kuivada.<br \/>Intensiivsema toime jaoks kanna lahjendamata vahend mikrokiudlapile ja jaota \u00fchtlaselt parketile. <\/p>\n<p>P\u00fchi pinda pehme, h\u00e4sti v\u00e4ljav\u00e4\u00e4natud mopiga puidus\u00fc\u00fc suunas. Lase loomulikult kuivada.<\/p>\n<p>Intensiivsema toime jaoks kanna lahjendamata vahend mikrokiudlapile ja jaota \u00fchtlaselt parketile. <\/p>\n<p>Taastav vedelik, mis sisaldab h\u00fcdrovaha ja siidist puudutust, toidab, kaitseb ja toob esile puidu loomuliku elegantsi kauakestvate tulemustega. Puhastab erakordse \u00f5rnusega, r\u00f5hutades puidus\u00fc\u00fc ja toone toonuses, \u00fchtlasel ja s\u00e4raval viisil. Sandlipuu \u00f5rn puudutus muudab igap\u00e4evase hoolduse rafineeritud rituaaliks \u2013 see on hingavate pindade kosmeetiline hooldus, millele on alla kirjutanud DANHERA.   <\/p>\n<p><em>Kosmeetiline taastav hooldus<\/em><\/p>\n<p><em>Toitmine \/ Kaitse \/ Materjali puhtus<br \/><\/em><\/p>\n","protected":false},"excerpt":{"rendered":"<p>Precious Wood Cleaner Nr. 101 on t\u00f5eline kosmeetiline hooldusvahend, mis on p\u00fchendatud puidu elavale olemusele. See on loodud t\u00e4pselt ja \u00f5rnalt vastama naturaalse parketi, antiikpuidu, v\u00e4\u00e4rispuidu ning vaha- v\u00f5i \u00f5lit\u00f6\u00f6tlusega pindade vajadustele, s\u00e4ilitades nende olemuse ja tuues esile puidu algse ilu. Uue p\u00f5lvkonna valemist s\u00fcndinud Blonde Gel \u00fchendab suspendeeritud ripsmolekulid haruldaste taimsete toimeainetega, pakkudes s\u00fcgavat,&#8230;<\/p>\n","protected":false},"featured_media":12769,"template":"","meta":{"_acf_changed":false},"product_brand":[483],"product_cat":[261],"product_tag":[],"class_list":{"0":"post-18990","1":"product","2":"type-product","3":"status-publish","4":"has-post-thumbnail","6":"product_brand-danhera-et","7":"product_cat-koduhooldus","8":"nt-post-class","9":"","12":"excerpt-none","15":"first","16":"instock","17":"taxable","18":"shipping-taxable","19":"purchasable","20":"product-type-simple"},"acf":[],"_links":{"self":[{"href":"https:\/\/store.astieks.com\/et\/wp-json\/wp\/v2\/product\/18990","targetHints":{"allow":["GET"]}}],"collection":[{"href":"https:\/\/store.astieks.com\/et\/wp-json\/wp\/v2\/product"}],"about":[{"href":"https:\/\/store.astieks.com\/et\/wp-json\/wp\/v2\/types\/product"}],"version-history":[{"count":1,"href":"https:\/\/store.astieks.com\/et\/wp-json\/wp\/v2\/product\/18990\/revisions"}],"predecessor-version":[{"id":19002,"href":"https:\/\/store.astieks.com\/et\/wp-json\/wp\/v2\/product\/18990\/revisions\/19002"}],"wp:featuredmedia":[{"embeddable":true,"href":"https:\/\/store.astieks.com\/et\/wp-json\/wp\/v2\/media\/12769"}],"wp:attachment":[{"href":"https:\/\/store.astieks.com\/et\/wp-json\/wp\/v2\/media?parent=18990"}],"wp:term":[{"taxonomy":"product_brand","embeddable":true,"href":"https:\/\/store.astieks.com\/et\/wp-json\/wp\/v2\/product_brand?post=18990"},{"taxonomy":"product_cat","embeddable":true,"href":"https:\/\/store.astieks.com\/et\/wp-json\/wp\/v2\/product_cat?post=18990"},{"taxonomy":"product_tag","embeddable":true,"href":"https:\/\/store.astieks.com\/et\/wp-json\/wp\/v2\/product_tag?post=18990"}],"curies":[{"name":"wp","href":"https:\/\/api.w.org\/{rel}","templated":true}]}}