{"id":18987,"date":"2025-08-04T12:49:03","date_gmt":"2025-08-04T10:49:03","guid":{"rendered":"https:\/\/store.astieks.com\/product\/danhera-dish-soap-cedar-of-cilento-nr-51-with-dispenser\/"},"modified":"2026-04-16T16:54:51","modified_gmt":"2026-04-16T14:54:51","slug":"danhera-dish-soap-cedar-of-cilento-nr-51-with-dispenser","status":"publish","type":"product","link":"https:\/\/store.astieks.com\/et\/product\/danhera-dish-soap-cedar-of-cilento-nr-51-with-dispenser\/","title":{"rendered":"DANHERA N\u00f5udepesuvahend Cedar of Cilento Nr. 51 koos dosaatoriga"},"content":{"rendered":"<p>Peen tasakaal tipptasemel innovatsiooni ja meelelise naudingu vahel.<\/p>\n<p>N\u00f5udepesuvahend Nr. 51 on loodud erakordse t\u00e4psusega, et puhastada, poleerida ja kaitsta s\u00fcgava ning t\u00f5husa toimega. Alates klaasi kristalsest kirkusest kuni keraamika peene s\u00e4rastamiseni \u2013 iga pestav pind saab osaks hoolikast t\u00e4helepanust ja s\u00e4ravast tulemusest. Selle rikkalik ja siidiselt voolav tekstuur tagab intensiivse rasvaeemaldusv\u00f5ime koos ainulaadse poleeriva efektiga. Pehme ja \u00fcmbritsev vaht hellitab k\u00e4si, samal ajal kui Cedro del Cilento \u2013 aegumatu Vahemere eluj\u00f5u s\u00fcmbol \u2013 vabastab elava, s\u00e4rava aroomi, mis kutsub esile p\u00e4ikesest k\u00fcllastunud aedade soojust ja meretuulte v\u00e4rskendavat puudutust.   <\/p>\n<p>Valmistatud suurimat t\u00e4helepanu p\u00f6\u00f6rates k\u00e4te hooldusele ja keskkonnas\u00e4\u00e4stlikkusele, kehastab see koostis DANHERA olemust: t\u00f5hususe, esteetika ja vastutustunde harmoonilist \u00fchtsust.<\/p>\n<p>Meeleline kogemus<\/p>\n<p>Aroom \u2013 \u00dclev sandlipuu embus<br \/>Soe ja sametine kompositsioon, kus v\u00e4\u00e4rika sandlipuu puidused noodid p\u00f5imuvad taltse, muskuslike ja kreemjate n\u00fcanssidega. Intiimne ja kauakestev aroom, mis ei valitse kunagi \u00fcle, vaid saadab graatsiliselt igap\u00e4evaseid hetki. Peen, elegantne ja s\u00fcgavalt rahustav l\u00f5hn, mis muudab iga kanga ning puudutuse emotsionaalseks kogemuseks.   <\/p>\n<p>Rikas, suurep\u00e4rase toimega ja nahas\u00f5bralik geel, mis \u00fchendab t\u00e4iustatud puhastusj\u00f5u ning ootamatult elava tsitruselise l\u00f5hna naudinguga. Valmistatud uue p\u00f5lvkonna taimsetest pindaktiivsetest ainetest, mis lahustavad kergesti ka k\u00f5ige visama rasva, s\u00e4ilitades samas naha loomuliku tasakaalu. <\/p>\n<p>Rikas, suurep\u00e4rase toimega ja nahas\u00f5bralik geel, mis \u00fchendab t\u00e4iustatud puhastusj\u00f5u ning ootamatult elava tsitruselise l\u00f5hna naudinguga. Valmistatud uue p\u00f5lvkonna taimsetest pindaktiivsetest ainetest, mis lahustavad kergesti ka k\u00f5ige visama rasva, s\u00e4ilitades samas naha loomuliku tasakaalu.<\/p>\n","protected":false},"excerpt":{"rendered":"<p>Peen tasakaal tipptasemel innovatsiooni ja meelelise naudingu vahel. N\u00f5udepesuvahend Nr. 51 on loodud erakordse t\u00e4psusega, et puhastada, poleerida ja kaitsta s\u00fcgava ning t\u00f5husa toimega. Alates klaasi kristalsest kirkusest kuni keraamika peene s\u00e4rastamiseni \u2013 iga pestav pind saab osaks hoolikast t\u00e4helepanust ja s\u00e4ravast tulemusest. Selle rikkalik ja siidiselt voolav tekstuur tagab intensiivse rasvaeemaldusv\u00f5ime koos ainulaadse poleeriva&#8230;<\/p>\n","protected":false},"featured_media":12703,"template":"","meta":{"_acf_changed":false},"product_brand":[483],"product_cat":[261],"product_tag":[],"class_list":{"0":"post-18987","1":"product","2":"type-product","3":"status-publish","4":"has-post-thumbnail","6":"product_brand-danhera-et","7":"product_cat-koduhooldus","8":"nt-post-class","9":"","12":"excerpt-none","15":"first","16":"instock","17":"taxable","18":"shipping-taxable","19":"purchasable","20":"product-type-simple"},"acf":[],"_links":{"self":[{"href":"https:\/\/store.astieks.com\/et\/wp-json\/wp\/v2\/product\/18987","targetHints":{"allow":["GET"]}}],"collection":[{"href":"https:\/\/store.astieks.com\/et\/wp-json\/wp\/v2\/product"}],"about":[{"href":"https:\/\/store.astieks.com\/et\/wp-json\/wp\/v2\/types\/product"}],"version-history":[{"count":1,"href":"https:\/\/store.astieks.com\/et\/wp-json\/wp\/v2\/product\/18987\/revisions"}],"predecessor-version":[{"id":21101,"href":"https:\/\/store.astieks.com\/et\/wp-json\/wp\/v2\/product\/18987\/revisions\/21101"}],"wp:featuredmedia":[{"embeddable":true,"href":"https:\/\/store.astieks.com\/et\/wp-json\/wp\/v2\/media\/12703"}],"wp:attachment":[{"href":"https:\/\/store.astieks.com\/et\/wp-json\/wp\/v2\/media?parent=18987"}],"wp:term":[{"taxonomy":"product_brand","embeddable":true,"href":"https:\/\/store.astieks.com\/et\/wp-json\/wp\/v2\/product_brand?post=18987"},{"taxonomy":"product_cat","embeddable":true,"href":"https:\/\/store.astieks.com\/et\/wp-json\/wp\/v2\/product_cat?post=18987"},{"taxonomy":"product_tag","embeddable":true,"href":"https:\/\/store.astieks.com\/et\/wp-json\/wp\/v2\/product_tag?post=18987"}],"curies":[{"name":"wp","href":"https:\/\/api.w.org\/{rel}","templated":true}]}}