{"id":18985,"date":"2025-08-04T14:06:56","date_gmt":"2025-08-04T12:06:56","guid":{"rendered":"https:\/\/store.astieks.com\/product\/danhera-dish-soap-cedar-of-cilento-nr-51-refill\/"},"modified":"2026-04-01T16:11:12","modified_gmt":"2026-04-01T14:11:12","slug":"danhera-dish-soap-cedar-of-cilento-nr-51-refill","status":"publish","type":"product","link":"https:\/\/store.astieks.com\/et\/product\/danhera-dish-soap-cedar-of-cilento-nr-51-refill\/","title":{"rendered":"DANHERA N\u00f5udepesuvahendi t\u00e4itepakend Cedar of Cilento Nr. 51"},"content":{"rendered":"<p>Peen tasakaal tipptasemel innovatsiooni ja meelelise naudingu vahel.<\/p>\n<p>N\u00f5udepesuvahend Nr. 51 on loodud hoolikalt, et puhastada, poleerida ja kaitsta s\u00fcgava ning t\u00f5husa toimega. Alates klaasi kristalsest kirkusest kuni keraamika rafineeritud s\u00e4rastamiseni \u2013 iga pestav pind saab osaks hoolikast t\u00e4helepanust ja s\u00e4ravast tulemusest. Selle rikkalik ja voolav tekstuur tagab intensiivse rasvaeemaldusv\u00f5ime koos ainulaadse poleeriva efektiga. Pehme, siidine vaht hellitab k\u00e4si, samal ajal kui Cedro del Cilento \u2013 aegumatu Vahemere eluj\u00f5u s\u00fcmbol \u2013 vabastab elava ja s\u00e4rava aroomi, mis kutsub esile p\u00e4ikesest k\u00fcllastunud aedade soojust ja meretuulte v\u00e4rskendavat puudutust.   <\/p>\n<p>Valmistatud suurimat t\u00e4helepanu p\u00f6\u00f6rates k\u00e4te hooldusele ja keskkonnas\u00e4\u00e4stlikkusele, kehastab see koostis DANHERA olemust: t\u00f5hususe, esteetika ja vastutustunde harmoonilist \u00fchtsust.<\/p>\n<p>Meeleline kogemus<\/p>\n<p>Cedro del Cilento l\u00f5hn. Pimestav tsitruseline v\u00e4rskusepuhang, mis kannab endas Vahemere s\u00e4ravat energiat. Iidne ja hinnatud seeder jutustab lugusid puutumata loodusest, tuues kohese puhtuse, v\u00e4rskuse ja harmoonia tunde. See elegantne ja ergutav aroom muudab isegi lihtsa klaasi pesemise \u00fclevaks meeleliseks kogemuseks.   <\/p>\n","protected":false},"excerpt":{"rendered":"<p>Peen tasakaal tipptasemel innovatsiooni ja meelelise naudingu vahel. N\u00f5udepesuvahend Nr. 51 on loodud hoolikalt, et puhastada, poleerida ja kaitsta s\u00fcgava ning t\u00f5husa toimega. Alates klaasi kristalsest kirkusest kuni keraamika rafineeritud s\u00e4rastamiseni \u2013 iga pestav pind saab osaks hoolikast t\u00e4helepanust ja s\u00e4ravast tulemusest. Selle rikkalik ja voolav tekstuur tagab intensiivse rasvaeemaldusv\u00f5ime koos ainulaadse poleeriva efektiga. Pehme,&#8230;<\/p>\n","protected":false},"featured_media":12776,"template":"","meta":{"_acf_changed":false},"product_brand":[483],"product_cat":[261],"product_tag":[],"class_list":{"0":"post-18985","1":"product","2":"type-product","3":"status-publish","4":"has-post-thumbnail","6":"product_brand-danhera-et","7":"product_cat-koduhooldus","8":"nt-post-class","9":"","12":"excerpt-none","15":"first","16":"outofstock","17":"taxable","18":"shipping-taxable","19":"purchasable","20":"product-type-simple"},"acf":[],"_links":{"self":[{"href":"https:\/\/store.astieks.com\/et\/wp-json\/wp\/v2\/product\/18985","targetHints":{"allow":["GET"]}}],"collection":[{"href":"https:\/\/store.astieks.com\/et\/wp-json\/wp\/v2\/product"}],"about":[{"href":"https:\/\/store.astieks.com\/et\/wp-json\/wp\/v2\/types\/product"}],"version-history":[{"count":1,"href":"https:\/\/store.astieks.com\/et\/wp-json\/wp\/v2\/product\/18985\/revisions"}],"predecessor-version":[{"id":20599,"href":"https:\/\/store.astieks.com\/et\/wp-json\/wp\/v2\/product\/18985\/revisions\/20599"}],"wp:featuredmedia":[{"embeddable":true,"href":"https:\/\/store.astieks.com\/et\/wp-json\/wp\/v2\/media\/12776"}],"wp:attachment":[{"href":"https:\/\/store.astieks.com\/et\/wp-json\/wp\/v2\/media?parent=18985"}],"wp:term":[{"taxonomy":"product_brand","embeddable":true,"href":"https:\/\/store.astieks.com\/et\/wp-json\/wp\/v2\/product_brand?post=18985"},{"taxonomy":"product_cat","embeddable":true,"href":"https:\/\/store.astieks.com\/et\/wp-json\/wp\/v2\/product_cat?post=18985"},{"taxonomy":"product_tag","embeddable":true,"href":"https:\/\/store.astieks.com\/et\/wp-json\/wp\/v2\/product_tag?post=18985"}],"curies":[{"name":"wp","href":"https:\/\/api.w.org\/{rel}","templated":true}]}}