{"id":18954,"date":"2025-07-31T15:24:41","date_gmt":"2025-07-31T13:24:41","guid":{"rendered":"https:\/\/store.astieks.com\/product\/danhera-il-sogno-laundry-fragrance\/"},"modified":"2026-03-24T13:31:44","modified_gmt":"2026-03-24T11:31:44","slug":"danhera-il-sogno-laundry-fragrance","status":"publish","type":"product","link":"https:\/\/store.astieks.com\/et\/product\/danhera-il-sogno-laundry-fragrance\/","title":{"rendered":"DANHERA IL Sogno Pesul\u00f5hn"},"content":{"rendered":"<p>Dream Laundry Fragrance kujutab endast kaunist teekonda kujutlusv\u00f5ime aarete juurde. V\u00f5luv Pariisi h\u00f5ngu vahelduvad unistuste ja Belle \u00c9poque\u2019i m\u00e4lestustega. Elu, kunstiteos, jutustatud k\u00f6itva parf\u00fc\u00fcmi kaudu.  <\/p>\n<p>Vali DANHERA Home Purity pesuvahend ja \u00fchenda see Conditioner Nr. 66\u2019ga, et suurendada r\u00f5ivaste pehmust.<\/p>\n<p>Doseeri pesul\u00f5hn pesumasina eraldi sahtlisse. T\u00e4iusliku l\u00f5hnakogemuse jaoks pihusta DANHERA Linen Fragrance riidekappidesse ja sahtlitesse. <\/p>\n<p>DANHERA Italy n\u00f5uanded: Dream Laundry saavutamiseks kasuta DANHERA pesuvahendit ja \u00fchenda see DANHERA Conditioner Nr. 66\u2019ga, et toita r\u00f5ivaid ja lisada pehmust. Vala pesul\u00f5hn pesumasina eraldi sahtlisse. <\/p>\n<p>T\u00e4ieliku l\u00f5hnakogemuse saavutamiseks pihusta DANHERA Linen Fragrance riidekappidesse ja sahtlitesse v\u00f5i otse kangastele.<\/p>\n<p>L\u00f5hnap\u00fcramiid:<\/p>\n<p>Tipunoodid: sinine iiris, freesia<br \/>\nS\u00fcdamenoodid: puudrine noot<br \/>\nP\u00f5hjanoodid: peruu palsam, sandlipuu<\/p>\n","protected":false},"excerpt":{"rendered":"<p>Hinnalised vees lahustuvad koostised l\u00f5hnastavad sinu pesu intensiivselt nii pesumasinas, k\u00e4sitsi pesemisel kui ka triikimisel. Ainulaadsed l\u00f5hnanoodid \u00fcmbritsevad kangad lummava peenusega. <\/p>\n","protected":false},"featured_media":12938,"template":"","meta":{"_acf_changed":false},"product_brand":[483],"product_cat":[261,263],"product_tag":[],"class_list":{"0":"post-18954","1":"product","2":"type-product","3":"status-publish","4":"has-post-thumbnail","6":"product_brand-danhera-et","7":"product_cat-koduhooldus","8":"product_cat-pesuhooldus","9":"nt-post-class","10":"","16":"first","17":"instock","18":"taxable","19":"shipping-taxable","20":"purchasable","21":"product-type-simple"},"acf":[],"_links":{"self":[{"href":"https:\/\/store.astieks.com\/et\/wp-json\/wp\/v2\/product\/18954","targetHints":{"allow":["GET"]}}],"collection":[{"href":"https:\/\/store.astieks.com\/et\/wp-json\/wp\/v2\/product"}],"about":[{"href":"https:\/\/store.astieks.com\/et\/wp-json\/wp\/v2\/types\/product"}],"version-history":[{"count":1,"href":"https:\/\/store.astieks.com\/et\/wp-json\/wp\/v2\/product\/18954\/revisions"}],"predecessor-version":[{"id":20260,"href":"https:\/\/store.astieks.com\/et\/wp-json\/wp\/v2\/product\/18954\/revisions\/20260"}],"wp:featuredmedia":[{"embeddable":true,"href":"https:\/\/store.astieks.com\/et\/wp-json\/wp\/v2\/media\/12938"}],"wp:attachment":[{"href":"https:\/\/store.astieks.com\/et\/wp-json\/wp\/v2\/media?parent=18954"}],"wp:term":[{"taxonomy":"product_brand","embeddable":true,"href":"https:\/\/store.astieks.com\/et\/wp-json\/wp\/v2\/product_brand?post=18954"},{"taxonomy":"product_cat","embeddable":true,"href":"https:\/\/store.astieks.com\/et\/wp-json\/wp\/v2\/product_cat?post=18954"},{"taxonomy":"product_tag","embeddable":true,"href":"https:\/\/store.astieks.com\/et\/wp-json\/wp\/v2\/product_tag?post=18954"}],"curies":[{"name":"wp","href":"https:\/\/api.w.org\/{rel}","templated":true}]}}