{"id":18914,"date":"2025-08-04T14:12:42","date_gmt":"2025-08-04T12:12:42","guid":{"rendered":"https:\/\/store.astieks.com\/product\/danhera-kitchen-cleaner-nr-52\/"},"modified":"2025-08-04T14:12:42","modified_gmt":"2025-08-04T12:12:42","slug":"danhera-kitchen-cleaner-nr-52","status":"publish","type":"product","link":"https:\/\/store.astieks.com\/et\/product\/danhera-kitchen-cleaner-nr-52\/","title":{"rendered":"DANHERA K\u00f6\u00f6gipuhastusvahend Nr. 52"},"content":{"rendered":"<p>K\u00f6\u00f6gipuhastusvahend Nr. 52 on DANHERA vastus k\u00f6\u00f6gi igap\u00e4evasele hooldusele, uuendatud l\u00e4bi kaasaegse funktsionaalse kosmeetika peene prisma.<\/p>\n<p>Selle pihustusvormel, rikastatud taimsete pindaktiivsete ainete ja aktiivsete emulsiooniainega, lahustab k\u00fcpsetatud rasva, \u00f5lid, toiduj\u00e4\u00e4gid ja s\u00f5rmej\u00e4ljed hetkega \u2013 ka k\u00f5ige keerukamatel pindadel nagu roostevaba teras, klaas-keramika, induktsioonpliidiplaadid ja k\u00f6\u00f6gikapid.<\/p>\n<p>M\u00f5eldud sagedaseks kasutamiseks, t\u00f6\u00f6tab t\u00e4pselt, j\u00e4ttes triipudeta ja mittetoksilisi j\u00e4\u00e4ke, muutes selle ohutuks pindadel, kus kokkamine ja igap\u00e4evaelu kohtuvad.<\/p>\n<p>Selle eksklusiivne Nektariini-virsiku l\u00f5hn hellitab meeli magusate, v\u00e4rskete ja mahlakate nootidega \u2013 t\u00e4ites \u00f5hu v\u00e4rskelt korjatud puuvilja nauditava tunde ja s\u00fcgava puhtuse tunnetusega.<\/p>\n<p>M\u00f5eldud sagedaseks kasutamiseks, t\u00f6\u00f6tab t\u00e4pselt, j\u00e4ttes triipudeta ja mittetoksilisi j\u00e4\u00e4ke, muutes selle ohutuks pindadel, kus kokkamine ja igap\u00e4evaelu kohtuvad.<\/p>\n<p>Selle eksklusiivne Nektariini-virsiku l\u00f5hn hellitab meeli magusate, v\u00e4rskete ja mahlakate nootidega \u2013 t\u00e4ites \u00f5hu v\u00e4rskelt korjatud puuvilja nauditava tunde ja s\u00fcgava puhtuse tunnetusega.<\/p>\n<p>Meeleline kogemus: Nektariini-virsiku l\u00f5hn. L\u00f5hnaline harmoonia, mis lummab meeli igap\u00e4evaelus. Nektariini-virsik oma siidise magususe ja p\u00e4ikesekallistatud karakteriga p\u00f5imub puuviljaste ja s\u00e4ravate n\u00fcanssidega, luues atmosf\u00e4\u00e4ri peenest delikaatsusest.  <\/p>\n<p>DANHERA Italy n\u00f5uanded: Pihusta puhastatavale pinnale ja p\u00fchkige seej\u00e4rel pehme lapiga. Parima tulemuse saavutamiseks kasuta Danhera Mikrofiiberlappi Nr. 50. <\/p>\n<p>Koostisosad: vastavad m\u00e4\u00e4rusele (E\u00dc) nr 648\/2004. L\u00f5hnaaine. <\/p>\n<p>Kiiretoimeline kosmeetiline rasvaeemalduspihusti, spetsiaalselt loodud k\u00f6\u00f6gi- ja kodupindadelt rasva ja orgaaniliste j\u00e4\u00e4kide eemaldamiseks. T\u00f5hus, ohutu ja intensiivselt l\u00f5hnav, j\u00e4ttes teie kodu puhtaks ja \u00f5rnalt kaetud maitsva Nektariini-virsiku aroomij\u00e4ljega. <\/p>\n<p><em>Taimne puhtus \/ Puuviljaline emotsioon<\/em><\/p>\n","protected":false},"excerpt":{"rendered":"<p>K\u00f6\u00f6gipuhastusvahend Nr. 52 on DANHERA vastus k\u00f6\u00f6gi igap\u00e4evasele hooldusele, uuendatud l\u00e4bi kaasaegse funktsionaalse kosmeetika peene prisma. Selle pihustusvormel, rikastatud taimsete pindaktiivsete ainete ja aktiivsete emulsiooniainega, lahustab k\u00fcpsetatud rasva, \u00f5lid, toiduj\u00e4\u00e4gid ja s\u00f5rmej\u00e4ljed hetkega \u2013 ka k\u00f5ige keerukamatel pindadel nagu roostevaba teras, klaas-keramika, induktsioonpliidiplaadid ja k\u00f6\u00f6gikapid. M\u00f5eldud sagedaseks kasutamiseks, t\u00f6\u00f6tab t\u00e4pselt, j\u00e4ttes triipudeta ja mittetoksilisi j\u00e4\u00e4ke,&#8230;<\/p>\n","protected":false},"featured_media":12791,"template":"","meta":{"_acf_changed":false},"product_brand":[483],"product_cat":[261],"product_tag":[],"class_list":{"0":"post-18914","1":"product","2":"type-product","3":"status-publish","4":"has-post-thumbnail","6":"product_brand-danhera-et","7":"product_cat-koduhooldus","8":"nt-post-class","9":"","12":"excerpt-none","15":"first","16":"outofstock","17":"taxable","18":"shipping-taxable","19":"purchasable","20":"product-type-simple"},"acf":[],"_links":{"self":[{"href":"https:\/\/store.astieks.com\/et\/wp-json\/wp\/v2\/product\/18914","targetHints":{"allow":["GET"]}}],"collection":[{"href":"https:\/\/store.astieks.com\/et\/wp-json\/wp\/v2\/product"}],"about":[{"href":"https:\/\/store.astieks.com\/et\/wp-json\/wp\/v2\/types\/product"}],"version-history":[{"count":0,"href":"https:\/\/store.astieks.com\/et\/wp-json\/wp\/v2\/product\/18914\/revisions"}],"wp:featuredmedia":[{"embeddable":true,"href":"https:\/\/store.astieks.com\/et\/wp-json\/wp\/v2\/media\/12791"}],"wp:attachment":[{"href":"https:\/\/store.astieks.com\/et\/wp-json\/wp\/v2\/media?parent=18914"}],"wp:term":[{"taxonomy":"product_brand","embeddable":true,"href":"https:\/\/store.astieks.com\/et\/wp-json\/wp\/v2\/product_brand?post=18914"},{"taxonomy":"product_cat","embeddable":true,"href":"https:\/\/store.astieks.com\/et\/wp-json\/wp\/v2\/product_cat?post=18914"},{"taxonomy":"product_tag","embeddable":true,"href":"https:\/\/store.astieks.com\/et\/wp-json\/wp\/v2\/product_tag?post=18914"}],"curies":[{"name":"wp","href":"https:\/\/api.w.org\/{rel}","templated":true}]}}