{"id":18910,"date":"2025-08-04T14:27:45","date_gmt":"2025-08-04T12:27:45","guid":{"rendered":"https:\/\/store.astieks.com\/product\/danhera-surface-sanitizer-nr-53\/"},"modified":"2025-10-13T13:39:03","modified_gmt":"2025-10-13T11:39:03","slug":"danhera-surface-sanitizer-nr-53","status":"publish","type":"product","link":"https:\/\/store.astieks.com\/et\/product\/danhera-surface-sanitizer-nr-53\/","title":{"rendered":"DANHERA Pinnadesinfitseerija Nr. 53"},"content":{"rendered":"<p>T\u00e4iuslik tehnoloogia ja looduse s\u00fcmbioos \u2013 Rapid Surface Sanitizing Spray Nr. 53 tagab kohese ja ohutu puhastuse k\u00f5igil pestavatel pindadel.<\/p>\n<p>Selle koostis, rikastatud orgaanilise alkoholiga, puhastab ja desinfitseerib \u00fche liigutusega \u2013 loputamist ei ole vaja \u2013 eemaldades mustuse ja j\u00e4\u00e4gid absoluutse t\u00e4psusega.<\/p>\n<p>See on ideaalne valik pindadele, mis puutuvad kokku toiduga, tagades autentse h\u00fcgieeni ilma l\u00f5hnah\u00e4ireta.<\/p>\n<p>\u00d5rn koostis teeb selle sobivaks ka beebitarvete puhastamiseks: s\u00f6\u00f6gitoolid, m\u00e4nguasjad, m\u00e4hkimismatid ja voodikohad desinfitseeritakse sekunditega, ilma karmide alkoholide v\u00f5i potentsiaalselt \u00e4rritavate l\u00f5hnadeta.<\/p>\n<p>Puhastab, desinfitseerib ja kuivab j\u00e4lgi j\u00e4tmata. T\u00e4iuslik igap\u00e4evaseks puhastuseks k\u00f6\u00f6kides, vannitubades, t\u00f6\u00f6tasapindadel, igap\u00e4evastel esemetel ja elektroonikaseadmetel. <\/p>\n<p>DANHERA Italy n\u00f5uanded: Pihusta toode otse t\u00f6\u00f6deldavale pinnale ja p\u00fchkige puhta mikrofiiberlapiga, et eemaldada j\u00e4\u00e4gid ja mustus. Pindadel, mis puutuvad kokku toiduga, lase m\u00f5ni sekund enne kuivatamist, et tagada s\u00fcgavama h\u00fcgieeni efekt. Loputamist ei ole vaja.  <\/p>\n<p>Kiiretoimeline ja ohutu desinfitseeriv pihustus, loodud tagama s\u00fcgava ja p\u00fcsiva kaitse k\u00f5igil pestavatel pindadel. Koostatud kvaliteetsest orgaanilisest alkoholist ja taimsest aktiivsest koostisosast, tagab laitmatu puhtuse ilma triipudeta. Ideaalne pindadele, mis puutuvad kokku toiduga, ning laste kasutuses olevate esemete ohutuseks.  <\/p>\n<p><em>Oluline \/ Kohene \/ N\u00e4htamatu<\/em><\/p>\n","protected":false},"excerpt":{"rendered":"<p>T\u00e4iuslik tehnoloogia ja looduse s\u00fcmbioos \u2013 Rapid Surface Sanitizing Spray Nr. 53 tagab kohese ja ohutu puhastuse k\u00f5igil pestavatel pindadel. Selle koostis, rikastatud orgaanilise alkoholiga, puhastab ja desinfitseerib \u00fche liigutusega \u2013 loputamist ei ole vaja \u2013 eemaldades mustuse ja j\u00e4\u00e4gid absoluutse t\u00e4psusega. See on ideaalne valik pindadele, mis puutuvad kokku toiduga, tagades autentse h\u00fcgieeni ilma&#8230;<\/p>\n","protected":false},"featured_media":12801,"template":"","meta":{"_acf_changed":false},"product_brand":[483],"product_cat":[261],"product_tag":[],"class_list":{"0":"post-18910","1":"product","2":"type-product","3":"status-publish","4":"has-post-thumbnail","6":"product_brand-danhera-et","7":"product_cat-koduhooldus","8":"nt-post-class","9":"","12":"excerpt-none","15":"first","16":"instock","17":"taxable","18":"shipping-taxable","19":"purchasable","20":"product-type-simple"},"acf":[],"_links":{"self":[{"href":"https:\/\/store.astieks.com\/et\/wp-json\/wp\/v2\/product\/18910","targetHints":{"allow":["GET"]}}],"collection":[{"href":"https:\/\/store.astieks.com\/et\/wp-json\/wp\/v2\/product"}],"about":[{"href":"https:\/\/store.astieks.com\/et\/wp-json\/wp\/v2\/types\/product"}],"version-history":[{"count":1,"href":"https:\/\/store.astieks.com\/et\/wp-json\/wp\/v2\/product\/18910\/revisions"}],"predecessor-version":[{"id":18916,"href":"https:\/\/store.astieks.com\/et\/wp-json\/wp\/v2\/product\/18910\/revisions\/18916"}],"wp:featuredmedia":[{"embeddable":true,"href":"https:\/\/store.astieks.com\/et\/wp-json\/wp\/v2\/media\/12801"}],"wp:attachment":[{"href":"https:\/\/store.astieks.com\/et\/wp-json\/wp\/v2\/media?parent=18910"}],"wp:term":[{"taxonomy":"product_brand","embeddable":true,"href":"https:\/\/store.astieks.com\/et\/wp-json\/wp\/v2\/product_brand?post=18910"},{"taxonomy":"product_cat","embeddable":true,"href":"https:\/\/store.astieks.com\/et\/wp-json\/wp\/v2\/product_cat?post=18910"},{"taxonomy":"product_tag","embeddable":true,"href":"https:\/\/store.astieks.com\/et\/wp-json\/wp\/v2\/product_tag?post=18910"}],"curies":[{"name":"wp","href":"https:\/\/api.w.org\/{rel}","templated":true}]}}