{"id":18906,"date":"2025-08-04T14:37:44","date_gmt":"2025-08-04T12:37:44","guid":{"rendered":"https:\/\/store.astieks.com\/product\/danhera-window-cleaner-nr-54\/"},"modified":"2025-08-04T14:37:44","modified_gmt":"2025-08-04T12:37:44","slug":"danhera-window-cleaner-nr-54","status":"publish","type":"product","link":"https:\/\/store.astieks.com\/et\/product\/danhera-window-cleaner-nr-54\/","title":{"rendered":"DANHERA Akende Puhastusvahend Nr. 54<br>"},"content":{"rendered":"<p><strong>Valguse Rituaal<\/strong><\/p>\n<p>HOME PURITY kollektsiooni s\u00fcdames kehastab Glass &amp; Crystal Cleaner Nr. 54 ilu- ja hooldusrutiinide kunsti graatsia ja harmooniaga.<\/p>\n<p>Selle uuenduslik koostis toimib t\u00e4pselt \u2013 lahustades mustuse ning j\u00e4ttes klaasi, peeglid ja kristallpinnad laitmatult puhtaks, s\u00e4ravaks ja hommikust \u00f5hku meenutavalt puhtaks.<\/p>\n<p>Iga pihustus on puhtuse \u017eest, n\u00e4htamatu hellitus, mis \u00e4ratab valguse, peegeldab ruumi elegantsi ja suurendab korda ning heaolu tunnet.<\/p>\n<p>\u00dclipeen udu tagab \u00fchtlase ja s\u00e4\u00e4stliku jaotuse, samal ajal kui antistaatiline efekt s\u00e4ilitab s\u00e4ra pikema aja v\u00e4ltel, aeglustades tolmu kogunemist ja hoides peegeldused selged ja s\u00e4ravad kauem.<\/p>\n<p>Ilma karmide aineteta, sobib Nr. 54 ka \u00f5rnadele ja v\u00e4\u00e4rtuslikele pindadele. Valguse rituaal. Avatud aken kodu hingesse.  <\/p>\n<p>DANHERA Italy kasutusn\u00f5uanded: Pihusta otse t\u00f6\u00f6deldavale pinnale. P\u00fchkige kohe kuiv microfiberlapi abil, et saavutada s\u00e4ra. T\u00f5rksama mustuse korral korrake pihustust kergelt niisutatud lapiga ja kuivatage seej\u00e4rel. Loputamine ei ole vajalik.   <\/p>\n<p>Meeleline kogemus: Crystal Water aroom. Valguseline ja l\u00e4bipaistev harmoonia, inspireeritud puhta vee v\u00e4rskusest. Kerguse h\u00f5ng, kus \u00f5hu v\u00e4rskus ja veenootide puhtus sulanduvad elustavaks ja olulise s\u00fcnergiaga tervikuks. \u00d5rn ja peene n\u00fcansiga l\u00f5hn, mis meenutab kristallallikate selgust ja mere\u00f5hu \u00f5rna hingust.   <\/p>\n<p>\u00dcli\u00adt\u00f5hus pihustatav puhastusvahend, loodud tagama absoluutselt l\u00e4bipaistva ja kristallselge s\u00e4ra klaasil, peeglitel ja l\u00e4ikivatel pindadel. Selle t\u00e4iustatud koostis eemaldab t\u00f5husalt tolmu, s\u00f5rmej\u00e4ljed ja triibud, taastades valguse v\u00f5lu igas peegelduses. <\/p>\n<p><em>Valgus ja puhtus \/ T\u00e4iuslikkuse peegeldus<\/em><\/p>\n","protected":false},"excerpt":{"rendered":"<p>Valguse Rituaal HOME PURITY kollektsiooni s\u00fcdames kehastab Glass &amp; Crystal Cleaner Nr. 54 ilu- ja hooldusrutiinide kunsti graatsia ja harmooniaga. Selle uuenduslik koostis toimib t\u00e4pselt \u2013 lahustades mustuse ning j\u00e4ttes klaasi, peeglid ja kristallpinnad laitmatult puhtaks, s\u00e4ravaks ja hommikust \u00f5hku meenutavalt puhtaks. Iga pihustus on puhtuse \u017eest, n\u00e4htamatu hellitus, mis \u00e4ratab valguse, peegeldab ruumi elegantsi&#8230;<\/p>\n","protected":false},"featured_media":12813,"template":"","meta":{"_acf_changed":false},"product_brand":[483],"product_cat":[261],"product_tag":[],"class_list":{"0":"post-18906","1":"product","2":"type-product","3":"status-publish","4":"has-post-thumbnail","6":"product_brand-danhera-et","7":"product_cat-koduhooldus","8":"nt-post-class","9":"","12":"excerpt-none","15":"first","16":"instock","17":"taxable","18":"shipping-taxable","19":"purchasable","20":"product-type-simple"},"acf":[],"_links":{"self":[{"href":"https:\/\/store.astieks.com\/et\/wp-json\/wp\/v2\/product\/18906","targetHints":{"allow":["GET"]}}],"collection":[{"href":"https:\/\/store.astieks.com\/et\/wp-json\/wp\/v2\/product"}],"about":[{"href":"https:\/\/store.astieks.com\/et\/wp-json\/wp\/v2\/types\/product"}],"version-history":[{"count":0,"href":"https:\/\/store.astieks.com\/et\/wp-json\/wp\/v2\/product\/18906\/revisions"}],"wp:featuredmedia":[{"embeddable":true,"href":"https:\/\/store.astieks.com\/et\/wp-json\/wp\/v2\/media\/12813"}],"wp:attachment":[{"href":"https:\/\/store.astieks.com\/et\/wp-json\/wp\/v2\/media?parent=18906"}],"wp:term":[{"taxonomy":"product_brand","embeddable":true,"href":"https:\/\/store.astieks.com\/et\/wp-json\/wp\/v2\/product_brand?post=18906"},{"taxonomy":"product_cat","embeddable":true,"href":"https:\/\/store.astieks.com\/et\/wp-json\/wp\/v2\/product_cat?post=18906"},{"taxonomy":"product_tag","embeddable":true,"href":"https:\/\/store.astieks.com\/et\/wp-json\/wp\/v2\/product_tag?post=18906"}],"curies":[{"name":"wp","href":"https:\/\/api.w.org\/{rel}","templated":true}]}}