{"id":18903,"date":"2025-08-04T14:55:39","date_gmt":"2025-08-04T12:55:39","guid":{"rendered":"https:\/\/store.astieks.com\/product\/danhera-calabrian-bergamot-floor-cleaner-nr-56\/"},"modified":"2025-08-04T14:55:39","modified_gmt":"2025-08-04T12:55:39","slug":"danhera-calabrian-bergamot-floor-cleaner-nr-56","status":"publish","type":"product","link":"https:\/\/store.astieks.com\/et\/product\/danhera-calabrian-bergamot-floor-cleaner-nr-56\/","title":{"rendered":"DANHERA Calabriani Bergamoti P\u00f5randapuhastusvahend Nr. 56"},"content":{"rendered":"<p><strong>Elegants kohtub t\u00f5hususega<br \/><\/strong><\/p>\n<p>CALABRIAN BERGAMOT FLOOR CLEANER NR. 56 kehastab t\u00e4iuslikku tasakaalu t\u00f5hususe ja \u00f5rnuse vahel, pakkudes kompromissitut puhtust ja v\u00f5rreldamatut l\u00f5hnaelegantsi.<\/p>\n<p>Selle t\u00e4iustatud koostis, mis on loodud austusega ka k\u00f5ige hinnalisemate pindade vastu, puhastab s\u00fcgavuti \u2013 eemaldades mustuse ja tuhmuse ning tuues esile p\u00f5randa loomuliku ilu.<\/p>\n<p>T\u00e4nu rippuva toimemehhanismiga molekulidele tagab see veatu puhastuse k\u00f5ikidel p\u00f5randatel ja k\u00f5vadel pindadel, nagu marmor, keraamika, terrakota ja kivikeraamika \u2013 eemaldades t\u00e4pselt mustuse ega j\u00e4ta j\u00e4\u00e4ke.<\/p>\n<p>See uuenduslik tehnoloogia tagab t\u00f5husa ja \u00fchtlase puhastuse, s\u00e4ilitades materjalide loomuliku s\u00e4ra ja pikendades nende v\u00e4rskust ajas.<\/p>\n<p>Rikkalik Calabriani bergamott, mis on tuntud oma puhastavate ja v\u00e4rskendavate omaduste poolest, annab peene ja p\u00fcsiva aroomi \u2013 muutes igap\u00e4evase p\u00f5randahoolduse meelte hellitamise rituaaliks.<\/p>\n<p>Calabriani bergamoti aroom. L\u00f5hnaline energia ja valgusepuhang. Bergamott \u2013 Vahemere v\u00e4\u00e4rikas tsitrus \u2013 p\u00f5imub s\u00e4delevate roheliste nootidega, luues elava, elegantse ja kestva v\u00e4rskuse. See on ehtsa puhtuse l\u00f5hn, mis uuendab ja t\u00f5stab ruumi meeleolu.   <\/p>\n<p>Kasutamine: Lahjenda 25 ml toodet 5 liitris soojas vees. Kanna lahus pinnale h\u00e4sti v\u00e4ljav\u00e4\u00e4natud mopiga, jaota \u00fchtlaselt. Loputamine ei ole vajalik. T\u00e4iusliku s\u00e4ra saavutamiseks lase pinnal \u00f5hu k\u00e4es kuivada. Igap\u00e4evane rituaal kodule, mis s\u00e4rab elegantsi ja v\u00e4rskusega.    <\/p>\n<p>Haruldase peenusega geelne puhastusvahend, mis on loodud tagama s\u00fcgava puhastuse laitmatute tulemustega. See l\u00e4ikestab kodupindu ega vaja loputamist. Rikastatud Calabriani bergamoti essentsiga, mille v\u00e4rsked ja tsitruselised noodid katavad ruumi puhtuse ja heaolutundega, muutes iga pinna uuendatuks ja s\u00e4ravaks.  <\/p>\n<p><em><strong>Kergus pindadel \/ Harmoonia \u00f5hus<\/strong><\/em><\/p>\n","protected":false},"excerpt":{"rendered":"<p>Elegants kohtub t\u00f5hususega CALABRIAN BERGAMOT FLOOR CLEANER NR. 56 kehastab t\u00e4iuslikku tasakaalu t\u00f5hususe ja \u00f5rnuse vahel, pakkudes kompromissitut puhtust ja v\u00f5rreldamatut l\u00f5hnaelegantsi. Selle t\u00e4iustatud koostis, mis on loodud austusega ka k\u00f5ige hinnalisemate pindade vastu, puhastab s\u00fcgavuti \u2013 eemaldades mustuse ja tuhmuse ning tuues esile p\u00f5randa loomuliku ilu. T\u00e4nu rippuva toimemehhanismiga molekulidele tagab see veatu puhastuse&#8230;<\/p>\n","protected":false},"featured_media":12821,"template":"","meta":{"_acf_changed":false},"product_brand":[483],"product_cat":[261],"product_tag":[],"class_list":{"0":"post-18903","1":"product","2":"type-product","3":"status-publish","4":"has-post-thumbnail","6":"product_brand-danhera-et","7":"product_cat-koduhooldus","8":"nt-post-class","9":"","12":"excerpt-none","15":"first","16":"instock","17":"taxable","18":"shipping-taxable","19":"purchasable","20":"product-type-simple"},"acf":[],"_links":{"self":[{"href":"https:\/\/store.astieks.com\/et\/wp-json\/wp\/v2\/product\/18903","targetHints":{"allow":["GET"]}}],"collection":[{"href":"https:\/\/store.astieks.com\/et\/wp-json\/wp\/v2\/product"}],"about":[{"href":"https:\/\/store.astieks.com\/et\/wp-json\/wp\/v2\/types\/product"}],"version-history":[{"count":0,"href":"https:\/\/store.astieks.com\/et\/wp-json\/wp\/v2\/product\/18903\/revisions"}],"wp:featuredmedia":[{"embeddable":true,"href":"https:\/\/store.astieks.com\/et\/wp-json\/wp\/v2\/media\/12821"}],"wp:attachment":[{"href":"https:\/\/store.astieks.com\/et\/wp-json\/wp\/v2\/media?parent=18903"}],"wp:term":[{"taxonomy":"product_brand","embeddable":true,"href":"https:\/\/store.astieks.com\/et\/wp-json\/wp\/v2\/product_brand?post=18903"},{"taxonomy":"product_cat","embeddable":true,"href":"https:\/\/store.astieks.com\/et\/wp-json\/wp\/v2\/product_cat?post=18903"},{"taxonomy":"product_tag","embeddable":true,"href":"https:\/\/store.astieks.com\/et\/wp-json\/wp\/v2\/product_tag?post=18903"}],"curies":[{"name":"wp","href":"https:\/\/api.w.org\/{rel}","templated":true}]}}