{"id":18896,"date":"2025-08-04T15:02:32","date_gmt":"2025-08-04T13:02:32","guid":{"rendered":"https:\/\/store.astieks.com\/product\/danhera-all-pourpose-intensive-sanitizer-nr-58\/"},"modified":"2025-08-04T15:02:32","modified_gmt":"2025-08-04T13:02:32","slug":"danhera-all-pourpose-intensive-sanitizer-nr-58","status":"publish","type":"product","link":"https:\/\/store.astieks.com\/et\/product\/danhera-all-pourpose-intensive-sanitizer-nr-58\/","title":{"rendered":"DANHERA K\u00f5ikepuhastav Intensiivne Desinfitseerija Nr. 58<br>"},"content":{"rendered":"<p>Rohkem kui lihtsalt puhastusvahend \u2013 Siberian Intensive Sanitizer Nr. 58 on meelteelamus, mis \u00fchendab s\u00fcgavpuhastuse ja austuse kodu ning selle elanike vastu.<\/p>\n<p>DANHERA on loonud k\u00f5rge nakkumisv\u00f5imega geelvormeli, mis katab ja puhastab iga pinna, parandades desinfitseerivat toimet ega j\u00e4ta j\u00e4\u00e4ke.<\/p>\n<p>Taimsetel pindaktiivsetel ainetel ja madala m\u00f5juga koostisosadel p\u00f5hinev s\u00fcnergia tagab laitmatu puhtuse \u2013 eemaldades mustuse, bakterid ja p\u00fcsivad l\u00f5hnad ilma alkoholita, ammoniaagi v\u00f5i agressiivsete ainete kasutamiseta.<\/p>\n<p>See on teadlik hoolivuse \u017eest, mis s\u00e4ilitab tasakaalu kaitse ja \u00f5rnuse vahel, muutes iga ruumi turvaliseks ja harmooniliseks.<\/p>\n<p>Ideaalne k\u00f6\u00f6kide, vannitubade, t\u00f6\u00f6tasapindade, valamute, k\u00e4epidemete, p\u00f5randate ja igap\u00e4evaste pindade jaoks \u2014 Nr. 58 annab kestva ja puhastava v\u00e4rskusetunde.<\/p>\n<p>L\u00f5hn, inspireeritud Siberi metsast, t\u00e4idab \u00f5hu kristallselge, palsamilise atmosf\u00e4\u00e4riga, mis meenutab puutumata \u00f5hu puhtust ja looduse s\u00fcgavat hingust.<\/p>\n<p>Dermatoloogiliselt testitud ja loodud austusega laste, lemmikloomade ning tundliku naha vastu \u2013 ideaalne kaaslane t\u00f5eliseks puhtuseks.<\/p>\n<p>&nbsp;<\/p>\n<p>Siberian Forest Fragrance. A symphony of freshness and purity. Balsamic, resinous, and vibrant notes that recall the muffled silence of snowy woods, the strength of untamed nature, the deep breath of eternal green.  <\/p>\n<p>Siberi metsa aroom \u2013 v\u00e4rskuse ja puhtuse s\u00fcmfoonia. Palsamilised, vaigused ja elavad noodid, mis meenutavad lumiste metsade vaikust, taltsutamata looduse j\u00f5udu ja igihalja s\u00fcgavat hingust.<br \/>See on energiat andev ja rahustav l\u00f5hn, mis annab kodule uue l\u00f5hnamaailma \u2013 v\u00e4rske, rahustava ja elustava. Intensiivne desinfitseeriv geel \u2013 \u00fcmbritseva tekstuuri ja \u00e4ratuntava palsamilise v\u00e4rskusega.<br \/>Puhastab ja desinfitseerib k\u00f5ik pestavad pinnad t\u00f5husalt ja \u00f5rnalt, eemaldades mikroobid, mustuse ja ebameeldivad l\u00f5hnad, ilma et kahjustaks v\u00f5i muudaks pinda.<br \/>Kontsentreeritud lahus, mis \u00fchendab j\u00f5u ja \u00f5rnuse, tagades veatu h\u00fcgieeni ja kodu, mis hingab heaolutunnet.   <\/p>\n<p><em><strong>Siberi v\u00e4rskus.<\/strong><\/em><\/p>\n<p><em><strong>Turvalisus \/ S\u00fcgavus \/ Looduslik Harmoonia<\/strong><\/em><\/p>\n","protected":false},"excerpt":{"rendered":"<p>Rohkem kui lihtsalt puhastusvahend \u2013 Siberian Intensive Sanitizer Nr. 58 on meelteelamus, mis \u00fchendab s\u00fcgavpuhastuse ja austuse kodu ning selle elanike vastu. DANHERA on loonud k\u00f5rge nakkumisv\u00f5imega geelvormeli, mis katab ja puhastab iga pinna, parandades desinfitseerivat toimet ega j\u00e4ta j\u00e4\u00e4ke. Taimsetel pindaktiivsetel ainetel ja madala m\u00f5juga koostisosadel p\u00f5hinev s\u00fcnergia tagab laitmatu puhtuse \u2013 eemaldades mustuse,&#8230;<\/p>\n","protected":false},"featured_media":12833,"template":"","meta":{"_acf_changed":false},"product_brand":[483],"product_cat":[261],"product_tag":[],"class_list":{"0":"post-18896","1":"product","2":"type-product","3":"status-publish","4":"has-post-thumbnail","6":"product_brand-danhera-et","7":"product_cat-koduhooldus","8":"nt-post-class","9":"","12":"excerpt-none","15":"first","16":"instock","17":"taxable","18":"shipping-taxable","19":"purchasable","20":"product-type-simple"},"acf":[],"_links":{"self":[{"href":"https:\/\/store.astieks.com\/et\/wp-json\/wp\/v2\/product\/18896","targetHints":{"allow":["GET"]}}],"collection":[{"href":"https:\/\/store.astieks.com\/et\/wp-json\/wp\/v2\/product"}],"about":[{"href":"https:\/\/store.astieks.com\/et\/wp-json\/wp\/v2\/types\/product"}],"version-history":[{"count":0,"href":"https:\/\/store.astieks.com\/et\/wp-json\/wp\/v2\/product\/18896\/revisions"}],"wp:featuredmedia":[{"embeddable":true,"href":"https:\/\/store.astieks.com\/et\/wp-json\/wp\/v2\/media\/12833"}],"wp:attachment":[{"href":"https:\/\/store.astieks.com\/et\/wp-json\/wp\/v2\/media?parent=18896"}],"wp:term":[{"taxonomy":"product_brand","embeddable":true,"href":"https:\/\/store.astieks.com\/et\/wp-json\/wp\/v2\/product_brand?post=18896"},{"taxonomy":"product_cat","embeddable":true,"href":"https:\/\/store.astieks.com\/et\/wp-json\/wp\/v2\/product_cat?post=18896"},{"taxonomy":"product_tag","embeddable":true,"href":"https:\/\/store.astieks.com\/et\/wp-json\/wp\/v2\/product_tag?post=18896"}],"curies":[{"name":"wp","href":"https:\/\/api.w.org\/{rel}","templated":true}]}}