{"id":18887,"date":"2025-10-03T15:15:19","date_gmt":"2025-10-03T13:15:19","guid":{"rendered":"https:\/\/store.astieks.com\/product\/edzard-teapot-cimba\/"},"modified":"2025-10-03T15:15:19","modified_gmt":"2025-10-03T13:15:19","slug":"edzard-teapot-cimba","status":"publish","type":"product","link":"https:\/\/store.astieks.com\/et\/product\/edzard-teapot-cimba\/","title":{"rendered":"EDZARD Teekann Cimba"},"content":{"rendered":"<p>EDZARDi teekann Cimba on esitatud klassikalises disainis. See toode on QualiPlated\u00ae h\u00f5bedatud. <\/p>\n<p>\u2714 ELEGANTNE DISAIN: Cimba teekann muudab iga kohvi- v\u00f5i teejooja hetke eriliseks elamuseks. See tugevalt h\u00f5bedatud teekann paistab silma klassikalise disainiga ning sobib ideaalselt igasse lauakomplekti. <\/p>\n<p>\u2714 PUHAS FUNKTSIONAALSUS: Stiilne k\u00e4epide \u00fchendab funktsionaalsuse ja stiili, tagades tilkumisvaba valamise.<\/p>\n<p>\u2714 SOBIB KOMPLEKTIKS: Kohvikann sobib suurep\u00e4raselt kokku teiste h\u00f5beeksperdi EDZARDi toodetega.<\/p>\n<p>\u2714 KVALITEET: Tugevalt h\u00f5bedatud materjalist teekann s\u00e4ilitab oma igikestva l\u00e4ike ilma p\u00f5hjaliku hoolduseta. Puhastamiseks piisab vaid niiskest lapist. <\/p>\n<p>\u2714 TEIE EELISED:<\/p>\n<ul>\n<li>Kohvi- \/ teekann<\/li>\n<li>Tugevalt h\u00f5bedatud<\/li>\n<li>Lihtne hooldada<\/li>\n<li>Praktiline k\u00e4epide<\/li>\n<li>Klassikaline disain<\/li>\n<li>K\u00f5rgus: 17 cm<\/li>\n<li>Mahutavus: 850 ml<\/li>\n<li>QualiPlated aksessuaaride s\u00e4rava l\u00e4ike s\u00e4ilitamiseks soovitame puhastada neid pehme, kuiva lapiga ning aeg-ajalt kasutada h\u00f5beda hooldusvahendit, n\u00e4iteks EDZARDi QualiPolish\u2019i.<br \/>H\u00f5be reageerib \u00f5hu ja niiskusega, mille tagaj\u00e4rjel tekib aja jooksul loomulik patina. See muutus ei ole kulumise m\u00e4rk, vaid normaalne ja loomulik protsess. \u00d5ige hoolduse korral on v\u00f5imalik v\u00e4rvimuutused tagasi p\u00f6\u00f6rata, samas aitab t\u00e4iendav tuhmumiskaitse s\u00e4ilitada l\u00e4iget pikaajaliselt. Tuleks v\u00e4ltida mehaanilist h\u00f5\u00f5rumist ja agressiivseid puhastusmeetodeid. QualiPolish puhastab, hooldab ja loob t\u00f5husa tuhmumiskaitse. Regulaarne kasutamine aeglustab tuhmumist ja muudab puhastamise p\u00fcsivalt lihtsamaks.     <\/li>\n<\/ul>\n","protected":false},"excerpt":{"rendered":"<p>Tugevalt h\u00f5bedatud teekann<br \/>\nKlassikaline teekann elegantse h\u00f5bedase v\u00e4ljan\u00e4gemisega<br \/>\nSobiv teekann Cimba teesetile<br \/>\nH\u00f5bedase teekanni mahutavus: 0,85 liitrit<\/p>\n<p>&nbsp;<\/p>\n","protected":false},"featured_media":18499,"template":"","meta":{"_acf_changed":false},"product_brand":[488],"product_cat":[243,268],"product_tag":[],"class_list":{"0":"post-18887","1":"product","2":"type-product","3":"status-publish","4":"has-post-thumbnail","6":"product_brand-edzard-et","7":"product_cat-kingitused","8":"product_cat-lauanoud","9":"nt-post-class","10":"","16":"first","17":"instock","18":"taxable","19":"shipping-taxable","20":"purchasable","21":"product-type-simple"},"acf":[],"_links":{"self":[{"href":"https:\/\/store.astieks.com\/et\/wp-json\/wp\/v2\/product\/18887","targetHints":{"allow":["GET"]}}],"collection":[{"href":"https:\/\/store.astieks.com\/et\/wp-json\/wp\/v2\/product"}],"about":[{"href":"https:\/\/store.astieks.com\/et\/wp-json\/wp\/v2\/types\/product"}],"version-history":[{"count":0,"href":"https:\/\/store.astieks.com\/et\/wp-json\/wp\/v2\/product\/18887\/revisions"}],"wp:featuredmedia":[{"embeddable":true,"href":"https:\/\/store.astieks.com\/et\/wp-json\/wp\/v2\/media\/18499"}],"wp:attachment":[{"href":"https:\/\/store.astieks.com\/et\/wp-json\/wp\/v2\/media?parent=18887"}],"wp:term":[{"taxonomy":"product_brand","embeddable":true,"href":"https:\/\/store.astieks.com\/et\/wp-json\/wp\/v2\/product_brand?post=18887"},{"taxonomy":"product_cat","embeddable":true,"href":"https:\/\/store.astieks.com\/et\/wp-json\/wp\/v2\/product_cat?post=18887"},{"taxonomy":"product_tag","embeddable":true,"href":"https:\/\/store.astieks.com\/et\/wp-json\/wp\/v2\/product_tag?post=18887"}],"curies":[{"name":"wp","href":"https:\/\/api.w.org\/{rel}","templated":true}]}}