{"id":18886,"date":"2025-10-03T15:23:00","date_gmt":"2025-10-03T13:23:00","guid":{"rendered":"https:\/\/store.astieks.com\/product\/edzard-picture-frame-florenz-20x25-cm\/"},"modified":"2025-10-03T15:23:00","modified_gmt":"2025-10-03T13:23:00","slug":"edzard-picture-frame-florenz-20x25-cm","status":"publish","type":"product","link":"https:\/\/store.astieks.com\/et\/product\/edzard-picture-frame-florenz-20x25-cm\/","title":{"rendered":"EDZARD Pildiraam Florenz (20&#215;25 cm)"},"content":{"rendered":"<p>Kinnita imelised hetked ja ela neid ikka ja j\u00e4lle uuesti l\u00e4bi: fotod ja pildid annavad v\u00f5imaluse hoida m\u00e4lestusi, peret ja s\u00f5pru alati l\u00e4hedal. Need loovad veidi privaatsust t\u00f6\u00f6keskkonnas v\u00f5i toovad igasse koju erilise, isikliku puudutuse. Oma k\u00f5ige ilusamate fotode v\u00e4\u00e4riliseks esitamiseks on vajalikud spetsiaalsed pildiraamid.  <\/p>\n<p>\u2714 TIPPKVALITEET: Breemeni h\u00f5betoodete br\u00e4nd EDZARD\u00ae on alates 1975. aastast disaininud ja valmistanud h\u00f5beesemeid. Br\u00e4nd on spetsialiseerunud k\u00f5rgekvaliteedilistele h\u00f5bedakattega ja tuhmumisvastase kaitsega pildiraamidele. Soliidne, massiivne konstruktsioon koos v\u00e4\u00e4rika ja suurep\u00e4rase k\u00e4sit\u00f6\u00f6ga.  <\/p>\n<p>\u2714 LIHTSALT HOOLDATAV TUHMUMISKAITSE T\u00c4TTU: K\u00f5ik EDZARD\u00ae pildiraamid on varustatud spetsiaalse tuhmumiskaitsega ning hooldamiseks piisab aeg-ajalt niiske lapiga p\u00fchkimisest.<\/p>\n<p>\u2714 IDEAALNE KINGIIDEA: See h\u00f5bedakattega ja k\u00f5rgl\u00e4ikega poleeritud pildiraam sobib ideaalselt kingituseks s\u00fcnnip\u00e4evadeks, armulauaks, konfirmeerimiseks, ristimiseks, kihlumiseks, emadep\u00e4evaks, isadep\u00e4evaks, pulmadeks ning lihav\u00f5tte- ja j\u00f5ulup\u00fchadeks. Sametist tagumine pool lisab sellele eriti elegantse ilme. <\/p>\n<p>\u2714 MITMEK\u00dcLGNE KASUTUS: K\u00f5rgl\u00e4ikega portreepildiraam sobib riputamiseks nii vertikaalselt kui ka horisontaalselt. Raam on varustatud kahe riputuskinnitusega seinale (nii vertikaalseks kui horisontaalseks riputamiseks). <\/p>\n<p>\u2714 TEIE EELISED: Tuhmumisvastane kaitse | K\u00f5rgl\u00e4ikega poleeritud | Sametist tagumine pool | Saadaval ka teistes suurustes | 2 riputuskonksu | Pildi suurus 20 x 25 cm | Portree- ja maastikuorientatsioon | Lihtne hooldus | Lihtne vahetus \u2013 mugav k\u00e4sitsemine ja kerge piltide vahetamine<\/p>\n<p>V\u00e4rvus: h\u00f5bedane<br \/>\nPildi suurus: 20 x 25 cm<br \/>\nViimistlus: h\u00f5bedatud<\/p>\n<p>Pinna s\u00e4rava l\u00e4ike s\u00e4ilitamiseks soovitame seda aeg-ajalt \u00f5rnalt pehme lapiga p\u00fchkida.<\/p>\n<p>V\u00e4ltige h\u00f5bepuhastusvahendite, hooldusvahendite v\u00f5i tugeva puhastusvahendi kasutamist, kuna need v\u00f5ivad kahjustada tuhmumiskaitset. See on \u00f5huke, l\u00e4bipaistev klaasikiht, mis on tootele kantud, et tagada pikaajaline kaitse tuhmumise ja v\u00e4lism\u00f5jude eest. Otsest p\u00e4ikesevalgust ja niiskust tuleks samuti v\u00e4ltida, et s\u00e4ilitada kvaliteetse viimistluse elegantne v\u00e4limus ajas.  <\/p>\n","protected":false},"excerpt":{"rendered":"<p>K\u00f5rgekvaliteediline h\u00f5bedakattega pildiraam<br \/>\nSpetsiaalne tuhmumiskaitse takistab v\u00e4rvimuutust<br \/>\nPildiraamil on pehme must sametist tagumine pool<br \/>\nRaami saab paigutada nii vertikaalselt kui horisontaalselt<\/p>\n","protected":false},"featured_media":18518,"template":"","meta":{"_acf_changed":false},"product_brand":[],"product_cat":[],"product_tag":[],"class_list":{"0":"post-18886","1":"product","2":"type-product","3":"status-publish","4":"has-post-thumbnail","6":"nt-post-class","7":"","13":"first","14":"outofstock","15":"taxable","16":"shipping-taxable","17":"purchasable","18":"product-type-simple"},"acf":[],"_links":{"self":[{"href":"https:\/\/store.astieks.com\/et\/wp-json\/wp\/v2\/product\/18886","targetHints":{"allow":["GET"]}}],"collection":[{"href":"https:\/\/store.astieks.com\/et\/wp-json\/wp\/v2\/product"}],"about":[{"href":"https:\/\/store.astieks.com\/et\/wp-json\/wp\/v2\/types\/product"}],"version-history":[{"count":0,"href":"https:\/\/store.astieks.com\/et\/wp-json\/wp\/v2\/product\/18886\/revisions"}],"wp:featuredmedia":[{"embeddable":true,"href":"https:\/\/store.astieks.com\/et\/wp-json\/wp\/v2\/media\/18518"}],"wp:attachment":[{"href":"https:\/\/store.astieks.com\/et\/wp-json\/wp\/v2\/media?parent=18886"}],"wp:term":[{"taxonomy":"product_brand","embeddable":true,"href":"https:\/\/store.astieks.com\/et\/wp-json\/wp\/v2\/product_brand?post=18886"},{"taxonomy":"product_cat","embeddable":true,"href":"https:\/\/store.astieks.com\/et\/wp-json\/wp\/v2\/product_cat?post=18886"},{"taxonomy":"product_tag","embeddable":true,"href":"https:\/\/store.astieks.com\/et\/wp-json\/wp\/v2\/product_tag?post=18886"}],"curies":[{"name":"wp","href":"https:\/\/api.w.org\/{rel}","templated":true}]}}