{"id":18881,"date":"2025-10-03T15:40:18","date_gmt":"2025-10-03T13:40:18","guid":{"rendered":"https:\/\/store.astieks.com\/product\/bowl-halifax-length-27-cm\/"},"modified":"2025-10-03T15:40:18","modified_gmt":"2025-10-03T13:40:18","slug":"bowl-halifax-length-27-cm","status":"publish","type":"product","link":"https:\/\/store.astieks.com\/et\/product\/bowl-halifax-length-27-cm\/","title":{"rendered":"EDZARD Kauss Halifax (pikkus 27 cm)"},"content":{"rendered":"<p>Olgu see siis stiilselt eksponeeritud puuvili, saiakesed v\u00f5i toit \u2013 kvaliteetsete kausside abil ei ole esitamisel piire teie loovusele. V\u00f5luvad k\u00fc\u00fcnla- v\u00f5i lillekaunistused n\u00e4evad EDZARDi kaussides eriti silmapaistvad v\u00e4lja. Kasutades neid nii esitlemiseks kui ka funktsionaalselt \u2013 h\u00f5bedakattega, klaasist, portselanist v\u00f5i roostevabast terasest \u2013, on meie lai valik kausse nii pilkup\u00fc\u00fcdvad keskpunktid kui ka ideaalsed kingiideed igaks s\u00fcndmuseks.  <\/p>\n<p>\u2714 T\u00c4IUSLIK PILGUP\u00dc\u00dcDJA: Esitle oma puuvilju ja kaunista oma laud v\u00f5i kummut selle kauni kujuga, l\u00e4ikiva puuviljakausiga. See ekstravagantne dekoratiivkauss on \u00fcks EDZARDi mitmek\u00fclgsemaid bestsellereid. <\/p>\n<p>\u2714 MITMEK\u00dcLGNE KASUTUS: V\u00e4ikeste aksessuaaridega nagu kuuseoksad, kaunistused v\u00f5i dekoratiivlumi saab sellest kausist kiiresti piduliku ja isikup\u00e4rase advendikeskpunkti. Suvel muutub see mere\u00e4\u00e4rseks v\u00f5lupunktiks koos kestade, liiva ja k\u00fc\u00fcnaldega. Dekoratiivne ese on toiduk\u00f5lblik ning sobib nii kuuma k\u00fc\u00fcnlavaha kui ka k\u00fclmade j\u00e4\u00e4kuubikute jaoks.  <\/p>\n<p>\u2714 AASTATEPIKUNE KOGEMUS: Breemeni pereettev\u00f5te EDZARD on alates 1975. aastast v\u00f5lunud kliente stiilsete ja k\u00f5rgekvaliteediliste aksessuaaridega, mis oskuslikult \u00fchendavad elegantsi ja funktsionaalsust. EDZARDi missioon on muuta teie kodu ajatutest aktsentidest veelgi kutsuvamaks. <\/p>\n<p>\u2714 TIPPKVALITEET: See dekoratiivkauss on valmistatud parimast 18\/10 roostevabast terasest ning k\u00e4sitsi poleeritud k\u00f5rgl\u00e4ikega. See protsess annab sellele disainikausile ainulaadse l\u00e4ike. \u00dches t\u00fckis valmistatud sujuv ja kvaliteetne k\u00e4sit\u00f6\u00f6 koos \u00fchtlase materjalipaksuse ja tasase alusega stabiilsuse tagamiseks.  <\/p>\n<p>\u2714 TEIE EELISED:<\/p>\n<ul>\n<li>Madalhooldev roostevaba teras<\/li>\n<li>18\/10 roostekindel<\/li>\n<li>K\u00f5rgl\u00e4ikega poleeritud<\/li>\n<li>Toiduk\u00f5lblik<\/li>\n<li>N\u00f5udepesumasinas pestav<\/li>\n<li>Sobib kuumade ja k\u00fclmade toitude jaoks<\/li>\n<li>Suitable for flowers<\/li>\n<li>H\u00f5bedane l\u00e4ige<\/li>\n<li>K\u00fc\u00fcnaldele sobiv<\/li>\n<li>Disainikauss<\/li>\n<li>Dekoratiivne ja praktiline<\/li>\n<li>Disainitud Saksamaal<\/li>\n<li>Tugev konstruktsioon<\/li>\n<li>Ideaalne kingiidee<\/li>\n<li>Roostevabast terasest kausid taluvad igap\u00e4evaseid kriimustusi, korrosiooni ja v\u00e4rvimuutust.<br \/>\nL\u00e4bim\u00f5\u00f5t: 27 cm<br \/>\nK\u00f5rgus: 7 cm<br \/>\nMaterjal: roostevaba teras<br \/>Viimistlus: k\u00f5rgl\u00e4ikega poleeritud<\/li>\n<\/ul>\n<p>T\u00e4iusliku l\u00e4ike s\u00e4ilitamiseks soovitame pinda puhastada pehme lapiga.<\/p>\n<p>Abrasiivseid puhastusvahendeid tuleks v\u00e4ltida, kuna need v\u00f5ivad kahjustada pinda. Kui niiskus p\u00fcsib pinnal pikemat aega (umbes 24 tundi), v\u00f5ib selle aurustumisel tekkida peeneid veej\u00e4lgi. Need saab vajadusel eemaldada roostevaba terase puhastusvahendiga, kuid tavaliselt on neid lihtne puhastada ka ilma spetsiaalsete toodeteta. Tugevama mustuse korral v\u00f5ib kasutada \u00f5rna seebilahust. Seej\u00e4rel p\u00fchkige pind hoolikalt kuivaks, et v\u00e4ltida j\u00e4\u00e4ke.    <\/p>\n","protected":false},"excerpt":{"rendered":"<p>K\u00f5rgekvaliteediline h\u00f5bedav\u00e4rviline kauss (roostevaba teras)<br \/>\nPraktiline serveerimisn\u00f5u igaks puhuks<br \/>\nIdeaalne puuviljakausina v\u00f5i suupistete n\u00f5una<br \/>\nLoominguliselt kasutatav ka dekoratiivkausina<\/p>\n","protected":false},"featured_media":18561,"template":"","meta":{"_acf_changed":false},"product_brand":[488],"product_cat":[479,243,238,268],"product_tag":[],"class_list":{"0":"post-18881","1":"product","2":"type-product","3":"status-publish","4":"has-post-thumbnail","6":"product_brand-edzard-et","7":"product_cat-kauss","8":"product_cat-kingitused","9":"product_cat-kodu-kaunistused","10":"product_cat-lauanoud","11":"nt-post-class","12":"","18":"first","19":"instock","20":"taxable","21":"shipping-taxable","22":"purchasable","23":"product-type-simple"},"acf":[],"_links":{"self":[{"href":"https:\/\/store.astieks.com\/et\/wp-json\/wp\/v2\/product\/18881","targetHints":{"allow":["GET"]}}],"collection":[{"href":"https:\/\/store.astieks.com\/et\/wp-json\/wp\/v2\/product"}],"about":[{"href":"https:\/\/store.astieks.com\/et\/wp-json\/wp\/v2\/types\/product"}],"version-history":[{"count":0,"href":"https:\/\/store.astieks.com\/et\/wp-json\/wp\/v2\/product\/18881\/revisions"}],"wp:featuredmedia":[{"embeddable":true,"href":"https:\/\/store.astieks.com\/et\/wp-json\/wp\/v2\/media\/18561"}],"wp:attachment":[{"href":"https:\/\/store.astieks.com\/et\/wp-json\/wp\/v2\/media?parent=18881"}],"wp:term":[{"taxonomy":"product_brand","embeddable":true,"href":"https:\/\/store.astieks.com\/et\/wp-json\/wp\/v2\/product_brand?post=18881"},{"taxonomy":"product_cat","embeddable":true,"href":"https:\/\/store.astieks.com\/et\/wp-json\/wp\/v2\/product_cat?post=18881"},{"taxonomy":"product_tag","embeddable":true,"href":"https:\/\/store.astieks.com\/et\/wp-json\/wp\/v2\/product_tag?post=18881"}],"curies":[{"name":"wp","href":"https:\/\/api.w.org\/{rel}","templated":true}]}}