{"id":18879,"date":"2025-10-03T15:52:52","date_gmt":"2025-10-03T13:52:52","guid":{"rendered":"https:\/\/store.astieks.com\/product\/edzard-flip-top-ashtray-madras\/"},"modified":"2025-10-03T15:52:52","modified_gmt":"2025-10-03T13:52:52","slug":"edzard-flip-top-ashtray-madras","status":"publish","type":"product","link":"https:\/\/store.astieks.com\/et\/product\/edzard-flip-top-ashtray-madras\/","title":{"rendered":"EDZARD Kaanega tuhatoos Madras"},"content":{"rendered":"<p>Erilise disainiga tuhatoosid nii siseruumidesse kui ka \u00f5ue, elegantse h\u00f5bedakattega, saadaval kaanega v\u00f5i ilma. EDZARDi klassikalised tuhatoosid paistavad silma funktsionaalsuse ja k\u00f5rge kvaliteedi poolest t\u00e4nu h\u00f5bedakattele (QualiPlated Silver Seal\u00ae), k\u00f5rgl\u00e4ikelisele viimistlusele ning soliidsele kaalule. K\u00f5rge serv kaitseb sisu tuule eest. Need tuhatoosid on lihtsasti puhastatavad ja pakuvad piisavalt ruumi. Samuti suurep\u00e4rane kingiidee.    <\/p>\n<p>\u2713 PREMIUM KVALITEET: Breemeni h\u00f5betoodete br\u00e4nd EDZARD\u00ae disainib ja toodab h\u00f5beesemeid alates 1975. aastast. Br\u00e4nd on spetsialiseerunud k\u00f5rgekvaliteedilistele h\u00f5bedakattega toodetele, mis on valmistatud soliidsetest materjalidest ning elegantse ja suurep\u00e4rase k\u00e4sit\u00f6\u00f6ga. <\/p>\n<p>\u2713 ILMASTIKUKINDLAD JA LIHTSALT HOOLDATAVAD: K\u00f5ik tugevasti h\u00f5bedakattedega kaanega tuhatoosid sobivad v\u00e4litingimustesse ja on n\u00f5udepesumasinas pestavad. Kauni h\u00f5bel\u00e4ike s\u00e4ilitamiseks soovitatakse iga kahe kuu tagant kasutada QualiPolish\u00ae-i. <\/p>\n<p>\u2713 IDEAALNE KINGIIDEA: See h\u00f5bedakattega ja k\u00f5rgl\u00e4ikiv tuhatoos sobib nii sise- kui v\u00e4listingimustesse ning on suurep\u00e4rane kingiidee.<\/p>\n<p>\u2713 DEKORATIIVNE: Dekoratiivne h\u00f5bedane tuhatoos sobib ideaalselt teie r\u00f5dule, aeda, terrassile, koju v\u00f5i kontorisse.<\/p>\n<p>\u2713 EELISED: QualiPlated\u00ae Silver Seal | elegantne kaanega tuhatoos sise- ja v\u00e4listingimustesse | soliidne konstruktsioon | saadaval ka teised suurused tuulekindlast tuhatoosist | n\u00f5udepesumasinas pestav | l\u00f5hnatu | lihtsasti hooldatav kaanega tuhatoos | ilmastikukindel tuulekindel tuhatoos<\/p>\n<p>QualiPlated aksessuaaride s\u00e4rava l\u00e4ike s\u00e4ilitamiseks soovitame neid puhastada pehme, kuiva lapiga ning aeg-ajalt kasutada h\u00f5bekaitsevahendit, n\u00e4iteks EDZARDi QualiPolishi.<\/p>\n<p>H\u00f5be reageerib \u00f5hu ja niiskusega, mis aja jooksul v\u00f5ib p\u00f5hjustada loomuliku patina tekkimise. See muutus ei ole kulumise m\u00e4rk, vaid normaalne ja looduslik protsess. \u00d5ige hooldusega saab v\u00e4rvimuutusi parandada ning t\u00e4iendav anti-tarnish kaitse aitab s\u00e4ilitada l\u00e4ike pikaajaliselt. Tuleks v\u00e4ltida mehaanilist h\u00f5\u00f5rdumist ja agressiivseid puhastusmeetodeid. QualiPolish puhastab, hooldab ja loob t\u00f5husa anti-tarnish kaitsekihi. Regulaarne kasutamine aeglustab tuhmumist ja teeb puhastamise aja jooksul lihtsamaks.     <\/p>\n","protected":false},"excerpt":{"rendered":"<p>Tugevalt h\u00f5bedakattega lauatuha<br \/>\nTuulekindel tuhatoos praktilise kaanega<br \/>\nSobib nii sise- kui v\u00e4listingimustesse<br \/>\nElegantne tuhatoos vasaralise viimistlusega<\/p>\n","protected":false},"featured_media":18585,"template":"","meta":{"_acf_changed":false},"product_brand":[488],"product_cat":[243,238],"product_tag":[],"class_list":{"0":"post-18879","1":"product","2":"type-product","3":"status-publish","4":"has-post-thumbnail","6":"product_brand-edzard-et","7":"product_cat-kingitused","8":"product_cat-kodu-kaunistused","9":"nt-post-class","10":"","16":"first","17":"instock","18":"taxable","19":"shipping-taxable","20":"purchasable","21":"product-type-simple"},"acf":[],"_links":{"self":[{"href":"https:\/\/store.astieks.com\/et\/wp-json\/wp\/v2\/product\/18879","targetHints":{"allow":["GET"]}}],"collection":[{"href":"https:\/\/store.astieks.com\/et\/wp-json\/wp\/v2\/product"}],"about":[{"href":"https:\/\/store.astieks.com\/et\/wp-json\/wp\/v2\/types\/product"}],"version-history":[{"count":0,"href":"https:\/\/store.astieks.com\/et\/wp-json\/wp\/v2\/product\/18879\/revisions"}],"wp:featuredmedia":[{"embeddable":true,"href":"https:\/\/store.astieks.com\/et\/wp-json\/wp\/v2\/media\/18585"}],"wp:attachment":[{"href":"https:\/\/store.astieks.com\/et\/wp-json\/wp\/v2\/media?parent=18879"}],"wp:term":[{"taxonomy":"product_brand","embeddable":true,"href":"https:\/\/store.astieks.com\/et\/wp-json\/wp\/v2\/product_brand?post=18879"},{"taxonomy":"product_cat","embeddable":true,"href":"https:\/\/store.astieks.com\/et\/wp-json\/wp\/v2\/product_cat?post=18879"},{"taxonomy":"product_tag","embeddable":true,"href":"https:\/\/store.astieks.com\/et\/wp-json\/wp\/v2\/product_tag?post=18879"}],"curies":[{"name":"wp","href":"https:\/\/api.w.org\/{rel}","templated":true}]}}