{"id":18877,"date":"2025-10-03T16:15:45","date_gmt":"2025-10-03T14:15:45","guid":{"rendered":"https:\/\/store.astieks.com\/product\/4-piece-set-of-cornelius-long-lasting-candles-height-8-cm-o-6-cm\/"},"modified":"2026-03-26T18:31:19","modified_gmt":"2026-03-26T16:31:19","slug":"4-piece-set-of-cornelius-long-lasting-candles-height-8-cm-o-6-cm","status":"publish","type":"product","link":"https:\/\/store.astieks.com\/et\/product\/4-piece-set-of-cornelius-long-lasting-candles-height-8-cm-o-6-cm\/","title":{"rendered":"EDZARD 4-osaline Cornelius\u2019i kauakestvate k\u00fc\u00fcnalde komplekt (k\u00f5rgus 8 cm, \u00f8 6 cm)"},"content":{"rendered":"<p>Avastage meie innovatiivsed \u201cCornelius\u201d teek\u00fc\u00fcnlad, mis nutikalt \u00fchendavad klassikalise k\u00fc\u00fcnla eelised ja v\u00e4limuse teek\u00fc\u00fcnla mugavusega! Need k\u00fc\u00fcnlad on UV- ja kuumuskindlad, seega ei deformeeru p\u00e4ikesevalguse ega radiaatorite l\u00e4heduses tekkiva soojuse t\u00f5ttu. Cornelius teek\u00fc\u00fcnal on korduvkasutatav, kuna p\u00f5leb vaid sisestatud teek\u00fc\u00fcnal. T\u00e4nu tugevale plastikule on k\u00fc\u00fcnlal pikk kasutusiga ning teek\u00fc\u00fcnla t\u00f5ttu on see eriti ohutu.   <\/p>\n<p>\u2713 KAHEPOOLNE KASUTUS: K\u00fc\u00fcnalt saab asetada m\u00f5lemalt poolt \u2014 teek\u00fc\u00fcnla hoidja soon erineb m\u00f5lemal k\u00fcljel, sobitudes nii standardsete teek\u00fc\u00fcnalde kui ka k\u00f5rgemate dekoratiivsete akr\u00fc\u00fclist teek\u00fc\u00fcnaldega (l\u00e4bipaistev kest).<\/p>\n<p>\u2713 ROMANTILINE &amp; OHUTU: EDZARD Cornelius teek\u00fc\u00fcnal \u00fchendab klassikalise k\u00fc\u00fcnla ilu teek\u00fc\u00fcnla ohutusega, luues rahuliku \u00f5hkkonna.<\/p>\n<p>\u2713 KAUAKESTEV: Innovatiivne EDZARD teek\u00fc\u00fcnla hoidja on korduvkasutatav t\u00e4nu vahetatavale teek\u00fc\u00fcnlale \u2014 lihtsalt vaheta p\u00f5lenud teek\u00fc\u00fcnal uue vastu.<\/p>\n<p>\u2713 SAADAVAD SUURUSED: See Cornelius teek\u00fc\u00fcnla hoidja versioon on EDZARDis saadaval ka teistes suurustes. Selle k\u00fc\u00fcnla l\u00e4bim\u00f5\u00f5t on 6 cm ja see on m\u00f5eldud standardteek\u00fc\u00fcnaldele. <\/p>\n<p>UV-kindel<\/p>\n<p>\u2026 mitte ainult paljud kliendid ei ole veendunud, vaid ka Saksa Innovatsiooniauhinna \u017e\u00fcrii tunnustas meie Cornelius k\u00fc\u00fcnalt eripreemiaga. Veendu ise! <\/p>\n<p>V\u00e4rvus: valge<br \/>\nK\u00f5rgus: 8 cm<br \/>\nK\u00fc\u00fcnla t\u00fc\u00fcp: Klassikaline<br \/>\nOmadused: Kuumuskindel kuni 90 \u00b0C, UV-kindel<br \/>\nTeek\u00fc\u00fcnla suurus: Standardteek\u00fc\u00fcnal<br \/>\nK\u00fc\u00fcnla l\u00e4bim\u00f5\u00f5t: 6 cm<\/p>\n","protected":false},"excerpt":{"rendered":"<p>K\u00fc\u00fcnla kujuga k\u00fc\u00fcnal, mis n\u00e4eb v\u00e4lja nagu p\u00e4ris k\u00fc\u00fcnal, kuid on sama ohutu kui teek\u00fc\u00fcnal<br \/>\nDekoratiivne plastikust k\u00fc\u00fcnal, sobib nii sise- kui v\u00e4litingimustesse<br \/>\nK\u00fc\u00fcnla imitatsioon on korduvkasutatav t\u00e4nu vahetatavale teek\u00fc\u00fcnlale<br \/>\nN\u00f5udepesumasinakindel ja UV-kindel ohutusk\u00fc\u00fcnal<\/p>\n","protected":false},"featured_media":18622,"template":"","meta":{"_acf_changed":false},"product_brand":[],"product_cat":[],"product_tag":[],"class_list":{"0":"post-18877","1":"product","2":"type-product","3":"status-publish","4":"has-post-thumbnail","6":"nt-post-class","7":"","13":"first","14":"instock","15":"taxable","16":"shipping-taxable","17":"purchasable","18":"product-type-simple"},"acf":[],"_links":{"self":[{"href":"https:\/\/store.astieks.com\/et\/wp-json\/wp\/v2\/product\/18877","targetHints":{"allow":["GET"]}}],"collection":[{"href":"https:\/\/store.astieks.com\/et\/wp-json\/wp\/v2\/product"}],"about":[{"href":"https:\/\/store.astieks.com\/et\/wp-json\/wp\/v2\/types\/product"}],"version-history":[{"count":1,"href":"https:\/\/store.astieks.com\/et\/wp-json\/wp\/v2\/product\/18877\/revisions"}],"predecessor-version":[{"id":19714,"href":"https:\/\/store.astieks.com\/et\/wp-json\/wp\/v2\/product\/18877\/revisions\/19714"}],"wp:featuredmedia":[{"embeddable":true,"href":"https:\/\/store.astieks.com\/et\/wp-json\/wp\/v2\/media\/18622"}],"wp:attachment":[{"href":"https:\/\/store.astieks.com\/et\/wp-json\/wp\/v2\/media?parent=18877"}],"wp:term":[{"taxonomy":"product_brand","embeddable":true,"href":"https:\/\/store.astieks.com\/et\/wp-json\/wp\/v2\/product_brand?post=18877"},{"taxonomy":"product_cat","embeddable":true,"href":"https:\/\/store.astieks.com\/et\/wp-json\/wp\/v2\/product_cat?post=18877"},{"taxonomy":"product_tag","embeddable":true,"href":"https:\/\/store.astieks.com\/et\/wp-json\/wp\/v2\/product_tag?post=18877"}],"curies":[{"name":"wp","href":"https:\/\/api.w.org\/{rel}","templated":true}]}}