{"id":18876,"date":"2025-10-03T16:27:39","date_gmt":"2025-10-03T14:27:39","guid":{"rendered":"https:\/\/store.astieks.com\/product\/qualipolish-silver-care-foam-with-tarnish-protection\/"},"modified":"2026-03-03T13:29:05","modified_gmt":"2026-03-03T11:29:05","slug":"qualipolish-silver-care-foam-with-tarnish-protection","status":"publish","type":"product","link":"https:\/\/store.astieks.com\/et\/product\/qualipolish-silver-care-foam-with-tarnish-protection\/","title":{"rendered":"EDZARD QualiPolish\u00ae h\u00f5behooldusvaht tuhmumiskaitsega"},"content":{"rendered":"<p>\u2714 S\u00e4rav hooldus sinu hinnalistele h\u00f5beesemetele: Olgu selleks peen lauah\u00f5be, elegantsed aksessuaarid v\u00f5i p\u00e4randuseks saadud perekonnaehted \u2013 EDZARDi QualiPolish\u00ae h\u00f5bepuhastusvahend paneb sinu lemmikesemed kiirelt s\u00e4rama. See k\u00f5rgekvaliteediline hooldusvaht on spetsiaalselt v\u00e4lja t\u00f6\u00f6tatud \u00f5rnadele h\u00f5be- ja h\u00f5betatud pindadele ning avaldab muljet t\u00f5husa, kuid \u00f5rna puhastusega. <\/p>\n<p>\u2714 Sisaldab tuhmumiskaitset: H\u00f5be reageerib loomulikult hapnikuga ja muutub ajapikku tuhmiks \u2014 see on loomulik protsess, millele saab QualiPolish\u00ae abil lihtsalt vastu astuda. Puhastusvaht eemaldab tumedad ladestused vaevata ja samal ajal kaitseb uuesti tuhmumise eest. Nii p\u00fcsib sinu h\u00f5be kauem kaunis \u2014 ilma agressiivsete kemikaalide ja ebameeldiva l\u00f5hnata.  <\/p>\n<p>\u2714 Lihtne kasutada \u2014 suurep\u00e4rane tulemus: Kasutamine on imelihtne: niisuta kaasasolev k\u00e4sn ja v\u00f5ta v\u00e4ike kogus vahtu. Kanna see puhastatavale pinnale, lase l\u00fchidalt m\u00f5juda, loputa jooksva vee all ning kuivata pehme lapiga. Valmis! Vaid kahe minutiga s\u00e4rab sinu h\u00f5be taas \u2014 olgu selleks s\u00f6\u00f6giriistad, k\u00fc\u00fcnlajalad v\u00f5i salvr\u00f5ngad.    <\/p>\n<p>\u2714 L\u00f5hnatu ja \u00f5rn pindadele: Erinevalt paljudest tavap\u00e4rastest puhastusvahenditest on QualiPolish\u00ae h\u00f5bepuhastusvahend peaaegu l\u00f5hnatu, muutes kasutamise eriti meeldivaks \u2013 isegi sagedasel puhastamisel. Samal ajal kaitseb \u00f5rn koostis ka tundlikke pindu. Isegi tugevalt tuhmunud esemed saavad uuendatud vaid kerge poleerimisega.  <\/p>\n<p>\u2714 H\u00f5behooldus spetsialistilt: Juba mitmeid p\u00f5lvkondi on EDZARD seisnud eksklusiivse elamis- ja lauakultuuri eest, p\u00f6\u00f6rates erilist t\u00e4helepanu h\u00f5bedastele toodetele. Meie veebipoe h\u00f5behooldustooted on t\u00e4pselt kohandatud kvaliteetsetele materjalidele ning tagavad parimad tulemused. EDZARDi QualiPolish\u00ae h\u00f5bepuhastusvahend on t\u00e4iuslik lahendus neile, kes soovivad oma h\u00f5beesemeid professionaalselt ja \u00f5rnalt hooldada. Olgu see kasutamiseks oma kodus v\u00f5i stiilse lisana elegantsetele aksessuaaridele \u2014 see hooldusvaht veenab kvaliteedi, mugavuse ja p\u00fcsiva tulemusega.   <\/p>\n","protected":false},"excerpt":{"rendered":"<p>Hoolda h\u00f5bedat \u00f5rnalt ja vaevata h\u00f5bepuhastusvahendiga<br \/>\nTaasta h\u00f5beda algne s\u00e4ra hetkega<br \/>\nHooldustooted h\u00f5beda parima s\u00e4ra tagamiseks<br \/>\nH\u00f5behooldus h\u00f5bespetsialistilt<\/p>\n","protected":false},"featured_media":18645,"template":"","meta":{"_acf_changed":false},"product_brand":[488],"product_cat":[269],"product_tag":[],"class_list":{"0":"post-18876","1":"product","2":"type-product","3":"status-publish","4":"has-post-thumbnail","6":"product_brand-edzard-et","7":"product_cat-soogiriistad","8":"nt-post-class","9":"","15":"first","16":"instock","17":"taxable","18":"shipping-taxable","19":"purchasable","20":"product-type-simple"},"acf":[],"_links":{"self":[{"href":"https:\/\/store.astieks.com\/et\/wp-json\/wp\/v2\/product\/18876","targetHints":{"allow":["GET"]}}],"collection":[{"href":"https:\/\/store.astieks.com\/et\/wp-json\/wp\/v2\/product"}],"about":[{"href":"https:\/\/store.astieks.com\/et\/wp-json\/wp\/v2\/types\/product"}],"version-history":[{"count":1,"href":"https:\/\/store.astieks.com\/et\/wp-json\/wp\/v2\/product\/18876\/revisions"}],"predecessor-version":[{"id":19712,"href":"https:\/\/store.astieks.com\/et\/wp-json\/wp\/v2\/product\/18876\/revisions\/19712"}],"wp:featuredmedia":[{"embeddable":true,"href":"https:\/\/store.astieks.com\/et\/wp-json\/wp\/v2\/media\/18645"}],"wp:attachment":[{"href":"https:\/\/store.astieks.com\/et\/wp-json\/wp\/v2\/media?parent=18876"}],"wp:term":[{"taxonomy":"product_brand","embeddable":true,"href":"https:\/\/store.astieks.com\/et\/wp-json\/wp\/v2\/product_brand?post=18876"},{"taxonomy":"product_cat","embeddable":true,"href":"https:\/\/store.astieks.com\/et\/wp-json\/wp\/v2\/product_cat?post=18876"},{"taxonomy":"product_tag","embeddable":true,"href":"https:\/\/store.astieks.com\/et\/wp-json\/wp\/v2\/product_tag?post=18876"}],"curies":[{"name":"wp","href":"https:\/\/api.w.org\/{rel}","templated":true}]}}