{"id":18875,"date":"2025-10-03T16:58:44","date_gmt":"2025-10-03T14:58:44","guid":{"rendered":"https:\/\/store.astieks.com\/product\/edzard-etagere-faden-height-22-cm-2-tier\/"},"modified":"2025-10-03T16:58:44","modified_gmt":"2025-10-03T14:58:44","slug":"edzard-etagere-faden-height-22-cm-2-tier","status":"publish","type":"product","link":"https:\/\/store.astieks.com\/et\/product\/edzard-etagere-faden-height-22-cm-2-tier\/","title":{"rendered":"EDZARD Etagere Faden"},"content":{"rendered":"<p><strong>Korruselised alused on nii ruumis\u00e4\u00e4stlikud imed kui ka dekoratiivsed pilgup\u00fc\u00fcdjad.<\/strong> Valitud h\u00f5rgutised v\u00f5i hinnalised kollektsiooniesemed saab EDZARDi s\u00e4ravate korruseliste alustega suurep\u00e4raselt esile t\u00f5sta. EDZARD pakub 1-, 2- ja 3-korruselisi disaine nii moodsas kui ka klassikalises stiilis \u2013 sobides igale lauale ja igaks puhuks. <\/p>\n<p>\u2713 SERVEERIMISALUS: Serveeri stiilselt selle elegantse korruselise alusega, mis lisab sinu lauakattele korrastatud ja hoolitsetud ilme. Olgu see magus v\u00f5i soolane \u2013 EDZARDi 2-korruseline alus toob sinu h\u00f5rgutised kaunilt esile. <\/p>\n<p>\u2713 LAUADEKORATSIOON: Kaunista oma interj\u00f6\u00f6ri selle ajatu korruselise alusega ja esitle stiilselt s\u00f5rmes\u00f6\u00f6ke, sn\u00e4kke, puuvilju, \u0161okolaadi, k\u00fcpsiseid v\u00f5i teisi maiustusi kahel korrusel. Elegantne viis serveerida igasuguseid h\u00f5rgutisi. <\/p>\n<p>\u2713 RUUMIS\u00c4\u00c4STLIK DISAIN: Olgu see siis s\u00f6\u00f6gilaual, k\u00f6\u00f6gis v\u00f5i j\u00e4rgmisel \u00fcritusel \u2013 see h\u00f5betatud korruseline alus m\u00f5lemal taldrikul detailse \u00e4\u00e4rega pakub piisavalt ruumi serveerimiseks. T\u00e4nu elegantsele vormile ja viimistlusele sobib see ka stiilseks dekoratsiooniks. <\/p>\n<p>\u2713 ESMAKLASSILINE KVALITEET: \u00dcmarad taldrikud pakuvad rikkalikult ruumi sinu valikutele. H\u00f5betatud korrused on \u00fchendatud tugeva jalaosaga, mis lisab lisas\u00e4ra. Alusel on peal mugav k\u00e4epide, mis teeb transportimise lihtsaks. K\u00f5rgusega 22,5 cm on see serveerimisalus t\u00f5eline pilgup\u00fc\u00fcdja igal laual.   <\/p>\n<p>\u2714 TEIE EELISED:<br \/>\n\u2013 2-korruseline alus<br \/>\n\u2013 Elegantne h\u00f5betatud ja tuhmumiskaitsega<br \/>\n\u2013 K\u00f5rgl\u00e4ikega poleeritud<br \/>\n\u2013 K\u00f5rgus: 22,5 cm<br \/>\n\u2013 H\u00f5bedane v\u00e4rv<br \/>\n\u2013 \u00dcmmargune kuju<br \/>\n\u2013 Lihtne puhastada<\/p>\n<p>Korrused: 2 korrust<br \/>\nK\u00f5rgus: 22,5 cm<br \/>\nMaterjal: teras<br \/>\nViimistlus: h\u00f5betatud<\/p>\n<p>&nbsp;<\/p>\n","protected":false},"excerpt":{"rendered":"<p>Kvaliteetne korruseline alus h\u00f5rgutiste serveerimiseks<br \/>\nTordialus h\u00f5bedase viimistluse ja erilise s\u00e4raga<br \/>\nMitmekorruseline lahendus ruumis\u00e4\u00e4stlikuks serveerimiseks<br \/>\nPraktilised serveerimisalused saiakeste, puuviljade ja maiustuste jaoks<\/p>\n","protected":false},"featured_media":18650,"template":"","meta":{"_acf_changed":false},"product_brand":[488],"product_cat":[243,238,268],"product_tag":[],"class_list":{"0":"post-18875","1":"product","2":"type-product","3":"status-publish","4":"has-post-thumbnail","6":"product_brand-edzard-et","7":"product_cat-kingitused","8":"product_cat-kodu-kaunistused","9":"product_cat-lauanoud","10":"nt-post-class","11":"","17":"first","18":"instock","19":"taxable","20":"shipping-taxable","21":"purchasable","22":"product-type-simple"},"acf":[],"_links":{"self":[{"href":"https:\/\/store.astieks.com\/et\/wp-json\/wp\/v2\/product\/18875","targetHints":{"allow":["GET"]}}],"collection":[{"href":"https:\/\/store.astieks.com\/et\/wp-json\/wp\/v2\/product"}],"about":[{"href":"https:\/\/store.astieks.com\/et\/wp-json\/wp\/v2\/types\/product"}],"version-history":[{"count":0,"href":"https:\/\/store.astieks.com\/et\/wp-json\/wp\/v2\/product\/18875\/revisions"}],"wp:featuredmedia":[{"embeddable":true,"href":"https:\/\/store.astieks.com\/et\/wp-json\/wp\/v2\/media\/18650"}],"wp:attachment":[{"href":"https:\/\/store.astieks.com\/et\/wp-json\/wp\/v2\/media?parent=18875"}],"wp:term":[{"taxonomy":"product_brand","embeddable":true,"href":"https:\/\/store.astieks.com\/et\/wp-json\/wp\/v2\/product_brand?post=18875"},{"taxonomy":"product_cat","embeddable":true,"href":"https:\/\/store.astieks.com\/et\/wp-json\/wp\/v2\/product_cat?post=18875"},{"taxonomy":"product_tag","embeddable":true,"href":"https:\/\/store.astieks.com\/et\/wp-json\/wp\/v2\/product_tag?post=18875"}],"curies":[{"name":"wp","href":"https:\/\/api.w.org\/{rel}","templated":true}]}}