{"id":18874,"date":"2025-10-03T17:05:38","date_gmt":"2025-10-03T15:05:38","guid":{"rendered":"https:\/\/store.astieks.com\/product\/bread-basket-basket-21-x-30-cm\/"},"modified":"2026-04-29T13:21:21","modified_gmt":"2026-04-29T11:21:21","slug":"bread-basket-basket-21-x-30-cm","status":"publish","type":"product","link":"https:\/\/store.astieks.com\/et\/product\/bread-basket-basket-21-x-30-cm\/","title":{"rendered":"L\u00d5PUM\u00dc\u00dcK! EDZARD leivakorv &#8220;Basket&#8221; (21 x 30 cm)"},"content":{"rendered":"<p>Praktilised hoiukorvid modernse disainiga sobivad suurep\u00e4raselt puuvilja- v\u00f5i leivakorvidena kasutamiseks. \u00d5rnad EDZARDi korvid on t\u00f5elised pilgup\u00fc\u00fcdjad igal s\u00f6\u00f6gilaual v\u00f5i k\u00f6\u00f6gis. Olgu selleks baguette, ciabatta v\u00f5i saiakesed \u2013 need kvaliteetsed korvid lisavad sinu hommikus\u00f6\u00f6gilauale luksuslikku h\u00f5ngu.  <\/p>\n<p>\u2714 DEKORATIIVNE EFEKT: T\u00e4ienda oma lauakatet Edzardi korviga. Selle ajatu disain sobitub suurep\u00e4raselt igasse interj\u00f6\u00f6ri, lisades ruumile modernset ja s\u00e4ravat aktsenti. <\/p>\n<p>\u2714 KODUAKSESSUAAR: See h\u00f5betatud, terasest punutud korv on pilkup\u00fc\u00fcdev detail, mis muudab iga hommikus\u00f6\u00f6gilaua eriliseks elamuseks. \u00c4\u00e4rmiselt mitmek\u00fclgne \u2013 ideaalne nii dekoratiivseks keskosaks koos k\u00fc\u00fcnaldega, serveerimisaluseks h\u00f5rgutistele kui ka stiilseks hoidjaks v\u00e4ikestele aardetele. <\/p>\n<p>\u2714 ELEGANTSED AKTSENDID: Kaunilt kaetud laud on hea hommikus\u00f6\u00f6gi lahutamatu osa \u2013 l\u00f5ppude l\u00f5puks s\u00f6\u00f6me me esmalt silmadega. See h\u00f5bedase tooniga aksessuaar lisab sinu kodule glamuuri ja t\u00f5stab iga ruumi stiilse s\u00e4ra abil esile. <\/p>\n<p>\u2714 AASTATEPIKKUNE KOGEMUS: Alates 1975. aastast on Bremeni pereettev\u00f5te EDZARD tuntud elegantsete ja funktsionaalsete, k\u00f5rgeima kvaliteediga aksessuaaride poolest. Avastage meie pood ja tutvuge laia valikuga peenetest h\u00f5betoodetest. <\/p>\n<p>\u2714 TEIE EELISED:<\/p>\n<ul>\n<li>Peenelt h\u00f5betatud<\/li>\n<li>Tuhmumiskindel<\/li>\n<li>Dekoratiivne ja praktiline<\/li>\n<li>Ideaalne kingiidee<\/li>\n<li>M\u00f5\u00f5dud: 21 \u00d7 30 cm<br \/>Pinna kauni l\u00e4ike s\u00e4ilitamiseks soovitame seda aeg-ajalt \u00f5rnalt pehme lapiga puhastada.<br \/>V\u00e4ltige h\u00f5beda puhastusvahendite, poleerimisvahendite ja tugevatoimeliste puhastusainete kasutamist, kuna need v\u00f5ivad kahjustada tuhmumise eest kaitsvat kihti. See kaitsekiht on \u00f5huke l\u00e4bipaistev klaasitaoline kate, mis on kantud tootele, et pakkuda pikaajalist kaitset tuhmumise ja v\u00e4lism\u00f5jude eest.<br \/>Samuti tuleks v\u00e4ltida otsest p\u00e4ikesevalgust ja niiskust, et kvaliteetne viimistlus s\u00e4ilitaks aja jooksul oma elegantse v\u00e4limuse.  <\/li>\n<\/ul>\n","protected":false},"excerpt":{"rendered":"<p><strong> H\u00f5betatud ja tuhmumiskaitsega leivakorv<\/strong><\/p>\n<ul>\n<li style=\"list-style-type: none;\">\n<ul>\n<li>Elegantne saiakorv erilise hommikus\u00f6\u00f6gilaua jaoks<\/li>\n<li>Praktiline korv leiva ja baguette serveerimiseks<\/li>\n<li>Puuviljakorv stiilses h\u00f5bedases viimistluses<\/li>\n<\/ul>\n<\/li>\n<\/ul>\n","protected":false},"featured_media":18678,"template":"","meta":{"_acf_changed":false},"product_brand":[488],"product_cat":[243,238,268],"product_tag":[],"class_list":{"0":"post-18874","1":"product","2":"type-product","3":"status-publish","4":"has-post-thumbnail","6":"product_brand-edzard-et","7":"product_cat-kingitused","8":"product_cat-kodu-kaunistused","9":"product_cat-lauanoud","10":"nt-post-class","11":"","17":"first","18":"instock","19":"sale","20":"taxable","21":"shipping-taxable","22":"purchasable","23":"product-type-simple"},"acf":[],"_links":{"self":[{"href":"https:\/\/store.astieks.com\/et\/wp-json\/wp\/v2\/product\/18874","targetHints":{"allow":["GET"]}}],"collection":[{"href":"https:\/\/store.astieks.com\/et\/wp-json\/wp\/v2\/product"}],"about":[{"href":"https:\/\/store.astieks.com\/et\/wp-json\/wp\/v2\/types\/product"}],"version-history":[{"count":2,"href":"https:\/\/store.astieks.com\/et\/wp-json\/wp\/v2\/product\/18874\/revisions"}],"predecessor-version":[{"id":21341,"href":"https:\/\/store.astieks.com\/et\/wp-json\/wp\/v2\/product\/18874\/revisions\/21341"}],"wp:featuredmedia":[{"embeddable":true,"href":"https:\/\/store.astieks.com\/et\/wp-json\/wp\/v2\/media\/18678"}],"wp:attachment":[{"href":"https:\/\/store.astieks.com\/et\/wp-json\/wp\/v2\/media?parent=18874"}],"wp:term":[{"taxonomy":"product_brand","embeddable":true,"href":"https:\/\/store.astieks.com\/et\/wp-json\/wp\/v2\/product_brand?post=18874"},{"taxonomy":"product_cat","embeddable":true,"href":"https:\/\/store.astieks.com\/et\/wp-json\/wp\/v2\/product_cat?post=18874"},{"taxonomy":"product_tag","embeddable":true,"href":"https:\/\/store.astieks.com\/et\/wp-json\/wp\/v2\/product_tag?post=18874"}],"curies":[{"name":"wp","href":"https:\/\/api.w.org\/{rel}","templated":true}]}}