{"id":18856,"date":"2025-10-03T14:41:58","date_gmt":"2025-10-03T12:41:58","guid":{"rendered":"https:\/\/store.astieks.com\/product\/candle-holder-james\/"},"modified":"2025-10-03T14:41:58","modified_gmt":"2025-10-03T12:41:58","slug":"candle-holder-james","status":"publish","type":"product","link":"https:\/\/store.astieks.com\/et\/product\/candle-holder-james\/","title":{"rendered":"EDZARD K\u00fc\u00fcnlajalg James"},"content":{"rendered":"<p data-start=\"119\" data-end=\"659\">EDZARDi disaink\u00fc\u00fcnlajalad loovad elegantse \u00f5hkkonna v\u00f5i hubase meeleolu. Vastavalt maitsele ja s\u00fcndmusele saab valida erinevate h\u00f5betatud mudelite vahel \u2014 alates siledast poleeritud pinnast kuni soonilise viimistluseni, \u00fcmarate v\u00f5i kandiliste alustega. Lisaks klassikalistele mudelitele peentele laudadele v\u00f5i luksuslikesse ruumidesse pakub EDZARD ka modernseid disaine, mis on valmistatud soojast puidust, \u00f5rnast klaasist v\u00f5i stiilsest roostevabast terasest. Sama elegantsed ja efektsed on meie teek\u00fc\u00fcnlaalused ja k\u00fc\u00fcnlatopperid, mis toovad igasse ruumi rahuliku meeleolu.   <\/p>\n<p data-start=\"666\" data-end=\"922\">\u2714 AEG PEATUDA JA M\u00d5TISKLEDA: Oma ainulaadse hirvesarvedest inspireeritud disainiga saab sellest elegantsest EDZARDi advendip\u00e4rjast t\u00f5eline pilgup\u00fc\u00fcdja teie kodus v\u00f5i verandale. See toob igasse eluruumi advendimeeleolu ja on iga lauakaunistuse esilet\u00f5st. <\/p>\n<p data-start=\"924\" data-end=\"1131\">\u2714 MITMEK\u00dcLGNE: Ka v\u00e4ljaspool j\u00f5uluhooaega on see k\u00fc\u00fcnlap\u00e4rg kaunis valgusallikas, mis lisab igale ruumile stiilse atmosf\u00e4\u00e4ri. Seda saab h\u00f5lpsasti kombineerida meie klassikaliste EDZARDi toodetega. <\/p>\n<p data-start=\"1133\" data-end=\"1362\">\u2714 KINGIIDEENA: Isegi k\u00f5ige suuremad j\u00f5uluskeptikud j\u00e4\u00e4vad teie piduliku dekoratsiooni \u00fcle muljet avaldama. Olgu see endale v\u00f5i kingituseks \u2013 see suurejooneline EDZARDi advendip\u00e4rg tagab, et p\u00fchadekaunistused ei ole kunagi igavad. <\/p>\n<p data-start=\"1364\" data-end=\"1610\">\u2714 LIHTNE HOOLDADA: Kuus sisseehitatud k\u00fc\u00fcnlaalust tagavad k\u00fc\u00fcnalde ohutu p\u00f5lemise. Nikkelkattega alumiiniumist valmistatud p\u00e4rg on eriti vastupidav ja s\u00e4rab elegantse viimistlusega. Erilist hooldust ei vaja \u2014 piisab, kui p\u00fchkida niiske lapiga.  <\/p>\n<p data-start=\"1612\" data-end=\"1636\">\u2714 TEIE EELISED:<\/p>\n<ul data-start=\"1637\" data-end=\"1872\">\n<li data-start=\"1637\" data-end=\"1673\">\n<p data-start=\"1639\" data-end=\"1673\">Advendip\u00e4rg hirvesarvedega disainis<\/p>\n<\/li>\n<li data-start=\"1674\" data-end=\"1693\">\n<p data-start=\"1676\" data-end=\"1693\">Mahutab 6 k\u00fc\u00fcnalt<\/p>\n<\/li>\n<li data-start=\"1694\" data-end=\"1711\">\n<p data-start=\"1696\" data-end=\"1711\">Nikkelkattega<\/p>\n<\/li>\n<li data-start=\"1712\" data-end=\"1735\">\n<p data-start=\"1714\" data-end=\"1735\">Ohutu k\u00fc\u00fcnla p\u00f5lemine<\/p>\n<\/li>\n<li data-start=\"1736\" data-end=\"1768\">\n<p data-start=\"1738\" data-end=\"1768\">Sobib tavalistele k\u00fc\u00fcnlalehtedele (p\u00f5letusk\u00fc\u00fcnaldele).<\/p>\n<\/li>\n<li data-start=\"1769\" data-end=\"1808\">\n<p data-start=\"1771\" data-end=\"1808\">Sobib k\u00fc\u00fcnaldele, mille diameeter on 6 cm.<\/p>\n<\/li>\n<li data-start=\"1809\" data-end=\"1823\">\n<p data-start=\"1811\" data-end=\"1823\">Pikkus 55 cm.<\/p>\n<\/li>\n<li data-start=\"1824\" data-end=\"1840\">\n<p data-start=\"1826\" data-end=\"1840\">27,5 cm pikkus<\/p>\n<\/li>\n<li data-start=\"1841\" data-end=\"1872\">\n<p data-start=\"1843\" data-end=\"1872\">Mitmek\u00fclgne ja lihtne kombineerida.<\/p>\n<\/li>\n<\/ul>\n<p>(K\u00f5rgus: 27,5 cm, Pikkus: 55 cm), nikliga kaetud alumiinium, sobib k\u00fc\u00fcnaldele, mille diameeter on 6 cm.<\/p>\n<p>V\u00e4rv: H\u00f5be<br data-start=\"64\" data-end=\"67\">K\u00fc\u00fcnla t\u00fc\u00fcp: sambak\u00fc\u00fcnal<br data-start=\"97\" data-end=\"100\">Materjal: alumiinium<br data-start=\"122\" data-end=\"125\">Viimistlus: nikkelkattega<\/p>\n<p data-start=\"39\" data-end=\"159\">Soovitame \u00f5rnalt puhastada \u00f5rna plaatinaraami k\u00e4sitsi, kasutades pehmet, kergelt niisket lappi ja minimaalset survet.<\/p>\n<p data-start=\"161\" data-end=\"531\">Cleaning agents and dishwashers should be avoided, as they can damage the rim \u2014 even if this does not affect the functionality of the glass.<br data-start=\"301\" data-end=\"304\">Due to the manufacturing process, small air bubbles may appear in the glass. These are a sign of traditional craftsmanship and make each piece truly unique.<br data-start=\"460\" data-end=\"463\">This glass combines the finest craftsmanship with timeless elegance. <\/p>\n<p>&nbsp;<\/p>\n","protected":false},"excerpt":{"rendered":"<p>High-quality silver-colored Advent wreath<br data-start=\"80\" data-end=\"83\">Elegant Christmas wreath with 6 candle plates<br data-start=\"128\" data-end=\"131\">Suitable for standard pillar candles<br data-start=\"167\" data-end=\"170\">Classic candle wreath, ideal for combining with other decorations<\/p>\n","protected":false},"featured_media":18407,"template":"","meta":{"_acf_changed":false},"product_brand":[488],"product_cat":[457,243,238,480],"product_tag":[],"class_list":{"0":"post-18856","1":"product","2":"type-product","3":"status-publish","4":"has-post-thumbnail","6":"product_brand-edzard-et","7":"product_cat-christmass-time-et","8":"product_cat-kingitused","9":"product_cat-kodu-kaunistused","10":"product_cat-kuunlajalg","11":"nt-post-class","12":"","18":"first","19":"instock","20":"taxable","21":"shipping-taxable","22":"purchasable","23":"product-type-simple"},"acf":[],"_links":{"self":[{"href":"https:\/\/store.astieks.com\/et\/wp-json\/wp\/v2\/product\/18856","targetHints":{"allow":["GET"]}}],"collection":[{"href":"https:\/\/store.astieks.com\/et\/wp-json\/wp\/v2\/product"}],"about":[{"href":"https:\/\/store.astieks.com\/et\/wp-json\/wp\/v2\/types\/product"}],"version-history":[{"count":0,"href":"https:\/\/store.astieks.com\/et\/wp-json\/wp\/v2\/product\/18856\/revisions"}],"wp:featuredmedia":[{"embeddable":true,"href":"https:\/\/store.astieks.com\/et\/wp-json\/wp\/v2\/media\/18407"}],"wp:attachment":[{"href":"https:\/\/store.astieks.com\/et\/wp-json\/wp\/v2\/media?parent=18856"}],"wp:term":[{"taxonomy":"product_brand","embeddable":true,"href":"https:\/\/store.astieks.com\/et\/wp-json\/wp\/v2\/product_brand?post=18856"},{"taxonomy":"product_cat","embeddable":true,"href":"https:\/\/store.astieks.com\/et\/wp-json\/wp\/v2\/product_cat?post=18856"},{"taxonomy":"product_tag","embeddable":true,"href":"https:\/\/store.astieks.com\/et\/wp-json\/wp\/v2\/product_tag?post=18856"}],"curies":[{"name":"wp","href":"https:\/\/api.w.org\/{rel}","templated":true}]}}