{"id":18855,"date":"2025-09-27T13:46:08","date_gmt":"2025-09-27T11:46:08","guid":{"rendered":"https:\/\/store.astieks.com\/product\/daum-small-platax-fish-maya\/"},"modified":"2026-02-26T18:40:46","modified_gmt":"2026-02-26T16:40:46","slug":"daum-small-platax-fish-maya","status":"publish","type":"product","link":"https:\/\/store.astieks.com\/et\/product\/daum-small-platax-fish-maya\/","title":{"rendered":"DAUM V\u00e4ike platax-kala Maya"},"content":{"rendered":"<p>Selleks uueks hooajaks esitleb Maison Daum skulptuure Kariibi mere p\u00f5hjast, pakkudes uusi moodsaid kujutisi veealustest loomadest, kellest m\u00f5ned olid juba kristallitehase varasemates kollektsioonides.<\/p>\n","protected":false},"excerpt":{"rendered":"<p>Platax v\u00e4ike mudel Maya \u2013 Daumi kristallskulptuur, mereteemaline disain, veealune loom, Kariibi mere kollektsioon, kunstiline dekoratsioon, kunstiline v\u00e4ljaanne.<\/p>\n<p>&nbsp;<\/p>\n","protected":false},"featured_media":18042,"template":"","meta":{"_acf_changed":false},"product_brand":[486],"product_cat":[476,243,238],"product_tag":[],"class_list":{"0":"post-18855","1":"product","2":"type-product","3":"status-publish","4":"has-post-thumbnail","6":"product_brand-daum-et","7":"product_cat-skulptuurid","8":"product_cat-kingitused","9":"product_cat-kodu-kaunistused","10":"nt-post-class","11":"","17":"first","18":"instock","19":"taxable","20":"shipping-taxable","21":"purchasable","22":"product-type-simple"},"acf":[],"_links":{"self":[{"href":"https:\/\/store.astieks.com\/et\/wp-json\/wp\/v2\/product\/18855","targetHints":{"allow":["GET"]}}],"collection":[{"href":"https:\/\/store.astieks.com\/et\/wp-json\/wp\/v2\/product"}],"about":[{"href":"https:\/\/store.astieks.com\/et\/wp-json\/wp\/v2\/types\/product"}],"version-history":[{"count":1,"href":"https:\/\/store.astieks.com\/et\/wp-json\/wp\/v2\/product\/18855\/revisions"}],"predecessor-version":[{"id":19627,"href":"https:\/\/store.astieks.com\/et\/wp-json\/wp\/v2\/product\/18855\/revisions\/19627"}],"wp:featuredmedia":[{"embeddable":true,"href":"https:\/\/store.astieks.com\/et\/wp-json\/wp\/v2\/media\/18042"}],"wp:attachment":[{"href":"https:\/\/store.astieks.com\/et\/wp-json\/wp\/v2\/media?parent=18855"}],"wp:term":[{"taxonomy":"product_brand","embeddable":true,"href":"https:\/\/store.astieks.com\/et\/wp-json\/wp\/v2\/product_brand?post=18855"},{"taxonomy":"product_cat","embeddable":true,"href":"https:\/\/store.astieks.com\/et\/wp-json\/wp\/v2\/product_cat?post=18855"},{"taxonomy":"product_tag","embeddable":true,"href":"https:\/\/store.astieks.com\/et\/wp-json\/wp\/v2\/product_tag?post=18855"}],"curies":[{"name":"wp","href":"https:\/\/api.w.org\/{rel}","templated":true}]}}