{"id":18849,"date":"2025-09-29T12:24:07","date_gmt":"2025-09-29T10:24:07","guid":{"rendered":"https:\/\/store.astieks.com\/product\/daum-green-snake\/"},"modified":"2026-02-26T18:31:49","modified_gmt":"2026-02-26T16:31:49","slug":"daum-green-snake","status":"publish","type":"product","link":"https:\/\/store.astieks.com\/et\/product\/daum-green-snake\/","title":{"rendered":"DAUM Roheline Madu"},"content":{"rendered":"<p>Hiina astroloogias ja Viie Elemendi teoorias seostub roheline v\u00e4rv Puu elemendiga. Iga aasta Hiina sodiaagis on seotud mitte ainult loomam\u00e4rgiga, vaid ka \u00fche Viie Elemendi hulka kuuluva elemendiga: Puu, Tuli, Maa, Metall ja Vesi. <\/p>\n<p>Puu element s\u00fcmboliseerib kasvu, eluj\u00f5udu ja laienemist. Seet\u00f5ttu t\u00e4histab roheline v\u00e4rv Hiina horoskoobis neid omadusi, aga ka uuendust, harmooniat ja j\u00f5ukust. Madu pea, mis on p\u00f6\u00f6ratud \u00fclespoole, esindab p\u00fc\u00fcdlust, ambitsiooni ja k\u00f5rgemate eesm\u00e4rkide v\u00f5i vaimse valgustatuse poole p\u00fc\u00fcdlemist. Kui madu suu on avatud, s\u00fcmboliseerib see suhtlemist, enesev\u00e4ljendust ja valmisolekut maailma kaasata.   <\/p>\n","protected":false},"excerpt":{"rendered":"<p>Piiratud tiraa\u017e \u2013 588 eksemplari<br \/>T\u00fckk valmistatud kaotatud vaha tehnika abil, mis n\u00f5uab 7 tootmisetappi.<br \/>T\u00fckiga kaasneb autentsustunnistus.<\/p>\n","protected":false},"featured_media":18101,"template":"","meta":{"_acf_changed":false},"product_brand":[486],"product_cat":[476,243,238],"product_tag":[],"class_list":{"0":"post-18849","1":"product","2":"type-product","3":"status-publish","4":"has-post-thumbnail","6":"product_brand-daum-et","7":"product_cat-skulptuurid","8":"product_cat-kingitused","9":"product_cat-kodu-kaunistused","10":"nt-post-class","11":"","17":"first","18":"instock","19":"taxable","20":"shipping-taxable","21":"purchasable","22":"product-type-simple"},"acf":[],"_links":{"self":[{"href":"https:\/\/store.astieks.com\/et\/wp-json\/wp\/v2\/product\/18849","targetHints":{"allow":["GET"]}}],"collection":[{"href":"https:\/\/store.astieks.com\/et\/wp-json\/wp\/v2\/product"}],"about":[{"href":"https:\/\/store.astieks.com\/et\/wp-json\/wp\/v2\/types\/product"}],"version-history":[{"count":1,"href":"https:\/\/store.astieks.com\/et\/wp-json\/wp\/v2\/product\/18849\/revisions"}],"predecessor-version":[{"id":19619,"href":"https:\/\/store.astieks.com\/et\/wp-json\/wp\/v2\/product\/18849\/revisions\/19619"}],"wp:featuredmedia":[{"embeddable":true,"href":"https:\/\/store.astieks.com\/et\/wp-json\/wp\/v2\/media\/18101"}],"wp:attachment":[{"href":"https:\/\/store.astieks.com\/et\/wp-json\/wp\/v2\/media?parent=18849"}],"wp:term":[{"taxonomy":"product_brand","embeddable":true,"href":"https:\/\/store.astieks.com\/et\/wp-json\/wp\/v2\/product_brand?post=18849"},{"taxonomy":"product_cat","embeddable":true,"href":"https:\/\/store.astieks.com\/et\/wp-json\/wp\/v2\/product_cat?post=18849"},{"taxonomy":"product_tag","embeddable":true,"href":"https:\/\/store.astieks.com\/et\/wp-json\/wp\/v2\/product_tag?post=18849"}],"curies":[{"name":"wp","href":"https:\/\/api.w.org\/{rel}","templated":true}]}}