{"id":18847,"date":"2025-09-29T12:55:43","date_gmt":"2025-09-29T10:55:43","guid":{"rendered":"https:\/\/store.astieks.com\/product\/daum-safran-bowl\/"},"modified":"2026-02-26T18:27:37","modified_gmt":"2026-02-26T16:27:37","slug":"daum-safran-bowl","status":"publish","type":"product","link":"https:\/\/store.astieks.com\/et\/product\/daum-safran-bowl\/","title":{"rendered":"DAUM Saffron kauss"},"content":{"rendered":"","protected":false},"excerpt":{"rendered":"<p class=\"p1\"><strong>Nummerdatud tiraa\u017e<\/strong><\/p>\n<p>Safran-kollektsioon on ood n\u00f5udlikule ja \u00f5rnale loodusele, jutustades loo lille \u00f5itsengust liivasel ja p\u00e4ikeselisel maal ning \u00f5rnade, kuid v\u00e4\u00e4rtuslike v\u00e4\u00e4diliste korjamisest. Nagu kollakaskuldne v\u00fcrts, mis v\u00e4rvib toite, on Safran-teosed rikkalikud soojades toonides, liikudes merevaigukollasest punaseni. <\/p>\n","protected":false},"featured_media":18119,"template":"","meta":{"_acf_changed":false},"product_brand":[486],"product_cat":[479,243,238],"product_tag":[],"class_list":{"0":"post-18847","1":"product","2":"type-product","3":"status-publish","4":"has-post-thumbnail","6":"product_brand-daum-et","7":"product_cat-kauss","8":"product_cat-kingitused","9":"product_cat-kodu-kaunistused","10":"nt-post-class","11":"","17":"first","18":"instock","19":"taxable","20":"shipping-taxable","21":"purchasable","22":"product-type-simple"},"acf":[],"_links":{"self":[{"href":"https:\/\/store.astieks.com\/et\/wp-json\/wp\/v2\/product\/18847","targetHints":{"allow":["GET"]}}],"collection":[{"href":"https:\/\/store.astieks.com\/et\/wp-json\/wp\/v2\/product"}],"about":[{"href":"https:\/\/store.astieks.com\/et\/wp-json\/wp\/v2\/types\/product"}],"version-history":[{"count":1,"href":"https:\/\/store.astieks.com\/et\/wp-json\/wp\/v2\/product\/18847\/revisions"}],"predecessor-version":[{"id":19615,"href":"https:\/\/store.astieks.com\/et\/wp-json\/wp\/v2\/product\/18847\/revisions\/19615"}],"wp:featuredmedia":[{"embeddable":true,"href":"https:\/\/store.astieks.com\/et\/wp-json\/wp\/v2\/media\/18119"}],"wp:attachment":[{"href":"https:\/\/store.astieks.com\/et\/wp-json\/wp\/v2\/media?parent=18847"}],"wp:term":[{"taxonomy":"product_brand","embeddable":true,"href":"https:\/\/store.astieks.com\/et\/wp-json\/wp\/v2\/product_brand?post=18847"},{"taxonomy":"product_cat","embeddable":true,"href":"https:\/\/store.astieks.com\/et\/wp-json\/wp\/v2\/product_cat?post=18847"},{"taxonomy":"product_tag","embeddable":true,"href":"https:\/\/store.astieks.com\/et\/wp-json\/wp\/v2\/product_tag?post=18847"}],"curies":[{"name":"wp","href":"https:\/\/api.w.org\/{rel}","templated":true}]}}