{"id":18846,"date":"2025-09-29T13:15:38","date_gmt":"2025-09-29T11:15:38","guid":{"rendered":"https:\/\/store.astieks.com\/product\/daum-amber-tulip-vase\/"},"modified":"2026-04-17T13:06:49","modified_gmt":"2026-04-17T11:06:49","slug":"daum-amber-tulip-vase","status":"publish","type":"product","link":"https:\/\/store.astieks.com\/et\/product\/daum-amber-tulip-vase\/","title":{"rendered":"DAUM Tulip vaas, 17 cm, merevaigutooni kristall"},"content":{"rendered":"<p>Daum, kunstiesemete looja alates 1900. aastatest, ammutab inspiratsiooni elu k\u00f5ige kaunimatest aardedest, et luua v\u00f5rreldamatuid v\u00e4\u00e4te. Alates mini-, v\u00e4ikesest, keskmisest, suurest kuni magnum-suuruseni pakub iga vaas fauna ja floora t\u00f5lgendust ning jutustab lugu erakordse meisterlikkuse kaudu. T\u00e4nu kadunud vaha tehnikale muutub kristallpasta vaasideks, saades kristallitootja ikooniks. Vaasid Daumis \u00f5itsevad l\u00e4bi aastaaegade, pakkudes v\u00e4rvide ja valguse vikerkaart ning v\u00e4rsket pilku loodusele. Art Nouveau\u2019st kuni t\u00e4navakunstini kujundavad kunstnikud ja k\u00e4sit\u00f6\u00f6lised Daumi kollektsioonide jaoks erinevaid vaase ning t\u00e4histavad sellega kristallitootja ajalugu eri ajastute trendide kaudu.    <\/p>\n","protected":false},"excerpt":{"rendered":"<p><strong>Nummerdatud tiraa\u017e<\/strong><\/p>\n","protected":false},"featured_media":20926,"template":"","meta":{"_acf_changed":false},"product_brand":[486],"product_cat":[243,238,285,283],"product_tag":[],"class_list":{"0":"post-18846","1":"product","2":"type-product","3":"status-publish","4":"has-post-thumbnail","6":"product_brand-daum-et","7":"product_cat-kingitused","8":"product_cat-kodu-kaunistused","9":"product_cat-kristall","10":"product_cat-vaasid","11":"nt-post-class","12":"","18":"first","19":"instock","20":"taxable","21":"shipping-taxable","22":"purchasable","23":"product-type-simple"},"acf":[],"_links":{"self":[{"href":"https:\/\/store.astieks.com\/et\/wp-json\/wp\/v2\/product\/18846","targetHints":{"allow":["GET"]}}],"collection":[{"href":"https:\/\/store.astieks.com\/et\/wp-json\/wp\/v2\/product"}],"about":[{"href":"https:\/\/store.astieks.com\/et\/wp-json\/wp\/v2\/types\/product"}],"version-history":[{"count":1,"href":"https:\/\/store.astieks.com\/et\/wp-json\/wp\/v2\/product\/18846\/revisions"}],"predecessor-version":[{"id":21114,"href":"https:\/\/store.astieks.com\/et\/wp-json\/wp\/v2\/product\/18846\/revisions\/21114"}],"wp:featuredmedia":[{"embeddable":true,"href":"https:\/\/store.astieks.com\/et\/wp-json\/wp\/v2\/media\/20926"}],"wp:attachment":[{"href":"https:\/\/store.astieks.com\/et\/wp-json\/wp\/v2\/media?parent=18846"}],"wp:term":[{"taxonomy":"product_brand","embeddable":true,"href":"https:\/\/store.astieks.com\/et\/wp-json\/wp\/v2\/product_brand?post=18846"},{"taxonomy":"product_cat","embeddable":true,"href":"https:\/\/store.astieks.com\/et\/wp-json\/wp\/v2\/product_cat?post=18846"},{"taxonomy":"product_tag","embeddable":true,"href":"https:\/\/store.astieks.com\/et\/wp-json\/wp\/v2\/product_tag?post=18846"}],"curies":[{"name":"wp","href":"https:\/\/api.w.org\/{rel}","templated":true}]}}