{"id":18845,"date":"2025-09-29T13:24:57","date_gmt":"2025-09-29T11:24:57","guid":{"rendered":"https:\/\/store.astieks.com\/product\/daum-green-orange-vase-rose-passion\/"},"modified":"2025-09-29T13:24:57","modified_gmt":"2025-09-29T11:24:57","slug":"daum-green-orange-vase-rose-passion","status":"publish","type":"product","link":"https:\/\/store.astieks.com\/et\/product\/daum-green-orange-vase-rose-passion\/","title":{"rendered":"DAUM Roheline ja oran\u017e vaas Rose Passion"},"content":{"rendered":"<p><strong>Vases<\/strong><\/p>\n<div class=\"term-description\">\n<p>Daum, kunstiesemete looja alates 1900. aastatest, ammutab inspiratsiooni elu k\u00f5ige kaunimatest aardedest, et luua v\u00f5rreldamatuid v\u00e4\u00e4te. Alates mini-, v\u00e4ikesest, keskmisest, suurest kuni magnum-suuruseni pakub iga vaas fauna ja floora t\u00f5lgendust ning jutustab lugu erakordse meisterlikkuse kaudu. T\u00e4nu kadunud vaha tehnikale muutub kristallpasta vaasideks, saades kristallitootja ikooniks. Vaasid Daumis \u00f5itsevad l\u00e4bi aastaaegade, pakkudes v\u00e4rvide ja valguse vikerkaart ning v\u00e4rsket pilku loodusele. Art Nouveau\u2019st kuni t\u00e4navakunstini kujundavad kunstnikud ja k\u00e4sit\u00f6\u00f6lised Daumi kollektsioonide jaoks erinevaid vaase ning t\u00e4histavad sellega kristallitootja ajalugu eri ajastute trendide kaudu.    <\/p>\n<\/div>\n","protected":false},"excerpt":{"rendered":"<p><strong>Nummerdatud tiraa\u017e<\/strong><\/p>\n<p>Maison Daumi s\u00fcmboolne teema, roos, saab taas austuse osaliseks Rose Passion kollektsiooni kaudu. Sel aastal kujundab Maison neli uut vaasi, millel on lummavad ja \u00fcllatavad toonid, millest m\u00f5ned on kaunistatud kullat puudutustega. See vaas, t\u00f5eline tehniline saavutus Daumi ateljees, v\u00e4ljendab erakordset meisterlikkust, mis j\u00e4tkab ilu ja poeetika maailma, mis on Maisoni jaoks v\u00e4ga kallis.  <\/p>\n","protected":false},"featured_media":18138,"template":"","meta":{"_acf_changed":false},"product_brand":[],"product_cat":[],"product_tag":[],"class_list":{"0":"post-18845","1":"product","2":"type-product","3":"status-publish","4":"has-post-thumbnail","6":"nt-post-class","7":"","13":"first","14":"outofstock","15":"taxable","16":"shipping-taxable","17":"purchasable","18":"product-type-simple"},"acf":[],"_links":{"self":[{"href":"https:\/\/store.astieks.com\/et\/wp-json\/wp\/v2\/product\/18845","targetHints":{"allow":["GET"]}}],"collection":[{"href":"https:\/\/store.astieks.com\/et\/wp-json\/wp\/v2\/product"}],"about":[{"href":"https:\/\/store.astieks.com\/et\/wp-json\/wp\/v2\/types\/product"}],"version-history":[{"count":0,"href":"https:\/\/store.astieks.com\/et\/wp-json\/wp\/v2\/product\/18845\/revisions"}],"wp:featuredmedia":[{"embeddable":true,"href":"https:\/\/store.astieks.com\/et\/wp-json\/wp\/v2\/media\/18138"}],"wp:attachment":[{"href":"https:\/\/store.astieks.com\/et\/wp-json\/wp\/v2\/media?parent=18845"}],"wp:term":[{"taxonomy":"product_brand","embeddable":true,"href":"https:\/\/store.astieks.com\/et\/wp-json\/wp\/v2\/product_brand?post=18845"},{"taxonomy":"product_cat","embeddable":true,"href":"https:\/\/store.astieks.com\/et\/wp-json\/wp\/v2\/product_cat?post=18845"},{"taxonomy":"product_tag","embeddable":true,"href":"https:\/\/store.astieks.com\/et\/wp-json\/wp\/v2\/product_tag?post=18845"}],"curies":[{"name":"wp","href":"https:\/\/api.w.org\/{rel}","templated":true}]}}