{"id":18844,"date":"2025-09-29T13:31:57","date_gmt":"2025-09-29T11:31:57","guid":{"rendered":"https:\/\/store.astieks.com\/product\/daum-maternity-by-jon-decelles\/"},"modified":"2026-02-26T18:24:24","modified_gmt":"2026-02-26T16:24:24","slug":"daum-maternity-by-jon-decelles","status":"publish","type":"product","link":"https:\/\/store.astieks.com\/et\/product\/daum-maternity-by-jon-decelles\/","title":{"rendered":"DAUM Emadus \u2013 Jon DeCelles\u2019i looming"},"content":{"rendered":"<div class=\"term-description\">\n<p><strong>Naisskulptuurid<\/strong><\/p>\n<p>Alates 1968. aastast on DAUM teinud koost\u00f6\u00f6d suurimate kunstnikega, et kujutada, t\u00f5lgendada, kujutleda v\u00f5i unistada naiselikkusest. Alates Dali \u00fcmberm\u00f5testatud Venus de Milo\u2019st kuni Marie-Paule Deville Chabrolle\u2019i naiselike m\u00e4lestusteni ning Lui Li Rongi l\u00fc\u00fcrilise graatsiani \u2014 kunst on teinud naisest oma muusa ja muutnud ta kunstiteosteks. <\/p>\n<p>Maison Daumi arhiivid dokumenteerivad esimesi kunstilisi uurimusi naisteemal Almaric Walteri poolt aastatel 1905\u20131912, kuid t\u00f5eline loominguline hoog algas 1960. aastatel. Esimesed koost\u00f6\u00f6d s\u00f5lmiti 1968. aastal Jacqueline Badordi teose Torse n\u00e4ol, millele j\u00e4rgnes Jean Pierre Demarchi Baigneuse. Seej\u00e4rel tulid 1969. aastal Yehuda Neimani La Ronde, 1972. aastal Roy Adzaki Nus, Claude Abeille\u2019i Psych\u00e9, Olivier Brice\u2019i Draped Venus, Paloma Picasso Paloma 1972. aastal ning Maurice Legendre\u2019i Eurydice 1976. aastal.  <\/p>\n<p>Sellest ajast alates on \u00fcle 70 kunstniku Daumi kaudu t\u00f5lgendanud naise vormi, t\u00e4histades selle l\u00f5putut sensuaalsust.<\/p>\n<\/div>\n","protected":false},"excerpt":{"rendered":"<p><strong>Piiratud tiraa\u017e: 375 eksemplari<\/strong><\/p>\n<p>Jon DeCelles alustas skulptuuride tegemist v\u00e4ikestest kividest, kasutades lihtsat steak-noa. Suure kirglikkusega n\u00e4gude skulptuuri vastu otsustas kunstnik v\u00f5tta skulptuuri\u00f5pinguid. Tema t\u00f6id tunnustasid eksperdid ning ta p\u00e4lvis mitmeid auhindu. Kahek\u00fcmne aasta jooksul arenes Decelles\u2019i realistlik figuuriskulptuur abstraktsemaks. Kunstnik suudab luua nii monumentaalseid teoseid, mis kaaluvad \u00fcle 600 kg, kui ka miniatuurseid vaid 2 cm suuruseid t\u00f6id. Daumi kristallist teos Maternity sai inspiratsiooni tema poegade s\u00fcnnist ning emak\u00e4te pehmusest ja turvatundest, mida need lapsele pakuvad. Silmad kinni, on nad selle hetke igaveseks kivistanud. Pehmes roosas toonis kristallskulptuur on t\u00e4is hellust ja sensuaalsust ning kutsub puudutuse, rahunemise ja m\u00f5tiskluse juurde.       <\/p>\n","protected":false},"featured_media":18145,"template":"","meta":{"_acf_changed":false},"product_brand":[486],"product_cat":[476,243,238],"product_tag":[],"class_list":{"0":"post-18844","1":"product","2":"type-product","3":"status-publish","4":"has-post-thumbnail","6":"product_brand-daum-et","7":"product_cat-skulptuurid","8":"product_cat-kingitused","9":"product_cat-kodu-kaunistused","10":"nt-post-class","11":"","17":"first","18":"instock","19":"taxable","20":"shipping-taxable","21":"purchasable","22":"product-type-simple"},"acf":[],"_links":{"self":[{"href":"https:\/\/store.astieks.com\/et\/wp-json\/wp\/v2\/product\/18844","targetHints":{"allow":["GET"]}}],"collection":[{"href":"https:\/\/store.astieks.com\/et\/wp-json\/wp\/v2\/product"}],"about":[{"href":"https:\/\/store.astieks.com\/et\/wp-json\/wp\/v2\/types\/product"}],"version-history":[{"count":1,"href":"https:\/\/store.astieks.com\/et\/wp-json\/wp\/v2\/product\/18844\/revisions"}],"predecessor-version":[{"id":19613,"href":"https:\/\/store.astieks.com\/et\/wp-json\/wp\/v2\/product\/18844\/revisions\/19613"}],"wp:featuredmedia":[{"embeddable":true,"href":"https:\/\/store.astieks.com\/et\/wp-json\/wp\/v2\/media\/18145"}],"wp:attachment":[{"href":"https:\/\/store.astieks.com\/et\/wp-json\/wp\/v2\/media?parent=18844"}],"wp:term":[{"taxonomy":"product_brand","embeddable":true,"href":"https:\/\/store.astieks.com\/et\/wp-json\/wp\/v2\/product_brand?post=18844"},{"taxonomy":"product_cat","embeddable":true,"href":"https:\/\/store.astieks.com\/et\/wp-json\/wp\/v2\/product_cat?post=18844"},{"taxonomy":"product_tag","embeddable":true,"href":"https:\/\/store.astieks.com\/et\/wp-json\/wp\/v2\/product_tag?post=18844"}],"curies":[{"name":"wp","href":"https:\/\/api.w.org\/{rel}","templated":true}]}}