{"id":18843,"date":"2025-09-29T13:42:38","date_gmt":"2025-09-29T11:42:38","guid":{"rendered":"https:\/\/store.astieks.com\/product\/daum-meditation-by-sylvie-mangaud\/"},"modified":"2026-02-26T18:21:57","modified_gmt":"2026-02-26T16:21:57","slug":"daum-meditation-by-sylvie-mangaud","status":"publish","type":"product","link":"https:\/\/store.astieks.com\/et\/product\/daum-meditation-by-sylvie-mangaud\/","title":{"rendered":"DAUM Meditatsioon \u2013 Sylvie Mangaud&#8217;lt"},"content":{"rendered":"<p>Sylvie Mangaud, s\u00fcndinud 1961. aastal Pariisis, on Prantsuse kunstnik, kelle lemmikteemadeks loomingus on aktid ja loomad. P\u00e4rast graafoloogia ja morfoloogia alaseid \u00f5pinguid s\u00fcvenes ta kiiresti keha kujutamise ja v\u00e4ljendusrikkuse maailma. Tema looming on kerge ja peen, tabades elegantsi ning loomulikku liikumist. Daumi kristallist skulptuurid on \u00f5rnad ja sensuaalsed \u2013 nagu ka tema uus teos \u201eDarling\u201c, mis on t\u00e4is graatsiat ja tundelisust.   <\/p>\n<p><strong>Naisskulptuurid<\/strong><\/p>\n<p>Alates 1968. aastast on DAUM teinud koost\u00f6\u00f6d suurte kunstnikega, et skulpteerida, t\u00f5lgendada, kujutleda v\u00f5i unistada naiselikkusest. Alates Dali versioonist Venus de Milo kuni Marie-Paule Deville Chabrolle\u2019i naistem\u00e4lestusteni ja Lui Li Rongi l\u00fc\u00fcrilise t\u00f5usuni \u2013 kunst on teinud naisest oma muusa ja muutnud ta kunstiteoseks. <\/p>\n<p>Maison Daumi arhiivid kirjeldavad esimesi kunstilisi katsetusi naise temaatikal Almaric Walteri poolt aastatel 1905\u20131912, kuid tegelik hoog sai alguse 1960. aastatel. Esimesed koost\u00f6\u00f6d s\u00f5lmiti juba 1968. aastal Jacqueline Badordi teosega Torse, millele j\u00e4rgnes Jean Pierre Demarchi teos Baigneuse. Aastal 1969 lisandus Yehuda Neimani La Ronde; 1972. aastal Roy Adzaki Nus; 1976. aastal Claude Abeille\u2019i Psych\u00e9, Olivier Brice\u2019i V\u00e9nus drap\u00e9e, samuti Paloma Picasso Paloma 1972. aastal ja Maurice Legendre Eurydice 1976. aastal. Sellest ajast alates on \u00fcle 70 kunstniku t\u00f5lgendanud naist Daumi loomingus, luues l\u00f5putut sensuaalsust.   <\/p>\n<p>&nbsp;<\/p>\n","protected":false},"excerpt":{"rendered":"<p><strong>Piiratud tiraa\u017e: 375 eksemplari<\/strong><\/p>\n<div class=\"page\" title=\"Lehek\u00fclg 8\">\n<div class=\"section\">\n<div class=\"layoutArea\">\n<div class=\"column\">\n<p>Kunstnik Sylvie Mangaud r\u00f5\u00f5mustab meid taas teosega Meditation. \u00d5rnalt p\u00f5lvi embav see graatsiline t\u00f6\u00f6 kiirgab elegantsi ja rahulikku \u00f5hkkonda. Skulptuur kutsub meid kaasa rahuliku meeleseisundi juurde ning viib meid rahusse ja harmooniasse. Piiratud tiraa\u017eis 375 eksemplari loob Meditation pehmete roosade toonidega harmoonilise meeleolu teie interj\u00f6\u00f6ris.   <\/p>\n<\/div>\n<\/div>\n<\/div>\n<\/div>\n","protected":false},"featured_media":18152,"template":"","meta":{"_acf_changed":false},"product_brand":[486],"product_cat":[476,243,238],"product_tag":[],"class_list":{"0":"post-18843","1":"product","2":"type-product","3":"status-publish","4":"has-post-thumbnail","6":"product_brand-daum-et","7":"product_cat-skulptuurid","8":"product_cat-kingitused","9":"product_cat-kodu-kaunistused","10":"nt-post-class","11":"","17":"first","18":"instock","19":"taxable","20":"shipping-taxable","21":"purchasable","22":"product-type-simple"},"acf":[],"_links":{"self":[{"href":"https:\/\/store.astieks.com\/et\/wp-json\/wp\/v2\/product\/18843","targetHints":{"allow":["GET"]}}],"collection":[{"href":"https:\/\/store.astieks.com\/et\/wp-json\/wp\/v2\/product"}],"about":[{"href":"https:\/\/store.astieks.com\/et\/wp-json\/wp\/v2\/types\/product"}],"version-history":[{"count":1,"href":"https:\/\/store.astieks.com\/et\/wp-json\/wp\/v2\/product\/18843\/revisions"}],"predecessor-version":[{"id":19612,"href":"https:\/\/store.astieks.com\/et\/wp-json\/wp\/v2\/product\/18843\/revisions\/19612"}],"wp:featuredmedia":[{"embeddable":true,"href":"https:\/\/store.astieks.com\/et\/wp-json\/wp\/v2\/media\/18152"}],"wp:attachment":[{"href":"https:\/\/store.astieks.com\/et\/wp-json\/wp\/v2\/media?parent=18843"}],"wp:term":[{"taxonomy":"product_brand","embeddable":true,"href":"https:\/\/store.astieks.com\/et\/wp-json\/wp\/v2\/product_brand?post=18843"},{"taxonomy":"product_cat","embeddable":true,"href":"https:\/\/store.astieks.com\/et\/wp-json\/wp\/v2\/product_cat?post=18843"},{"taxonomy":"product_tag","embeddable":true,"href":"https:\/\/store.astieks.com\/et\/wp-json\/wp\/v2\/product_tag?post=18843"}],"curies":[{"name":"wp","href":"https:\/\/api.w.org\/{rel}","templated":true}]}}