{"id":18842,"date":"2025-09-29T13:53:00","date_gmt":"2025-09-29T11:53:00","guid":{"rendered":"https:\/\/store.astieks.com\/product\/daum-amber-green-eugenie-by-jean-phillippe-richard\/"},"modified":"2026-02-26T18:15:25","modified_gmt":"2026-02-26T16:15:25","slug":"daum-amber-green-eugenie-by-jean-phillippe-richard","status":"publish","type":"product","link":"https:\/\/store.astieks.com\/et\/product\/daum-amber-green-eugenie-by-jean-phillippe-richard\/","title":{"rendered":"DAUM Merevaiguroheline Eugenie, autor Jean-Philippe Richard"},"content":{"rendered":"<p><strong>Naisskulptuurid<\/strong><\/p>\n<p>Alates 1968. aastast on DAUM \u00fcmbritsenud end suurimate kunstnikega, et kujutada, t\u00f5lgendada, kujutleda v\u00f5i unistada naiselikkusest. Alates Dali Venus de Milo\u2019st kuni Marie-Paule Deville Chabrolle\u2019i naiste m\u00e4lestusteni ning Lui Li Rongi l\u00fc\u00fcrilise lennuni \u2014 kunst on teinud naisest oma muusa ja muundub kunstiteosteks. <\/p>\n<p>Maison Daumi arhiivid kirjeldavad esimesi kunstilisi katseid naiste temaatikal Almaric Walteri poolt aastatel 1905\u20131912, kuid t\u00f5eline hoog sai alguse 1960. aastatel. Esimesed koost\u00f6\u00f6d s\u00f5lmiti juba 1968. aastal Jacqueline Badordi teose Torse n\u00e4ol, millele j\u00e4rgnes Jean Pierre Demarchi Baigneuse. 1969. aastal tuli La Ronde autorilt Yehuda Neiman; 1972. aastal Nus Roy Adzakilt; 1976. aastal Psych\u00e9 Claude Abeille\u2019ilt, V\u00e9nus drap\u00e9e Olivier Brice\u2019ilt, samuti Paloma Paloma Picasso\u2019lt 1972. aastal ja Eurydice Maurice Legendre\u2019lt 1976. aastal. Sellest ajast alates on Daumis naist t\u00f5lgendanud \u00fcle 70 kunstniku, luues l\u00f5pmatu sensuaalsuse.   <\/p>\n<p>&nbsp;<\/p>\n","protected":false},"excerpt":{"rendered":"<p class=\"p1\"><strong>Piiratud tiraa\u017e: 375 eksemplari<\/strong><\/p>\n<p class=\"p1\">Jean-Philippe Richard on loonud Daumile palju \u201ep\u00e2te de cristal\u201c skulptuure \u2013 \u00e4\u00e4rmiselt loomuliku iluga teoseid. \u00d5rn keha, mis uhkelt ja iseseisvalt materjalist v\u00e4lja kerkib, on ajatu naiselikkuse austusavaldus. <\/p>\n","protected":false},"featured_media":18162,"template":"","meta":{"_acf_changed":false},"product_brand":[486],"product_cat":[476,243,238],"product_tag":[],"class_list":{"0":"post-18842","1":"product","2":"type-product","3":"status-publish","4":"has-post-thumbnail","6":"product_brand-daum-et","7":"product_cat-skulptuurid","8":"product_cat-kingitused","9":"product_cat-kodu-kaunistused","10":"nt-post-class","11":"","17":"first","18":"instock","19":"taxable","20":"shipping-taxable","21":"purchasable","22":"product-type-simple"},"acf":[],"_links":{"self":[{"href":"https:\/\/store.astieks.com\/et\/wp-json\/wp\/v2\/product\/18842","targetHints":{"allow":["GET"]}}],"collection":[{"href":"https:\/\/store.astieks.com\/et\/wp-json\/wp\/v2\/product"}],"about":[{"href":"https:\/\/store.astieks.com\/et\/wp-json\/wp\/v2\/types\/product"}],"version-history":[{"count":1,"href":"https:\/\/store.astieks.com\/et\/wp-json\/wp\/v2\/product\/18842\/revisions"}],"predecessor-version":[{"id":19602,"href":"https:\/\/store.astieks.com\/et\/wp-json\/wp\/v2\/product\/18842\/revisions\/19602"}],"wp:featuredmedia":[{"embeddable":true,"href":"https:\/\/store.astieks.com\/et\/wp-json\/wp\/v2\/media\/18162"}],"wp:attachment":[{"href":"https:\/\/store.astieks.com\/et\/wp-json\/wp\/v2\/media?parent=18842"}],"wp:term":[{"taxonomy":"product_brand","embeddable":true,"href":"https:\/\/store.astieks.com\/et\/wp-json\/wp\/v2\/product_brand?post=18842"},{"taxonomy":"product_cat","embeddable":true,"href":"https:\/\/store.astieks.com\/et\/wp-json\/wp\/v2\/product_cat?post=18842"},{"taxonomy":"product_tag","embeddable":true,"href":"https:\/\/store.astieks.com\/et\/wp-json\/wp\/v2\/product_tag?post=18842"}],"curies":[{"name":"wp","href":"https:\/\/api.w.org\/{rel}","templated":true}]}}