{"id":18836,"date":"2025-09-29T14:48:33","date_gmt":"2025-09-29T12:48:33","guid":{"rendered":"https:\/\/store.astieks.com\/product\/daum-butterfly-soliflore-by-hanae-mori\/"},"modified":"2026-02-26T18:16:47","modified_gmt":"2026-02-26T16:16:47","slug":"daum-butterfly-soliflore-by-hanae-mori","status":"publish","type":"product","link":"https:\/\/store.astieks.com\/et\/product\/daum-butterfly-soliflore-by-hanae-mori\/","title":{"rendered":"DAUM Butterfly Soliflore Hanae Morilt"},"content":{"rendered":"","protected":false},"excerpt":{"rendered":"<p class=\"p1\"><strong>Piiratud tiraa\u017e: 75 t\u00fckki<\/strong><\/p>\n<p class=\"p1\">Daumile loob ta Butterfly Soliflore \u2014 lummava skulptuuri, mis \u00fchendab liblika ja kimono, mida r\u00f5hutab liikumise peensus ja kristalli \u00f5rnus.<\/p>\n","protected":false},"featured_media":18210,"template":"","meta":{"_acf_changed":false},"product_brand":[486],"product_cat":[476,243,238,285,283],"product_tag":[],"class_list":{"0":"post-18836","1":"product","2":"type-product","3":"status-publish","4":"has-post-thumbnail","6":"product_brand-daum-et","7":"product_cat-skulptuurid","8":"product_cat-kingitused","9":"product_cat-kodu-kaunistused","10":"product_cat-kristall","11":"product_cat-vaasid","12":"nt-post-class","13":"","19":"first","20":"instock","21":"taxable","22":"shipping-taxable","23":"purchasable","24":"product-type-simple"},"acf":[],"_links":{"self":[{"href":"https:\/\/store.astieks.com\/et\/wp-json\/wp\/v2\/product\/18836","targetHints":{"allow":["GET"]}}],"collection":[{"href":"https:\/\/store.astieks.com\/et\/wp-json\/wp\/v2\/product"}],"about":[{"href":"https:\/\/store.astieks.com\/et\/wp-json\/wp\/v2\/types\/product"}],"version-history":[{"count":1,"href":"https:\/\/store.astieks.com\/et\/wp-json\/wp\/v2\/product\/18836\/revisions"}],"predecessor-version":[{"id":19604,"href":"https:\/\/store.astieks.com\/et\/wp-json\/wp\/v2\/product\/18836\/revisions\/19604"}],"wp:featuredmedia":[{"embeddable":true,"href":"https:\/\/store.astieks.com\/et\/wp-json\/wp\/v2\/media\/18210"}],"wp:attachment":[{"href":"https:\/\/store.astieks.com\/et\/wp-json\/wp\/v2\/media?parent=18836"}],"wp:term":[{"taxonomy":"product_brand","embeddable":true,"href":"https:\/\/store.astieks.com\/et\/wp-json\/wp\/v2\/product_brand?post=18836"},{"taxonomy":"product_cat","embeddable":true,"href":"https:\/\/store.astieks.com\/et\/wp-json\/wp\/v2\/product_cat?post=18836"},{"taxonomy":"product_tag","embeddable":true,"href":"https:\/\/store.astieks.com\/et\/wp-json\/wp\/v2\/product_tag?post=18836"}],"curies":[{"name":"wp","href":"https:\/\/api.w.org\/{rel}","templated":true}]}}