{"id":18791,"date":"2025-09-25T14:52:57","date_gmt":"2025-09-25T12:52:57","guid":{"rendered":"https:\/\/store.astieks.com\/product\/trudon-spella-ambers-many-facets-270-g\/"},"modified":"2025-09-25T14:52:57","modified_gmt":"2025-09-25T12:52:57","slug":"trudon-spella-ambers-many-facets-270-g","status":"publish","type":"product","link":"https:\/\/store.astieks.com\/et\/product\/trudon-spella-ambers-many-facets-270-g\/","title":{"rendered":"TRUDON Spella Amberi mitmek\u00fclgsus 270 g"},"content":{"rendered":"<p>Spella on idamaine, puidune parf\u00fc\u00fcm \u2013 soe merevaigu kontsentraat: puidused ja muskuselised noodid koos roosi ja geraaniumi n\u00fcanssidega toovad esile merevaigu mitmekesise iseloomu.<br \/>Kerge maagia puudutusega kutsub Spella l\u00f5hnak\u00fc\u00fcnal ligi head \u00f5nne: m\u00e4ngus on \u00f5nnetoov Hiina kass, p\u00e4ikeset\u00e4ht, kaitsev vihmavari ja ristikheinaleht \u2013 t\u00f5elised \u00f5nnetalismanid! <\/p>\n<p>Teade: Selleks et k\u00fc\u00fcnlast maksimaalselt r\u00f5\u00f5mu tunda, p\u00f5leta seda seni, kuni kogu k\u00fc\u00fcnla pealispind on sulanud.<br \/>\nKui p\u00f5letad mitu k\u00fc\u00fcnalt korraga, j\u00e4ta iga k\u00fc\u00fcnla vahele v\u00e4hemalt 30 cm vahet.<br \/>\n\u00c4ra j\u00e4ta k\u00fc\u00fcnalt kunagi j\u00e4relevalveta p\u00f5lema. \u00c4ra aseta k\u00fc\u00fcnalt tuulet\u00f5mbusesse. Hoia lastele, lemmikloomadele ja kardinatele k\u00e4ttesaamatus kohas.<br \/>\nKui taht vajab tsentreerimist, reguleeri seda ettevaatlikult sulanud vaha sees, kuni see on \u00f5iges asendis. Lase k\u00fc\u00fcnlal enne uuesti s\u00fc\u00fctamist t\u00e4ielikult taheneda.<br \/>\nKui ilmub musta suitsu, l\u00f5ika tahti l\u00fchemaks. Taht peaks olema alati puhas ja mitte pikem kui 5 mm.<br \/>Kaitse alati pinda, millel k\u00fc\u00fcnal asub (n\u00e4iteks puidust v\u00f5i keraamilise alusega).<br \/>Klaasi kaitsmiseks j\u00e4ta klassikalise suurusega k\u00fc\u00fcnalde puhul alati alles v\u00e4hemalt 0,5 cm sulamata vaha. L\u2019Interm\u00e8de ja La Grande Bougie k\u00fc\u00fcnlad on varustatud tahisummutajaga ja kustuvad automaatselt, kui see muutub n\u00e4htavaks. (J\u00e4ta alati v\u00e4hemalt 3 cm sulamata vaha k\u00fc\u00fcnla p\u00f5hja.)<br \/>Hoia k\u00fc\u00fcnalt kuivas ja m\u00f5\u00f5duka temperatuuriga kohas, temperatuuril 15\u201327 \u00b0C (60\u201380 \u00b0F).<br \/>K\u00fc\u00fcnalt tuleks esmakordselt kasutada kahe kuu jooksul p\u00e4rast selle k\u00e4ttesaamist.      <\/p>\n<p>P\u00f5lemisaeg: 55 kuni 60 tundi<\/p>\n","protected":false},"excerpt":{"rendered":"<p style=\"font-weight: 400;\">Uhke oma ajaloo \u00fcle toob Trudon taas esile kolm s\u00fcmboolset ja k\u00f5rgelt hinnatud aroomi \u2013 Carm\u00e9lite, Empire ja Spella \u2013, t\u00e4histades iga\u00fche ainulaadset iseloomu.<br \/>Koos moodustavad need kolmik kollektsiooni Les Exclusives, mis on saadaval ainult Trudoni butiikides ja veebipoes. <\/p>\n<p style=\"font-weight: 400;\">Oma peente ja \u00e4ratuntavate aroomidega \u00e4ratavad need kolm l\u00f5hnak\u00fc\u00fcnalt taas ellu Maison Trudon\u2019i suurejoonelised klassikud ning kutsuvad nautima Haute Parfumerie\u2019le omaseid \u00fcllaid l\u00f5hnavarjundeid.<\/p>\n<p style=\"font-weight: 400;\">Carm\u00e9lite \u2013 religioossete juurtega puidune aroom, mis kutsub esile samblaste kloostrim\u00fc\u00fcride l\u00f5hna iidse p\u00fchakoja varjus.<br \/>Empire \u2013 revolutsiooniline, aromaatne ja suitsune segu, milles m\u00e4nni, salvei, loorberilehe ja heina nootide kaudu elustub Napoleonlik laagripaik ja selle tuline metsah\u00f5ng.<br \/>Spella \u2013 puidune muskusel\u00f5hn, soe merevaiguline segu, milles peitub maagia ja hea \u00f5nne v\u00e4gi.<\/p>\n<p style=\"font-weight: 400;\">Need kolm ikoonilist l\u00f5hnak\u00fc\u00fcnalt on kaetud eksklusiivse anumaga, mis on k\u00e4sitsi viimistletud kullalehega, kutsudes sind t\u00f5eliselt meeli\u00fclendavale ja unen\u00e4olisele r\u00e4nnakule l\u00e4bi aegade.<\/p>\n<p>Aroomip\u00fcramiid<\/p>\n<p>Algnoodid<br \/>\nMerevaik, seedripuu, geraanium<br \/>\nS\u00fcdame noodid<br \/>\nGaia puu, pat\u0161uli, roos, sandlipuu<br \/>\nBaasi noodid<br \/>\nMerevaik, labdaan, muskus, vanill<\/p>\n","protected":false},"featured_media":17377,"template":"","meta":{"_acf_changed":false},"product_brand":[],"product_cat":[],"product_tag":[],"class_list":{"0":"post-18791","1":"product","2":"type-product","3":"status-publish","4":"has-post-thumbnail","6":"nt-post-class","7":"","13":"first","14":"outofstock","15":"taxable","16":"shipping-taxable","17":"purchasable","18":"product-type-simple"},"acf":[],"_links":{"self":[{"href":"https:\/\/store.astieks.com\/et\/wp-json\/wp\/v2\/product\/18791","targetHints":{"allow":["GET"]}}],"collection":[{"href":"https:\/\/store.astieks.com\/et\/wp-json\/wp\/v2\/product"}],"about":[{"href":"https:\/\/store.astieks.com\/et\/wp-json\/wp\/v2\/types\/product"}],"version-history":[{"count":0,"href":"https:\/\/store.astieks.com\/et\/wp-json\/wp\/v2\/product\/18791\/revisions"}],"wp:featuredmedia":[{"embeddable":true,"href":"https:\/\/store.astieks.com\/et\/wp-json\/wp\/v2\/media\/17377"}],"wp:attachment":[{"href":"https:\/\/store.astieks.com\/et\/wp-json\/wp\/v2\/media?parent=18791"}],"wp:term":[{"taxonomy":"product_brand","embeddable":true,"href":"https:\/\/store.astieks.com\/et\/wp-json\/wp\/v2\/product_brand?post=18791"},{"taxonomy":"product_cat","embeddable":true,"href":"https:\/\/store.astieks.com\/et\/wp-json\/wp\/v2\/product_cat?post=18791"},{"taxonomy":"product_tag","embeddable":true,"href":"https:\/\/store.astieks.com\/et\/wp-json\/wp\/v2\/product_tag?post=18791"}],"curies":[{"name":"wp","href":"https:\/\/api.w.org\/{rel}","templated":true}]}}