{"id":18790,"date":"2025-09-25T12:30:18","date_gmt":"2025-09-25T10:30:18","guid":{"rendered":"https:\/\/store.astieks.com\/product\/trudon-the-diffuser-josephine-floral-garden-300-ml\/"},"modified":"2026-03-07T15:24:18","modified_gmt":"2026-03-07T13:24:18","slug":"trudon-the-diffuser-josephine-floral-garden-300-ml","status":"publish","type":"product","link":"https:\/\/store.astieks.com\/et\/product\/trudon-the-diffuser-josephine-floral-garden-300-ml\/","title":{"rendered":"TRUDON T\u00e4ide Jos\u00e9phine Floral garden 300 ml"},"content":{"rendered":"<p>Kumav koiduvalgus hiilib lillepeenardesse. Peen vari libiseb rooside, jasmiini, kamelliate ja iiriste vahele. Oma \u00f5rna rohen\u00e4pu abil \u00e4ratab ta ellu s\u00e4ravad aroomid aiast, mille saatus on keiserlik.  <\/p>\n","protected":false},"excerpt":{"rendered":"<p>Refill for Le Diffuseur.<\/p>\n<p>Komplekt koosneb 300 ml pudelist, mis sisaldab l\u00f5hna, ning 8 looduslikust mustast rotangipulgast.<\/p>\n<p>T\u00e4idis v\u00f5imaldab 3 kuni 4 kuud passiivset l\u00f5hnastamist.<\/p>\n<div class=\"page-title-wrapper\">\n<p id=\"page-title-heading\" class=\"page-title\" aria-labelledby=\"page-title-heading toolbar-amount\"><strong><span class=\"base\" data-ui-id=\"page-title-wrapper\">Jos\u00e9phine kollektsioon<\/span><\/strong><\/p>\n<\/div>\n<div class=\"category-description\">\n<div data-content-type=\"row\" data-appearance=\"contained\" data-element=\"main\">\n<div data-enable-parallax=\"0\" data-parallax-speed=\"0.5\" data-background-images=\"{}\" data-element=\"inner\">\n<div data-content-type=\"html\" data-appearance=\"default\" data-element=\"main\">\n<p>Kumav koiduvalgus hiilib lillepeenardesse. Peen vari libiseb rooside, jasmiini, kamelliate ja iiriste vahele. Oma \u00f5rna rohen\u00e4pu abil \u00e4ratab ta ellu s\u00e4ravad aroomid aiast, mille saatus on keiserlik.  <\/p>\n<p>L\u00f5hnap\u00fcramiid<\/p>\n<p>Algnoodid<br \/>\nBergamot, kaffirlime, v\u00fcrtsid<br \/>\nS\u00fcdame noodid<br \/>\nHiina kamellia, Egiptuse jasmiin, T\u00fcrgi roos<br \/>\nBaasi noodid<br \/>\nIiris, valged muskuselised noodid, Indoneesia sandlipuu<\/p>\n<\/div>\n<\/div>\n<\/div>\n<\/div>\n","protected":false},"featured_media":17231,"template":"","meta":{"_acf_changed":false},"product_brand":[492],"product_cat":[253,245],"product_tag":[],"class_list":{"0":"post-18790","1":"product","2":"type-product","3":"status-publish","4":"has-post-thumbnail","6":"product_brand-trudon-et","7":"product_cat-difuuserid","8":"product_cat-kodulohnad","9":"nt-post-class","10":"","16":"first","17":"instock","18":"taxable","19":"shipping-taxable","20":"purchasable","21":"product-type-simple"},"acf":[],"_links":{"self":[{"href":"https:\/\/store.astieks.com\/et\/wp-json\/wp\/v2\/product\/18790","targetHints":{"allow":["GET"]}}],"collection":[{"href":"https:\/\/store.astieks.com\/et\/wp-json\/wp\/v2\/product"}],"about":[{"href":"https:\/\/store.astieks.com\/et\/wp-json\/wp\/v2\/types\/product"}],"version-history":[{"count":1,"href":"https:\/\/store.astieks.com\/et\/wp-json\/wp\/v2\/product\/18790\/revisions"}],"predecessor-version":[{"id":19896,"href":"https:\/\/store.astieks.com\/et\/wp-json\/wp\/v2\/product\/18790\/revisions\/19896"}],"wp:featuredmedia":[{"embeddable":true,"href":"https:\/\/store.astieks.com\/et\/wp-json\/wp\/v2\/media\/17231"}],"wp:attachment":[{"href":"https:\/\/store.astieks.com\/et\/wp-json\/wp\/v2\/media?parent=18790"}],"wp:term":[{"taxonomy":"product_brand","embeddable":true,"href":"https:\/\/store.astieks.com\/et\/wp-json\/wp\/v2\/product_brand?post=18790"},{"taxonomy":"product_cat","embeddable":true,"href":"https:\/\/store.astieks.com\/et\/wp-json\/wp\/v2\/product_cat?post=18790"},{"taxonomy":"product_tag","embeddable":true,"href":"https:\/\/store.astieks.com\/et\/wp-json\/wp\/v2\/product_tag?post=18790"}],"curies":[{"name":"wp","href":"https:\/\/api.w.org\/{rel}","templated":true}]}}